{"id":103034,"date":"2020-02-27T18:31:38","date_gmt":"2020-02-27T17:31:38","guid":{"rendered":"https:\/\/lesaintlaurentvape.com\/produit\/ayi-tt7-tt8-tiges-de-cotton-pour-nettoyage-tt7-tt8-en-pack-de-10-cottons-tiges\/"},"modified":"2020-10-31T21:14:34","modified_gmt":"2020-10-31T20:14:34","slug":"ayi-tt7-tt8-tiges-de-cotton-pour-nettoyage-tt7-tt8-en-pack-de-10-cottons-tiges","status":"publish","type":"product","link":"https:\/\/lesaintlaurentvape.com\/en\/produit\/ayi-tt7-tt8-tiges-de-cotton-pour-nettoyage-tt7-tt8-en-pack-de-10-cottons-tiges\/","title":{"rendered":"AYI \u2013 Tiges de coton pour nettoyage TT7\/ TT8 (10 pi\u00e8ces)"},"content":{"rendered":"<p>Conditionnement par 10 coton tiges<\/p>\n<p>Prix de revente conseill\u00e9: 2.00TTC<\/p>\n","protected":false},"excerpt":{"rendered":"<p>Un pack contenant 10 tiges de coton imbib\u00e9s d&#8217;alcool sp\u00e9cialement con\u00e7u pour le nettoyage des appareils TT7 \/ TT8 de la marque AYI.<\/p>\n<p>PVC TTC : 2.00\u20ac<\/p>\n","protected":false},"featured_media":77379,"comment_status":"closed","ping_status":"closed","template":"","meta":[],"marques":[7847],"bundle_layout":"","bundled_by":[],"bundled_items":[],"supplier_id":null,"supplier_sku":"","atum_controlled":true,"out_stock_date":null,"out_stock_threshold":null,"inheritable":false,"inbound_stock":null,"stock_on_hold":0,"sold_today":0,"sales_last_days":0,"reserved_stock":null,"customer_returns":null,"warehouse_damage":null,"lost_in_post":null,"other_logs":null,"out_stock_days":0,"lost_sales":0,"has_location":null,"update_date":"2020-11-02T23:20:44","atum_locations":[],"atum_stock_status":"instock","low_stock":false,"mi_inventories":[832],"multi_inventory":null,"inventory_sorting_mode":null,"inventory_iteration":null,"expirable_inventories":null,"price_per_inventory":null,"_links":{"self":[{"href":"https:\/\/lesaintlaurentvape.com\/en\/wp-json\/wp\/v2\/product\/103034\/"}],"collection":[{"href":"https:\/\/lesaintlaurentvape.com\/en\/wp-json\/wp\/v2\/product\/"}],"about":[{"href":"https:\/\/lesaintlaurentvape.com\/en\/wp-json\/wp\/v2\/types\/product\/"}],"replies":[{"embeddable":true,"href":"https:\/\/lesaintlaurentvape.com\/en\/wp-json\/wp\/v2\/comments\/?post=103034"}],"wp:featuredmedia":[{"embeddable":true,"href":"https:\/\/lesaintlaurentvape.com\/en\/wp-json\/wp\/v2\/media\/77379\/"}],"wp:attachment":[{"href":"https:\/\/lesaintlaurentvape.com\/en\/wp-json\/wp\/v2\/media\/?parent=103034"}],"wp:term":[{"taxonomy":"marques","embeddable":true,"href":"https:\/\/lesaintlaurentvape.com\/en\/wp-json\/wp\/v2\/marques\/?post=103034"}],"curies":[{"name":"wp","href":"https:\/\/api.w.org\/{rel}","templated":true}]}}