{"id":103017,"date":"2020-02-21T12:45:51","date_gmt":"2020-02-21T11:45:51","guid":{"rendered":"https:\/\/lesaintlaurentvape.com\/produit\/starter-pack-justfog-20-boites-de-resistances-q16\/"},"modified":"2020-11-03T17:01:06","modified_gmt":"2020-11-03T16:01:06","slug":"starter-pack-justfog-20-boites-de-resistances-q16","status":"publish","type":"product","link":"https:\/\/lesaintlaurentvape.com\/en\/produit\/starter-pack-justfog-20-boites-de-resistances-q16\/","title":{"rendered":"Starter Pack Justfog \u2013 20 bo\u00eetes de r\u00e9sistances Q16"},"content":{"rendered":"","protected":false},"excerpt":{"rendered":"<p>Un pack de 20 bo\u00eetes de r\u00e9sistances Q16, disponible en 1,2 et 1,6 ohm.<\/p>\n","protected":false},"featured_media":77355,"comment_status":"closed","ping_status":"closed","template":"","meta":[],"marques":[],"bundle_layout":"default","bundled_by":[],"bundled_items":[{"bundled_item_id":19,"product_id":101186,"menu_order":0,"quantity_min":0,"quantity_max":20,"priced_individually":false,"shipped_individually":false,"override_title":true,"title":"R\u00e9sistance Q16","override_description":true,"description":"","optional":false,"hide_thumbnail":false,"discount":"","override_variations":false,"allowed_variations":[],"override_default_variation_attributes":true,"default_variation_attributes":[{"id":0,"name":"Valeur-de-la-resistance","option":"1.2ohm"}],"single_product_visibility":"visible","cart_visibility":"visible","order_visibility":"visible","single_product_price_visibility":"visible","cart_price_visibility":"visible","order_price_visibility":"visible","stock_status":"in_stock"},{"bundled_item_id":20,"product_id":101186,"menu_order":1,"quantity_min":0,"quantity_max":20,"priced_individually":false,"shipped_individually":false,"override_title":true,"title":"R\u00e9sistance Q16","override_description":true,"description":"","optional":false,"hide_thumbnail":false,"discount":"","override_variations":false,"allowed_variations":[],"override_default_variation_attributes":true,"default_variation_attributes":[{"id":0,"name":"Valeur-de-la-resistance","option":"1.6ohm"}],"single_product_visibility":"visible","cart_visibility":"visible","order_visibility":"visible","single_product_price_visibility":"visible","cart_price_visibility":"visible","order_price_visibility":"visible","stock_status":"in_stock"}],"supplier_id":null,"supplier_sku":"","atum_controlled":true,"out_stock_date":null,"out_stock_threshold":null,"inheritable":false,"inbound_stock":null,"stock_on_hold":null,"sold_today":null,"sales_last_days":null,"reserved_stock":null,"customer_returns":null,"warehouse_damage":null,"lost_in_post":null,"other_logs":null,"out_stock_days":null,"lost_sales":null,"has_location":null,"update_date":null,"atum_locations":[],"atum_stock_status":"instock","low_stock":false,"mi_inventories":[2347],"multi_inventory":null,"inventory_sorting_mode":null,"inventory_iteration":null,"expirable_inventories":null,"price_per_inventory":null,"_links":{"self":[{"href":"https:\/\/lesaintlaurentvape.com\/en\/wp-json\/wp\/v2\/product\/103017\/"}],"collection":[{"href":"https:\/\/lesaintlaurentvape.com\/en\/wp-json\/wp\/v2\/product\/"}],"about":[{"href":"https:\/\/lesaintlaurentvape.com\/en\/wp-json\/wp\/v2\/types\/product\/"}],"replies":[{"embeddable":true,"href":"https:\/\/lesaintlaurentvape.com\/en\/wp-json\/wp\/v2\/comments\/?post=103017"}],"wp:featuredmedia":[{"embeddable":true,"href":"https:\/\/lesaintlaurentvape.com\/en\/wp-json\/wp\/v2\/media\/77355\/"}],"wp:attachment":[{"href":"https:\/\/lesaintlaurentvape.com\/en\/wp-json\/wp\/v2\/media\/?parent=103017"}],"wp:term":[{"taxonomy":"marques","embeddable":true,"href":"https:\/\/lesaintlaurentvape.com\/en\/wp-json\/wp\/v2\/marques\/?post=103017"}],"curies":[{"name":"wp","href":"https:\/\/api.w.org\/{rel}","templated":true}]}}