{"id":102962,"date":"2020-01-22T13:49:15","date_gmt":"2020-01-22T12:49:15","guid":{"rendered":"https:\/\/lesaintlaurentvape.com\/produit\/innokin-kroma-r-zlide\/"},"modified":"2020-10-31T21:13:13","modified_gmt":"2020-10-31T20:13:13","slug":"innokin-kroma-r-zlide","status":"publish","type":"product","link":"https:\/\/lesaintlaurentvape.com\/en\/produit\/innokin-kroma-r-zlide\/","title":{"rendered":"Innokin Kroma R Zlide Kit"},"content":{"rendered":"<p style=\"text-align: center;\"><span style=\"text-decoration: underline; font-family: 'times new roman', times, serif; font-size: 24pt;\"><strong>Description<\/strong><\/span><\/p>\n<p><span style=\"font-family: 'times new roman', times, serif;\"><img loading=\"lazy\" class=\"aligncenter size-full wp-image-26242\" src=\"https:\/\/dscvape.fr\/wp-content\/uploads\/2020\/01\/Kroma-R-Zlide-desc.png\" alt=\"\" width=\"775\" height=\"688\" \/><\/span><\/p>\n<p style=\"text-align: center;\"><span style=\"text-decoration: underline; font-family: 'times new roman', times, serif; font-size: 14pt;\"><strong>Zlide Tank<\/strong><\/span><\/p>\n<p style=\"text-align: center;\"><span style=\"font-family: 'times new roman', times, serif;\">Un clearomiseur MTL, compatible avec les r\u00e9sistances de la Z\u00e9nith, les Plexus Z pour retrouver tout le plaisir de la vape en tirage serr\u00e9. <\/span><\/p>\n<p style=\"text-align: center;\"><span style=\"font-family: 'times new roman', times, serif;\">Innokin sort sa nouvelle r\u00e9sistance Z-PLEX3D en 0.48 ohm pour satisfaire tous les vapoteurs.<\/span><\/p>\n<p>&nbsp;<\/p>\n<p style=\"text-align: center;\"><strong><span style=\"text-decoration: underline; font-family: 'times new roman', times, serif; font-size: 14pt;\">Un remplissage simple et s\u00e9curis\u00e9<\/span><\/strong><\/p>\n<p style=\"text-align: center;\"><span style=\"font-family: 'times new roman', times, serif;\">Innokin change son syst\u00e8me de remplissage pour un syst\u00e8me simple mais plus s\u00e9curis\u00e9 vis \u00e0 vis des enfants et ainsi \u00e9vit\u00e9 tout incident. Pour remplir votre clearomiseur, il vous suffit de :<\/span><\/p>\n<ol>\n<li><span style=\"font-family: 'times new roman', times, serif;\">Retirer le drip tip<\/span><\/li>\n<li><span style=\"font-family: 'times new roman', times, serif;\">Faire glisser en poussant dans la direction des fl\u00e8ches pr\u00e9sentes sur la partie coulissante<\/span><\/li>\n<li><span style=\"font-family: 'times new roman', times, serif;\">Remplir votre clearomiseur de liquide<\/span><\/li>\n<li><span style=\"font-family: 'times new roman', times, serif;\">Refermer en poussant dans l&#8217;autre direction la partie coulissante<\/span><\/li>\n<li><span style=\"font-family: 'times new roman', times, serif;\">Replacer votre drip tip pour ainsi bloquer la partie coulissante du syst\u00e8me<\/span><\/li>\n<\/ol>\n<p><span style=\"font-family: 'times new roman', times, serif;\"><img loading=\"lazy\" class=\"aligncenter wp-image-26240\" src=\"https:\/\/dscvape.fr\/wp-content\/uploads\/2019\/08\/Kroma-R-Zlide-remplissage-2.png\" alt=\"\" width=\"384\" height=\"500\" \/><\/span><\/p>\n<p style=\"text-align: center;\"><span style=\"font-family: 'times new roman', times, serif;\">Attention, peu importe l\u2019appareil, il est tr\u00e8s important de faire l\u2019amor\u00e7age de la r\u00e9sistance. <\/span><\/p>\n<p style=\"text-align: center;\"><span style=\"font-family: 'times new roman', times, serif;\">Rappel : Etant donn\u00e9 qu\u2019une r\u00e9sistance est compos\u00e9e de coton, lors de la premi\u00e8re utilisation (ou lorsque vous changez de r\u00e9sistance) celle-ci est compl\u00e8tement sec. Il faut donc laisser baigner la r\u00e9sistance dans le liquide apr\u00e8s le remplissage plusieurs minutes (environ 10-15min) pour \u00e9viter que celle-ci ne br\u00fble pr\u00e9matur\u00e9ment n\u2019\u00e9tant pas imbib\u00e9e de liquide lors que l\u2019appareil la chauffe<\/span><\/p>\n<p>&nbsp;<\/p>\n<p style=\"text-align: center;\"><strong><span style=\"text-decoration: underline; font-family: 'times new roman', times, serif; font-size: 14pt;\">Changer la r\u00e9sistance<\/span><\/strong><\/p>\n<p><span style=\"font-family: 'times new roman', times, serif;\"><img loading=\"lazy\" class=\"alignnone wp-image-35038 aligncenter\" src=\"https:\/\/dscvape.com\/wp-content\/uploads\/2020\/06\/Clearomiseur-Zlide.png\" alt=\"\" width=\"653\" height=\"350\" \/><\/span><\/p>\n<p><span style=\"font-family: 'times new roman', times, serif;\">Pour la Zlide, Innokin utilise les r\u00e9sistances Plexus Z de la Z\u00e9nith que vous connaissez en plus de sa nouvelle r\u00e9sistance Z-PLEX3D pour pouvoir \u00eatre utilis\u00e9e par tous. Le syst\u00e8me de changement de r\u00e9sistance est identique au clearomsieur Zenith:<\/span><\/p>\n<ol>\n<li><span style=\"font-family: 'times new roman', times, serif;\">D\u00e9visser le bottom cap<\/span><\/li>\n<li><span style=\"font-family: 'times new roman', times, serif;\">Retirer la r\u00e9sistance us\u00e9e \u00e0 l&#8217;aide du pas de vis<\/span><\/li>\n<li><span style=\"font-family: 'times new roman', times, serif;\">Ins\u00e9rer une nouvelle r\u00e9sistance de sorte \u00e0 ce qu&#8217;elle soit parfaitement embo\u00eet\u00e9e au clearomiseur<\/span><\/li>\n<li><span style=\"font-family: 'times new roman', times, serif;\">Visser le bottom cap du clearomiseur (N&#8217;oublier pas d&#8217;attendre 10 \u00e0 15 minutes avant de vaper avec une nouvelle r\u00e9sistance)<\/span><\/li>\n<\/ol>\n<p style=\"text-align: center;\"><span style=\"font-family: 'times new roman', times, serif;\"><strong><span style=\"text-decoration: underline;\">Kroma-R<\/span><\/strong><\/span><\/p>\n<p style=\"text-align: center;\"><span style=\"font-family: 'times new roman', times, serif;\">Une box compacte avec une bonne tenue en main. \u00c9quip\u00e9e d&#8217;un \u00e9cran OLED, sur lequel vous pouvez voir toutes les informations sur votre vape (puissance utilis\u00e9e en fonction du mode de r\u00e9glage, la valeur de la r\u00e9sistance, le nombre de bouff\u00e9es, la dur\u00e9e d&#8217;une bouff\u00e9e &#8230;).<\/span><\/p>\n<p><span style=\"font-family: 'times new roman', times, serif;\"><img loading=\"lazy\" class=\"aligncenter wp-image-26249 size-medium\" src=\"https:\/\/dscvape.fr\/wp-content\/uploads\/2020\/01\/Kroma-R-Zlide-ecran-300x290.png\" alt=\"\" width=\"300\" height=\"290\" \/><\/span><\/p>\n<p style=\"text-align: center;\"><span style=\"font-family: 'times new roman', times, serif;\">Intuitif: r\u00e9gler votre appareil avec les bouton + et &#8211; pour augmenter ou diminuer la puissance. Rentrer dans le menu en appuyant sur le bouton + et &#8211; en m\u00eame temps pour d\u00e9couvrir les multitudes\u00a0 modes de r\u00e9glages propos\u00e9s par l&#8217;appareil. Vous y trouverez les modes les plus utilis\u00e9s comme le VW (Watt), VV (Volt) ou encore le mode Bypass. Vous avez votre r\u00e9glage qui vous convient ? Bloquez les r\u00e9glages avec le bouton &#8211; et le bouton Fire.<\/span><\/p>\n<p style=\"text-align: center;\"><span style=\"font-family: 'times new roman', times, serif;\"><b>Attention, un accu est n\u00e9cessaire au fonctionnement de la Kroma-R (accu non fourni avec le kit)<\/b><\/span><\/p>\n<p>&nbsp;<\/p>\n<p>&nbsp;<\/p>\n","protected":false},"excerpt":{"rendered":"<p>Pour ce d\u00e9but d&#8217;ann\u00e9e 2020, Innokin nous impressionne avec son kit Kroma-R Zlide. Un petit bijou pour plaire \u00e0 tout le monde, d\u00e9butant ou expert. De simples r\u00e9glages intuitifs en Watts pour les primo-vapoteurs ou des modes de r\u00e9glages plus complexes comme le mode Bypass pour les plus exp\u00e9riment\u00e9s.<\/p>\n<p>Un accu de type 18650 (non fourni avec le kit) devra \u00eatre utilis\u00e9 avec le kit.<\/p>\n<p>Prix de vente minimum conseill\u00e9 en magasin physique: 64.90\u20acTTC (prix donn\u00e9 par le fabricant INNOKIN)<\/p>\n<p><a href=\"https:\/\/dscvape.com\/wp-content\/uploads\/2020\/01\/Innokin-Kroma-R-Zlide-Kit.pdf\">Innokin Kroma R Zlide Kit<\/a><\/p>\n","protected":false},"featured_media":77315,"comment_status":"closed","ping_status":"closed","template":"","meta":[],"marques":[7484],"bundle_layout":"","bundled_by":[],"bundled_items":[],"supplier_id":null,"supplier_sku":"","atum_controlled":true,"out_stock_date":null,"out_stock_threshold":null,"inheritable":false,"inbound_stock":null,"stock_on_hold":null,"sold_today":null,"sales_last_days":null,"reserved_stock":null,"customer_returns":null,"warehouse_damage":null,"lost_in_post":null,"other_logs":null,"out_stock_days":null,"lost_sales":null,"has_location":null,"update_date":null,"atum_locations":[],"atum_stock_status":"instock","low_stock":false,"mi_inventories":[],"multi_inventory":null,"inventory_sorting_mode":null,"inventory_iteration":null,"expirable_inventories":null,"price_per_inventory":null,"_links":{"self":[{"href":"https:\/\/lesaintlaurentvape.com\/en\/wp-json\/wp\/v2\/product\/102962\/"}],"collection":[{"href":"https:\/\/lesaintlaurentvape.com\/en\/wp-json\/wp\/v2\/product\/"}],"about":[{"href":"https:\/\/lesaintlaurentvape.com\/en\/wp-json\/wp\/v2\/types\/product\/"}],"replies":[{"embeddable":true,"href":"https:\/\/lesaintlaurentvape.com\/en\/wp-json\/wp\/v2\/comments\/?post=102962"}],"wp:featuredmedia":[{"embeddable":true,"href":"https:\/\/lesaintlaurentvape.com\/en\/wp-json\/wp\/v2\/media\/77315\/"}],"wp:attachment":[{"href":"https:\/\/lesaintlaurentvape.com\/en\/wp-json\/wp\/v2\/media\/?parent=102962"}],"wp:term":[{"taxonomy":"marques","embeddable":true,"href":"https:\/\/lesaintlaurentvape.com\/en\/wp-json\/wp\/v2\/marques\/?post=102962"}],"curies":[{"name":"wp","href":"https:\/\/api.w.org\/{rel}","templated":true}]}}