{"id":102954,"date":"2020-01-21T11:29:39","date_gmt":"2020-01-21T10:29:39","guid":{"rendered":"https:\/\/lesaintlaurentvape.com\/produit\/innokin-podin-kit\/"},"modified":"2020-10-31T21:13:02","modified_gmt":"2020-10-31T20:13:02","slug":"innokin-podin-kit","status":"publish","type":"product","link":"https:\/\/lesaintlaurentvape.com\/en\/produit\/innokin-podin-kit\/","title":{"rendered":"Innokin &#8211; Podin Kit"},"content":{"rendered":"<p style=\"text-align: center;\"><strong><span style=\"text-decoration: underline;\">Description<\/span><\/strong><\/p>\n<p><img loading=\"lazy\" class=\"aligncenter size-full wp-image-26053\" src=\"https:\/\/dscvape.fr\/wp-content\/uploads\/2020\/01\/Podin-Desc.png\" alt=\"\" width=\"1153\" height=\"689\" \/><\/p>\n<p style=\"text-align: center;\"><strong><span style=\"text-decoration: underline;\">Podin Pod<\/span><\/strong><\/p>\n<p style=\"text-align: center;\">Petit pod avec une capacit\u00e9 incroyable de 2 mL pour sa petite taille. Rarement pr\u00e9sent sur les pods, un airflow r\u00e9glable se trouve sur le bas du pod pour r\u00e9gler le tirage. Remplissez votre pod en soulevant la languette bleu au niveau de la fl\u00e8che.<\/p>\n<p style=\"text-align: center;\"><strong>Changement de la r\u00e9sistance:<\/strong><\/p>\n<ol>\n<li>Retirez votre pod de l&#8217;appareil \u00e0 l&#8217;aide du bouton de d\u00e9verrouillage<\/li>\n<li>D\u00e9vissez le bottom cap en suivant les fl\u00e8ches indiqu\u00e9es, retournez votre pod s&#8217;il vous reste du liquide dans votre r\u00e9servoir<\/li>\n<li>D\u00e9vissez la r\u00e9sistance us\u00e9e puis installez en une nouvelle<\/li>\n<li>Refermez votre Pod<\/li>\n<\/ol>\n<p><img loading=\"lazy\" class=\"aligncenter size-full wp-image-26058\" src=\"https:\/\/dscvape.fr\/wp-content\/uploads\/2020\/01\/Podin-Changement-r\u00e9sistance-2.png\" alt=\"\" width=\"707\" height=\"361\" \/><\/p>\n<p>&nbsp;<\/p>\n<p style=\"text-align: center;\"><span style=\"text-decoration: underline;\"><strong>Podin Box<\/strong><\/span><\/p>\n<p style=\"text-align: center;\">Une petite box \u00e0 la forme arrondie pour un format compact de poche. Malgr\u00e9 une petite taille, elle est accompagn\u00e9e d&#8217;une batterie de 800 mAh pour vapoter toute la journ\u00e9e. Retrouvez 4 LED sous le bouton Fire de l&#8217;appareil vous\u00a0 indiquant le niveau de charge ainsi que la puissance sur laquelle l&#8217;appareil est r\u00e9gl\u00e9.<\/p>\n<p style=\"text-align: center;\"><strong>Niveau de charge :<\/strong><\/p>\n<p><img loading=\"lazy\" class=\"aligncenter size-full wp-image-26059\" src=\"https:\/\/dscvape.fr\/wp-content\/uploads\/2020\/01\/Podin-niveaux-de-charge.png\" alt=\"\" width=\"454\" height=\"288\" \/><\/p>\n<p style=\"text-align: center;\"><strong>Puissance :<\/strong><\/p>\n<p><img loading=\"lazy\" class=\"aligncenter size-full wp-image-26060\" src=\"https:\/\/dscvape.fr\/wp-content\/uploads\/2020\/01\/Podin-niveaux-de-Puissance.png\" alt=\"\" width=\"454\" height=\"288\" \/><\/p>\n<ol>\n<li>\u00c9teignez votre appareil pour changer de puissance<\/li>\n<li>Restez appuyer sur le bouton fire pour passer de l&#8217;un \u00e0 l&#8217;autre<\/li>\n<\/ol>\n<p>&nbsp;<\/p>\n<p>&nbsp;<\/p>\n","protected":false},"excerpt":{"rendered":"<p>Un nouvel appareil au format de poche. De petite taille avec des finitions arrondies, elle vous procure une tr\u00e8s bonne sensation une fois en main. Retrouvez une batterie int\u00e9gr\u00e9e de 800 mAh et un pod d&#8217;une capacit\u00e9 de 2 mL pour vapoter tout au long de la journ\u00e9e. Transportez-le dans votre poche, votre sac ou autour du cou avec la lani\u00e8re fournies avec le kit qui fait office de chargeur !<\/p>\n<p>Prix de vente minimum conseill\u00e9 en magasin physique: 39.90\u20acTTC (prix donn\u00e9 par le fabricant INNOKIN)<\/p>\n<p><a href=\"https:\/\/dscvape.com\/wp-content\/uploads\/2020\/01\/Innokin-\u2013-Podin-Kit-1.pdf\">Innokin \u2013 Podin Kit<\/a><\/p>\n","protected":false},"featured_media":77301,"comment_status":"closed","ping_status":"closed","template":"","meta":[],"marques":[7484],"bundle_layout":"","bundled_by":[],"bundled_items":[],"supplier_id":null,"supplier_sku":"","atum_controlled":true,"out_stock_date":null,"out_stock_threshold":null,"inheritable":false,"inbound_stock":null,"stock_on_hold":null,"sold_today":null,"sales_last_days":null,"reserved_stock":null,"customer_returns":null,"warehouse_damage":null,"lost_in_post":null,"other_logs":null,"out_stock_days":null,"lost_sales":null,"has_location":null,"update_date":null,"atum_locations":[],"atum_stock_status":"instock","low_stock":false,"mi_inventories":[],"multi_inventory":null,"inventory_sorting_mode":null,"inventory_iteration":null,"expirable_inventories":null,"price_per_inventory":null,"_links":{"self":[{"href":"https:\/\/lesaintlaurentvape.com\/en\/wp-json\/wp\/v2\/product\/102954\/"}],"collection":[{"href":"https:\/\/lesaintlaurentvape.com\/en\/wp-json\/wp\/v2\/product\/"}],"about":[{"href":"https:\/\/lesaintlaurentvape.com\/en\/wp-json\/wp\/v2\/types\/product\/"}],"replies":[{"embeddable":true,"href":"https:\/\/lesaintlaurentvape.com\/en\/wp-json\/wp\/v2\/comments\/?post=102954"}],"wp:featuredmedia":[{"embeddable":true,"href":"https:\/\/lesaintlaurentvape.com\/en\/wp-json\/wp\/v2\/media\/77301\/"}],"wp:attachment":[{"href":"https:\/\/lesaintlaurentvape.com\/en\/wp-json\/wp\/v2\/media\/?parent=102954"}],"wp:term":[{"taxonomy":"marques","embeddable":true,"href":"https:\/\/lesaintlaurentvape.com\/en\/wp-json\/wp\/v2\/marques\/?post=102954"}],"curies":[{"name":"wp","href":"https:\/\/api.w.org\/{rel}","templated":true}]}}