{"id":102939,"date":"2019-12-27T16:22:29","date_gmt":"2019-12-27T15:22:29","guid":{"rendered":"https:\/\/lesaintlaurentvape.com\/produit\/vaporesso-swag-2-kit\/"},"modified":"2020-10-31T21:21:28","modified_gmt":"2020-10-31T20:21:28","slug":"vaporesso-swag-2-kit","status":"publish","type":"product","link":"https:\/\/lesaintlaurentvape.com\/en\/produit\/vaporesso-swag-2-kit\/","title":{"rendered":"Vaporesso &#8211; Swag 2 Kit"},"content":{"rendered":"<p style=\"text-align: center;\"><strong><span style=\"text-decoration: underline;\">Description<\/span><\/strong><\/p>\n<p><img loading=\"lazy\" class=\"aligncenter wp-image-24964 size-large\" src=\"https:\/\/dscvape.fr\/wp-content\/uploads\/2019\/12\/Swag-2-Desc-1024x469.png\" alt=\"\" width=\"1024\" height=\"469\" \/><\/p>\n<p style=\"text-align: center;\"><strong><u>NRG PE Tank<\/u><\/strong><\/p>\n<p style=\"text-align: center;\">Vaporesso propose avec son clearomiseur DL une mani\u00e8re de remplir toujours plus simple pour am\u00e9liorer votre exp\u00e9rience de vape au quotidien. En effet, le remplissage du NRG PE Tank se fait en faisant coulisser le top cap. Ce dernier laisse appara\u00eetre un orifice d\u00e9di\u00e9 au remplissage. Vous allez pouvoir remplir votre r\u00e9servoir sans vous en mettre plein les mains ou craindre des fuites. Trouvez la petite fl\u00e8che et poussez tout simplement.<\/p>\n<p>&nbsp;<\/p>\n<p><img loading=\"lazy\" class=\"aligncenter size-full wp-image-24460\" src=\"https:\/\/dscvape.fr\/wp-content\/uploads\/2019\/12\/NRG-PE-Ouverture.png\" alt=\"\" width=\"341\" height=\"384\" \/><\/p>\n<p style=\"text-align: center;\">Une grande gamme de r\u00e9sistances pour choisir la vape qui vous convient en plus d&#8217;un syst\u00e8me \u00e0 double airflow au niveau du bottom cap pour un meilleur contr\u00f4le.<\/p>\n<p><img loading=\"lazy\" class=\"aligncenter wp-image-3733 size-large\" src=\"https:\/\/dscvape.fr\/wp-content\/uploads\/2018\/11\/GT-CoreCOIL-1024x320.png\" alt=\"Vaporesso NRG\" width=\"1024\" height=\"320\" \/><\/p>\n<p style=\"text-align: center;\">Pour changer de r\u00e9sistance sur votre NRG PE tank d\u00e9visser le top cap avec le pyrex puis retirer la r\u00e9sistance pour en installer une nouvelle.<\/p>\n<p style=\"text-align: center;\"><strong><span style=\"text-decoration: underline;\">Swag 2 Mod<\/span><\/strong><\/p>\n<p style=\"text-align: center;\">A la texture agr\u00e9able et aux formes qui \u00e9pouse la forme de la main, elle vous offre une bonne tenue en main agr\u00e9able en plus d\u2019\u00eatre l\u00e9g\u00e8re. \u00c9quip\u00e9 d&#8217;un \u00e9cran OLED 0.91&#8243; et de son Chipset Axon, r\u00e9gler votre appareil avec les diff\u00e9rents modes de r\u00e9glages propos\u00e9s :<\/p>\n<ul>\n<li style=\"text-align: left;\">VW : mode de r\u00e9glage en puissance jusqu&#8217;\u00e0 80 W<\/li>\n<li>VV : mode de r\u00e9glage en volt jusqu&#8217;\u00e0 9 V<\/li>\n<li>VT : mode de contr\u00f4le de temp\u00e9rature<\/li>\n<li>CC : Mode curve (watt, volt, temp\u00e9rature)<\/li>\n<\/ul>\n<p style=\"text-align: center;\">Pour acc\u00e9der au menu, il vous suffit de rester appuyer sur le bouton de r\u00e9glage \u00e0 c\u00f4t\u00e9 de l&#8217;\u00e9cran.<\/p>\n<p>&nbsp;<\/p>\n<p>&nbsp;<\/p>\n","protected":false},"excerpt":{"rendered":"<p>Vaporesso offre un nouveau look \u00e0 la Swag avec des nouveaux mat\u00e9riaux pour un produits plus l\u00e9g\u00e8re. La box s&#8217;utilise avec un accu 18650 vendue s\u00e9par\u00e9ment.Accompagn\u00e9 de son petit \u00e9cran oled de 0.91 &#8221; r\u00e9gler votre appareils jusqu&#8217;\u00e0 80 W puissance maximal ou essayer les diff\u00e9rents modes propos\u00e9s (VW, VV, VT, CC). Le tank s&#8217;offre \u00e9galement un nouveau look, un nouveau design pour la tr\u00e8s connue NRG Tank de Vaporesso.<\/p>\n<p>PVC TTC : 49.90\u20ac<\/p>\n<p><a href=\"https:\/\/dscvape.fr\/wp-content\/uploads\/2019\/12\/Aide-\u00e0-la-vente-Vaporesso-SWAG-II.pdf\">T\u00e9l\u00e9chargez-moi pour une aide \u00e0 la vente Vaporesso SWAG II<\/a><\/p>\n<p>&nbsp;<\/p>\n","protected":false},"featured_media":77269,"comment_status":"closed","ping_status":"closed","template":"","meta":[],"marques":[7545],"bundle_layout":"","bundled_by":[],"bundled_items":[],"supplier_id":null,"supplier_sku":"","atum_controlled":true,"out_stock_date":"2020-10-31T19:12:28","out_stock_threshold":null,"inheritable":false,"inbound_stock":null,"stock_on_hold":0,"sold_today":0,"sales_last_days":0,"reserved_stock":null,"customer_returns":null,"warehouse_damage":null,"lost_in_post":null,"other_logs":null,"out_stock_days":2003,"lost_sales":0,"has_location":null,"update_date":"2026-04-26T23:01:27","atum_locations":[],"atum_stock_status":"outofstock","low_stock":false,"mi_inventories":[],"multi_inventory":null,"inventory_sorting_mode":null,"inventory_iteration":null,"expirable_inventories":null,"price_per_inventory":null,"_links":{"self":[{"href":"https:\/\/lesaintlaurentvape.com\/en\/wp-json\/wp\/v2\/product\/102939\/"}],"collection":[{"href":"https:\/\/lesaintlaurentvape.com\/en\/wp-json\/wp\/v2\/product\/"}],"about":[{"href":"https:\/\/lesaintlaurentvape.com\/en\/wp-json\/wp\/v2\/types\/product\/"}],"replies":[{"embeddable":true,"href":"https:\/\/lesaintlaurentvape.com\/en\/wp-json\/wp\/v2\/comments\/?post=102939"}],"wp:featuredmedia":[{"embeddable":true,"href":"https:\/\/lesaintlaurentvape.com\/en\/wp-json\/wp\/v2\/media\/77269\/"}],"wp:attachment":[{"href":"https:\/\/lesaintlaurentvape.com\/en\/wp-json\/wp\/v2\/media\/?parent=102939"}],"wp:term":[{"taxonomy":"marques","embeddable":true,"href":"https:\/\/lesaintlaurentvape.com\/en\/wp-json\/wp\/v2\/marques\/?post=102939"}],"curies":[{"name":"wp","href":"https:\/\/api.w.org\/{rel}","templated":true}]}}