{"id":102934,"date":"2019-12-27T15:58:23","date_gmt":"2019-12-27T14:58:23","guid":{"rendered":"https:\/\/lesaintlaurentvape.com\/produit\/vaptio-tyro-nano-kit\/"},"modified":"2020-10-31T21:12:28","modified_gmt":"2020-10-31T20:12:28","slug":"vaptio-tyro-nano-kit","status":"publish","type":"product","link":"https:\/\/lesaintlaurentvape.com\/en\/produit\/vaptio-tyro-nano-kit\/","title":{"rendered":"Vaptio &#8211; Tyro nano Kit"},"content":{"rendered":"<p style=\"text-align: center;\"><strong><span style=\"text-decoration: underline;\">Description<\/span><\/strong><\/p>\n<p><img loading=\"lazy\" class=\"aligncenter wp-image-24952 size-full\" src=\"https:\/\/dscvape.fr\/wp-content\/uploads\/2019\/12\/Tyro-Nano-desc.png\" alt=\"\" width=\"800\" height=\"592\" \/><\/p>\n<p style=\"text-align: center;\">Un petit appareil Aio discret qui se range partout, dans la poche ou dans le sac. Sans r\u00e9glage de puissance ou d&#8217;airflow elle convient parfaitement aux d\u00e9butants dans la vape. Etant \u00e9galement compatible avec les r\u00e9sistances BVC Nautilus, elle vous permet de passer \u00e0 un tirage serr\u00e9 \u00e0 un tirage a\u00e9rien ou vice-versa en changeant de r\u00e9sistance.\u00a0 Pour changer de r\u00e9sistance d\u00e9visser l&#8217;atomiseur\u00a0 puis d\u00e9visser la r\u00e9sistance de la box et r\u00e9installer en une nouvelle. N&#8217;oublier pas de retourner votre appareil si il reste du liquide dans le tank lorsque vous changer de r\u00e9sistance.<\/p>\n<p style=\"text-align: center;\">Remplir votre appareil de liquide est tout aussi simple que tous les appareils de la marque :<\/p>\n<ol>\n<li>D\u00e9visser de top cap<\/li>\n<li>Remplir de liquide le r\u00e9servoir via l&#8217;une des deux orifices<\/li>\n<li>Refermer l&#8217;atomiseur<\/li>\n<\/ol>\n<p><img loading=\"lazy\" class=\"aligncenter size-full wp-image-24954\" src=\"https:\/\/dscvape.fr\/wp-content\/uploads\/2019\/12\/Tyro-nano-remplissage.png\" alt=\"\" width=\"1068\" height=\"757\" \/><\/p>\n","protected":false},"excerpt":{"rendered":"<p>La tyro nano est un kit aio petit format sans pour autant d\u00e9laisser les performances de l&#8217;appareils avec un r\u00e9servoir de 2 mL et une batterie int\u00e9gr\u00e9e de 900 mAh. Compatible avec les r\u00e9sistances BVC Nautilus en plus des r\u00e9sistances cosmo, varier entre MTL et DL en changeant la r\u00e9sistances.<\/p>\n<p>Un petit appareil Aio pour bien commencer la vape.<\/p>\n<p>PVC TTC : 24.90\u20ac<\/p>\n<p><a href=\"https:\/\/dscvape.fr\/wp-content\/uploads\/2019\/12\/Aide-\u00e0-la-vente-Vaptio-Tyno-Nano.pdf\">Aide \u00e0 la vente Vaptio &#8211; Tyno Nano<\/a><\/p>\n","protected":false},"featured_media":77259,"comment_status":"closed","ping_status":"closed","template":"","meta":[],"marques":[7866],"bundle_layout":"","bundled_by":[],"bundled_items":[],"supplier_id":null,"supplier_sku":"","atum_controlled":true,"out_stock_date":null,"out_stock_threshold":null,"inheritable":false,"inbound_stock":null,"stock_on_hold":null,"sold_today":null,"sales_last_days":null,"reserved_stock":null,"customer_returns":null,"warehouse_damage":null,"lost_in_post":null,"other_logs":null,"out_stock_days":null,"lost_sales":null,"has_location":null,"update_date":null,"atum_locations":[],"atum_stock_status":"instock","low_stock":false,"mi_inventories":[],"multi_inventory":null,"inventory_sorting_mode":null,"inventory_iteration":null,"expirable_inventories":null,"price_per_inventory":null,"_links":{"self":[{"href":"https:\/\/lesaintlaurentvape.com\/en\/wp-json\/wp\/v2\/product\/102934\/"}],"collection":[{"href":"https:\/\/lesaintlaurentvape.com\/en\/wp-json\/wp\/v2\/product\/"}],"about":[{"href":"https:\/\/lesaintlaurentvape.com\/en\/wp-json\/wp\/v2\/types\/product\/"}],"replies":[{"embeddable":true,"href":"https:\/\/lesaintlaurentvape.com\/en\/wp-json\/wp\/v2\/comments\/?post=102934"}],"wp:featuredmedia":[{"embeddable":true,"href":"https:\/\/lesaintlaurentvape.com\/en\/wp-json\/wp\/v2\/media\/77259\/"}],"wp:attachment":[{"href":"https:\/\/lesaintlaurentvape.com\/en\/wp-json\/wp\/v2\/media\/?parent=102934"}],"wp:term":[{"taxonomy":"marques","embeddable":true,"href":"https:\/\/lesaintlaurentvape.com\/en\/wp-json\/wp\/v2\/marques\/?post=102934"}],"curies":[{"name":"wp","href":"https:\/\/api.w.org\/{rel}","templated":true}]}}