{"id":102930,"date":"2019-12-27T15:01:28","date_gmt":"2019-12-27T14:01:28","guid":{"rendered":"https:\/\/lesaintlaurentvape.com\/produit\/voopoo-vinci-r-kit\/"},"modified":"2020-10-31T21:12:18","modified_gmt":"2020-10-31T20:12:18","slug":"voopoo-vinci-r-kit","status":"publish","type":"product","link":"https:\/\/lesaintlaurentvape.com\/en\/produit\/voopoo-vinci-r-kit\/","title":{"rendered":"Voopoo &#8211; Vinci R Kit"},"content":{"rendered":"<p style=\"text-align: center;\"><span style=\"text-decoration: underline; font-size: 24pt;\"><strong>Description<\/strong><\/span><\/p>\n<p><img loading=\"lazy\" class=\"aligncenter wp-image-24940 size-large\" src=\"https:\/\/dscvape.fr\/wp-content\/uploads\/2019\/12\/Vinci-R-desc-1024x719.png\" alt=\"\" width=\"1024\" height=\"719\" \/><\/p>\n<p style=\"text-align: center;\"><strong><span style=\"text-decoration: underline;\">Cartouche Vinci R<\/span><\/strong><\/p>\n<p>Un grand r\u00e9servoir de 5.5 mL pour un appareil compact pour vaper sans prise de t\u00eate. Pour s&#8217;adapter \u00e0 tous types de client\u00e8les, Voopoo vous propose diff\u00e9rentes r\u00e9sistances PnP pour de la vape a\u00e9rienne et serr\u00e9e. Vous trouverez dans le kit deux r\u00e9sistances :<\/p>\n<ul>\n<li>PnP R1 0.8 \u03a9 pour un tirage serr\u00e9<\/li>\n<li>PnP Vm-1 0.3 \u03a9 pour un tirage a\u00e9rien<\/li>\n<\/ul>\n<p style=\"text-align: center;\"><span style=\"text-decoration: underline;\"><strong>Un airflow r\u00e9glable<\/strong><\/span><\/p>\n<p style=\"text-align: center;\">\u00a0Tournez votre cartouche de 180\u00b0 pour plus de diversit\u00e9s avec les r\u00e9sistances.<\/p>\n<p><img loading=\"lazy\" class=\"aligncenter wp-image-24944 size-medium\" src=\"https:\/\/dscvape.fr\/wp-content\/uploads\/2019\/12\/Vinci-R-airflow-186x300.png\" alt=\"\" width=\"186\" height=\"300\" \/><\/p>\n<p style=\"text-align: center;\"><strong><span style=\"text-decoration: underline;\">Un remplissage simple<\/span><\/strong><\/p>\n<ol>\n<li>Retirez votre cartouche de la box<\/li>\n<li>Soulevez la languette en silicone pour faire face \u00e0 l&#8217;orifice pr\u00e9vue \u00e0 cette effet<\/li>\n<li>Remplissez de liquide la cartouche et refermez la cartouche<\/li>\n<\/ol>\n<p><img loading=\"lazy\" class=\"aligncenter wp-image-24945 size-large\" src=\"https:\/\/dscvape.fr\/wp-content\/uploads\/2019\/12\/Vinci-R-remplissage-1024x515.png\" alt=\"\" width=\"1024\" height=\"515\" \/><\/p>\n<p>&nbsp;<\/p>\n<p style=\"text-align: center;\"><span style=\"text-decoration: underline;\"><strong>Changer la r\u00e9sistance<\/strong><\/span><\/p>\n<p style=\"text-align: center;\">Toujours dans la simplicit\u00e9 changer votre r\u00e9sistance en tirant dessus tout simplement puis r\u00e9ins\u00e9rer une nouvelle \u00e0 la m\u00eame place.<\/p>\n<p><img loading=\"lazy\" class=\"wp-image-24965 aligncenter\" src=\"https:\/\/dscvape.fr\/wp-content\/uploads\/2019\/12\/Vinci-R-r\u00e9sistance.png\" alt=\"\" width=\"336\" height=\"303\" \/><\/p>\n<p style=\"text-align: center;\">Attention, peu importe l\u2019appareil, il est tr\u00e8s important de faire l\u2019amor\u00e7age de la r\u00e9sistance. Rappel : Etant donn\u00e9 qu\u2019une r\u00e9sistance est compos\u00e9e de coton, lors de la premi\u00e8re utilisation (ou lorsque vous changez de r\u00e9sistance) celle-ci est compl\u00e8tement sec. Il faut donc laisser baigner la r\u00e9sistance dans le liquide apr\u00e8s le remplissage plusieurs minutes (environ 10-15min) pour \u00e9viter que celle-ci ne br\u00fble pr\u00e9matur\u00e9ment n\u2019\u00e9tant pas imbib\u00e9e de liquide lors que l\u2019appareil la chauffe<\/p>\n<p style=\"text-align: center;\"><strong><span style=\"text-decoration: underline;\">Vinci R Mod<\/span><\/strong><\/p>\n<p><img loading=\"lazy\" class=\"wp-image-24969 aligncenter\" src=\"https:\/\/dscvape.fr\/wp-content\/uploads\/2019\/12\/Vinci-R-box.png\" alt=\"\" width=\"169\" height=\"353\" \/><\/p>\n<p style=\"text-align: center;\">Aliment\u00e9e par une batterie int\u00e9gr\u00e9e de 1 500 mAh, la box Vinci R fonctionne de deux mani\u00e8res: tirez directement sans appuyer sur le bouton fire pour d\u00e9clencher la chauffe ou, plus classique, enclenchez la chauffe manuellement avec le bouton fire. En plus de cela, r\u00e9glez l&#8217;appareil avec 3 niveaux de chauffes diff\u00e9rents : 3.2 V, 3.5V ou 3.8V. Appuyez 3 fois sur le bouton fire pour passer de l&#8217;un \u00e0 l&#8217;autre rapidement.<\/p>\n","protected":false},"excerpt":{"rendered":"<p>Un appareil passe partout avec son format compact aux bords arrondis pour une tenue en main agr\u00e9able. Vaper avec est tout autant agr\u00e9able avec sa cartouche pouvant contenir 5.5 mL de liquide et une batterie int\u00e9gr\u00e9e de 1 500 mAh. Un appareil adapter a tout types de client\u00e8les, tirage serr\u00e9 ou a\u00e9rien rendu possible avec la grande vari\u00e9t\u00e9 de r\u00e9sistances ( PnP ) et un airflow r\u00e9glable.<\/p>\n<p>PVC TTC : 34.90\u20ac<\/p>\n<p><a href=\"https:\/\/dscvape.fr\/wp-content\/uploads\/2019\/12\/Aide-\u00e0-la-vente-Vinci-R.pdf\">Aide \u00e0 la vente &#8211; Vinci R<\/a><\/p>\n","protected":false},"featured_media":77251,"comment_status":"closed","ping_status":"closed","template":"","meta":[],"marques":[7988],"bundle_layout":"","bundled_by":[],"bundled_items":[],"supplier_id":null,"supplier_sku":"","atum_controlled":true,"out_stock_date":null,"out_stock_threshold":null,"inheritable":false,"inbound_stock":null,"stock_on_hold":null,"sold_today":null,"sales_last_days":null,"reserved_stock":null,"customer_returns":null,"warehouse_damage":null,"lost_in_post":null,"other_logs":null,"out_stock_days":null,"lost_sales":null,"has_location":null,"update_date":null,"atum_locations":[],"atum_stock_status":"instock","low_stock":false,"mi_inventories":[],"multi_inventory":null,"inventory_sorting_mode":null,"inventory_iteration":null,"expirable_inventories":null,"price_per_inventory":null,"_links":{"self":[{"href":"https:\/\/lesaintlaurentvape.com\/en\/wp-json\/wp\/v2\/product\/102930\/"}],"collection":[{"href":"https:\/\/lesaintlaurentvape.com\/en\/wp-json\/wp\/v2\/product\/"}],"about":[{"href":"https:\/\/lesaintlaurentvape.com\/en\/wp-json\/wp\/v2\/types\/product\/"}],"replies":[{"embeddable":true,"href":"https:\/\/lesaintlaurentvape.com\/en\/wp-json\/wp\/v2\/comments\/?post=102930"}],"wp:featuredmedia":[{"embeddable":true,"href":"https:\/\/lesaintlaurentvape.com\/en\/wp-json\/wp\/v2\/media\/77251\/"}],"wp:attachment":[{"href":"https:\/\/lesaintlaurentvape.com\/en\/wp-json\/wp\/v2\/media\/?parent=102930"}],"wp:term":[{"taxonomy":"marques","embeddable":true,"href":"https:\/\/lesaintlaurentvape.com\/en\/wp-json\/wp\/v2\/marques\/?post=102930"}],"curies":[{"name":"wp","href":"https:\/\/api.w.org\/{rel}","templated":true}]}}