{"id":102925,"date":"2019-12-27T14:06:35","date_gmt":"2019-12-27T13:06:35","guid":{"rendered":"https:\/\/lesaintlaurentvape.com\/produit\/vaptio-cosmo-plus-kit\/"},"modified":"2020-10-31T21:12:10","modified_gmt":"2020-10-31T20:12:10","slug":"vaptio-cosmo-plus-kit","status":"publish","type":"product","link":"https:\/\/lesaintlaurentvape.com\/en\/produit\/vaptio-cosmo-plus-kit\/","title":{"rendered":"Vaptio &#8211; Cosmo plus Kit"},"content":{"rendered":"<p style=\"text-align: center;\"><span style=\"font-size: 24pt;\"><strong><span style=\"text-decoration: underline;\">Description :<\/span><\/strong><\/span><\/p>\n<p><img loading=\"lazy\" class=\"aligncenter wp-image-24851 size-large\" src=\"https:\/\/dscvape.fr\/wp-content\/uploads\/2019\/12\/Cosmo-plus-Desc-1024x643.png\" alt=\"\" width=\"1024\" height=\"643\" \/><\/p>\n<p style=\"text-align: center;\"><span style=\"text-decoration: underline;\"><strong>Un atomiseur \u00e0 l&#8217;aspect basique qui cache bien son jeu<\/strong><\/span><\/p>\n<p style=\"text-align: center;\">D&#8217;une capacit\u00e9 de 2 ou 4 mL (en fonction du pyrex install\u00e9), la Cosmo Plus tank est con\u00e7ue pour \u00eatre plus simple et plus intuitive pour les consommateurs. Le remplissage se fait tout simplement en d\u00e9vissant le top cap. Vaptio innove sur le r\u00e9glage de l&#8217;airflow, contrairement aux atomiseurs o\u00f9 il faut tourner le bottom cap, Avec la cosmo plus tank install\u00e9 sur sa box tourner simplement l&#8217;atomiseur en prenant prise sur le pyrex pour un r\u00e9glage rapide et efficace.<\/p>\n<p><img loading=\"lazy\" class=\"size-full wp-image-24984 aligncenter\" src=\"https:\/\/dscvape.fr\/wp-content\/uploads\/2019\/12\/Cosmo-plus-Tank.png\" alt=\"\" width=\"91\" height=\"259\" \/><\/p>\n<h2 style=\"text-align: center;\"><span style=\"text-decoration: underline;\"><strong><span style=\"font-size: 12pt;\">Compatible avec les r\u00e9sistances Cosmo\u00a0 de Vaptio et Nautilus BVC d&#8217;Aspire pour varier votre vape<\/span><\/strong><\/span><\/h2>\n<p><img loading=\"lazy\" class=\"aligncenter\" src=\"https:\/\/www.lepetitfumeur.fr\/img\/cms\/Produits\/Packs\/Vaptio\/11_COSMO-_-compressor.jpg\" width=\"518\" height=\"276\" \/><\/p>\n<p><img loading=\"lazy\" class=\"wp-image-24981 aligncenter\" src=\"https:\/\/dscvape.fr\/wp-content\/uploads\/2019\/12\/BVC-Nautilus-1.png\" alt=\"\" width=\"290\" height=\"290\" \/><\/p>\n<p style=\"text-align: center;\"><span style=\"text-decoration: underline;\"><strong>Changer la r\u00e9sistance<\/strong><\/span><\/p>\n<ol>\n<li>Retournez l&#8217;atomiseur puis d\u00e9visser le bottom cap<\/li>\n<li>Retirez la r\u00e9sistance us\u00e9e<\/li>\n<li>Glissez une nouvelle r\u00e9sistance \u00e0 la m\u00eame place<\/li>\n<li>Refermez votre atomiseur<\/li>\n<\/ol>\n<p><img loading=\"lazy\" class=\"aligncenter wp-image-24853 size-medium\" src=\"https:\/\/dscvape.fr\/wp-content\/uploads\/2019\/12\/Cosmo-plus-change-resistance-297x300.png\" alt=\"\" width=\"297\" height=\"300\" \/><\/p>\n<p style=\"text-align: center;\">Attention, peu importe l\u2019appareil, il est tr\u00e8s important de faire l\u2019amor\u00e7age de la r\u00e9sistance. Rappel : Etant donn\u00e9 qu\u2019une r\u00e9sistance est compos\u00e9e de coton, lors de la premi\u00e8re utilisation (ou lorsque vous changez de r\u00e9sistance) celle-ci est compl\u00e8tement sec. Il faut donc laisser baigner la r\u00e9sistance dans le liquide apr\u00e8s le remplissage plusieurs minutes (environ 10-15min) pour \u00e9viter que celle-ci ne br\u00fble pr\u00e9matur\u00e9ment n\u2019\u00e9tant pas imbib\u00e9e de liquide lors que l\u2019appareil la chauffe<\/p>\n<p style=\"text-align: center;\"><strong><span style=\"text-decoration: underline;\">Cosmo plus Mod<\/span><\/strong><\/p>\n<p style=\"text-align: center;\">Une box toute en finesse et compact pour une prise en main agr\u00e9able. Une bonne surprise pour sa petite taille, on y trouve une tr\u00e8s bonne autonomie de 1 500 mAh pour vapoter la journ\u00e9e. Avec son \u00e9cran 0.69&#8243; elle vous propose de r\u00e9gler \u00e0 votre guise la puissance jusqu&#8217;\u00e0 un maximum de 35W (on respecte tout de m\u00eame la plage de puissance indiqu\u00e9e sur la r\u00e9sistance install\u00e9e). D&#8217;autres modes de r\u00e9glages sont disponibles, tels que le mode Bypass ou Volts variable (VV).<\/p>\n<p><img loading=\"lazy\" class=\"wp-image-24985 aligncenter\" src=\"https:\/\/dscvape.fr\/wp-content\/uploads\/2019\/12\/Cosmo-plus-Noir-box.png\" alt=\"\" width=\"90\" height=\"252\" \/><\/p>\n<p style=\"text-align: center;\">L&#8217;\u00e9cran OLED vous indique le mode utilis\u00e9, le niveau de charge de la batterie, la valeur de la r\u00e9sistance et la puissance utilis\u00e9e.<\/p>\n<p><img loading=\"lazy\" class=\"aligncenter wp-image-24877 size-medium\" src=\"https:\/\/dscvape.fr\/wp-content\/uploads\/2019\/12\/Cosmo-plus-ecran-300x75.png\" alt=\"\" width=\"300\" height=\"75\" \/><\/p>\n<p style=\"text-align: center;\">Pour acc\u00e9der au menu de param\u00e8tre appuyer 3 fois de suite sur le bouton fire.<\/p>\n<p>&nbsp;<\/p>\n","protected":false},"excerpt":{"rendered":"<p>Suite au succ\u00e8s de la Cosmo, Vaptio lance un kit plus sophistiqu\u00e9 : la Cosmo Plus avec une box r\u00e9glable accompagn\u00e9e d&#8217;un atomiseur encore plus simple avec plus de contenance. Toujours dans le m\u00eame esprit, le kit Cosmo Plus est fait pour les d\u00e9butants ou les personnes qui aiment les appareils simples. Elle s&#8217;utilise avec les r\u00e9sistances Cosmo et est compatible avec les r\u00e9sistances BVC nautilus de la marque Aspire pour vous offrir plus de diversit\u00e9, tout comme la Cosmo.<\/p>\n<p>Petite et au design raffin\u00e9e elle vous accompagne partout.<\/p>\n<p>\u00c0 utiliser avec des liquides au taux de nicotine \u00e9lev\u00e9 si le but est de se sevrer. N\u2019h\u00e9sitez pas \u00e0 tester les liquides en sel de nicotine si le vapoteur ne peut pas supporter le hit des liquides classiques.<\/p>\n<p>PVC TTC : 49.90\u20ac<\/p>\n<p><a href=\"https:\/\/dscvape.fr\/wp-content\/uploads\/2019\/12\/Aide-\u00e0-la-vente-Vaptio-Cosmo-Plus-Kit.pdf\">Aide \u00e0 la vente Vaptio Cosmo Plus Kit<\/a><\/p>\n","protected":false},"featured_media":77241,"comment_status":"closed","ping_status":"closed","template":"","meta":[],"marques":[7866],"bundle_layout":"","bundled_by":[],"bundled_items":[],"supplier_id":null,"supplier_sku":"","atum_controlled":true,"out_stock_date":null,"out_stock_threshold":null,"inheritable":false,"inbound_stock":null,"stock_on_hold":null,"sold_today":null,"sales_last_days":null,"reserved_stock":null,"customer_returns":null,"warehouse_damage":null,"lost_in_post":null,"other_logs":null,"out_stock_days":null,"lost_sales":null,"has_location":null,"update_date":null,"atum_locations":[],"atum_stock_status":"instock","low_stock":false,"mi_inventories":[],"multi_inventory":null,"inventory_sorting_mode":null,"inventory_iteration":null,"expirable_inventories":null,"price_per_inventory":null,"_links":{"self":[{"href":"https:\/\/lesaintlaurentvape.com\/en\/wp-json\/wp\/v2\/product\/102925\/"}],"collection":[{"href":"https:\/\/lesaintlaurentvape.com\/en\/wp-json\/wp\/v2\/product\/"}],"about":[{"href":"https:\/\/lesaintlaurentvape.com\/en\/wp-json\/wp\/v2\/types\/product\/"}],"replies":[{"embeddable":true,"href":"https:\/\/lesaintlaurentvape.com\/en\/wp-json\/wp\/v2\/comments\/?post=102925"}],"wp:featuredmedia":[{"embeddable":true,"href":"https:\/\/lesaintlaurentvape.com\/en\/wp-json\/wp\/v2\/media\/77241\/"}],"wp:attachment":[{"href":"https:\/\/lesaintlaurentvape.com\/en\/wp-json\/wp\/v2\/media\/?parent=102925"}],"wp:term":[{"taxonomy":"marques","embeddable":true,"href":"https:\/\/lesaintlaurentvape.com\/en\/wp-json\/wp\/v2\/marques\/?post=102925"}],"curies":[{"name":"wp","href":"https:\/\/api.w.org\/{rel}","templated":true}]}}