{"id":102919,"date":"2019-12-27T12:17:52","date_gmt":"2019-12-27T11:17:52","guid":{"rendered":"https:\/\/lesaintlaurentvape.com\/produit\/geekvape-aegis-x-zeus-kit\/"},"modified":"2020-10-31T21:11:50","modified_gmt":"2020-10-31T20:11:50","slug":"geekvape-aegis-x-zeus-kit","status":"publish","type":"product","link":"https:\/\/lesaintlaurentvape.com\/en\/produit\/geekvape-aegis-x-zeus-kit\/","title":{"rendered":"Geekvape- Aegis X Zeus Kit"},"content":{"rendered":"<p style=\"text-align: center;\"><span style=\"font-size: 24pt;\"><strong><span style=\"text-decoration: underline;\">Description<\/span><\/strong><\/span><\/p>\n<p><img loading=\"lazy\" class=\"aligncenter size-full wp-image-24758\" src=\"https:\/\/dscvape.fr\/wp-content\/uploads\/2019\/12\/Aegis-x-Zeus-desc.png\" alt=\"\" width=\"907\" height=\"490\" \/><\/p>\n<p style=\"text-align: center;\"><span style=\"text-decoration: underline;\"><strong>Zeus tank<\/strong><\/span><\/p>\n<p style=\"text-align: center;\">La Zeus tank est un atomiseur sub-ohmique d&#8217;une contenance de 5 mL qui a tout pour plaire. Geekvape vous propose deux r\u00e9sistances pour la Zeus tank, les Zeus Mesh disponiblent en deux d\u00e9clinaisons sp\u00e9cialement faites pour une vape a\u00e9rienne et pleine de saveurs :<\/p>\n<ul>\n<li>Z1 0.4 \u03a9 60-70 W<\/li>\n<li>Z2 0.2 \u03a9 70-80 W<\/li>\n<\/ul>\n<p style=\"text-align: center;\">Les r\u00e9sistances Zeus sont faites pour \u00eatre utilis\u00e9es avec des liquides au taux de glyc\u00e9rine v\u00e9g\u00e9tale \u00e9lev\u00e9 ( VG &gt; 50) pour un maximum de vapeur et de plaisir.<\/p>\n<p style=\"text-align: center;\">Vous y retrouverez un syst\u00e8me de remplissage simple et intuitif :<\/p>\n<ol>\n<li>Tournez le top cap vers la droite jusqu&#8217;au bout<\/li>\n<li>Retirez le top cap et vous voil\u00e0 face aux orifices en arc de cercle vous permettant de remplir votre atomiseur en toute simplicit\u00e9<\/li>\n<\/ol>\n<p><img loading=\"lazy\" class=\"aligncenter size-full wp-image-24766\" src=\"https:\/\/dscvape.fr\/wp-content\/uploads\/2020\/01\/Aegis-x-Zeus-Remplissage.png\" alt=\"\" width=\"736\" height=\"436\" \/><\/p>\n<p style=\"text-align: center;\">L&#8217;airflow \u00e9tant sur le haut de l&#8217;atomiseur, il vous \u00e9vite les probl\u00e8mes de fuites. Avec la Zeus tank, plus de frayeur en d\u00e9vissant le bottom cap par inadvertance, la r\u00e9sistance restera \u00e0 sa place m\u00eame sans le bottom cap.<\/p>\n<p><img loading=\"lazy\" class=\"aligncenter size-full wp-image-24780\" src=\"https:\/\/dscvape.fr\/wp-content\/uploads\/2019\/12\/Zeus-tank-anti-fuite.png\" alt=\"\" width=\"379\" height=\"460\" \/><\/p>\n<p style=\"text-align: center;\"><strong>Attention : <\/strong>Si le tank est encore remplie, n&#8217;oubliez pas de le retourner pour changer la r\u00e9sistance. Une cl\u00e9 est fournie dans le kit pour vous aider \u00e0 retirer la r\u00e9sistance sans vous mettre du e-liquide plein les mains.<\/p>\n<p style=\"text-align: center;\">Attention, peu importe l\u2019appareil, il est tr\u00e8s important de faire l\u2019amor\u00e7age de la r\u00e9sistance. Rappel : Etant donn\u00e9 qu\u2019une r\u00e9sistance est compos\u00e9e de coton, lors de la premi\u00e8re utilisation (ou lorsque vous changez de r\u00e9sistance) celle-ci est compl\u00e8tement sec. Il faut donc laisser baigner la r\u00e9sistance dans le liquide apr\u00e8s le remplissage plusieurs minutes (environ 10-15min) pour \u00e9viter que celle-ci ne br\u00fble pr\u00e9matur\u00e9ment n\u2019\u00e9tant pas imbib\u00e9e de liquide lors que l\u2019appareil la chauffe<\/p>\n<p style=\"text-align: center;\"><strong><span style=\"text-decoration: underline;\">Aegis X<\/span><\/strong><\/p>\n<p style=\"text-align: center;\">A l&#8217;allure robuste l&#8217;Aegis X box est une box aliment\u00e9e par deux accus (non fournis) pour un maximum d&#8217;autonomie. La box fait partie de la gamme Aegis connue pour leur robustesse. Class\u00e9e IP 67 (waterproof), elle est \u00e9galement r\u00e9sistante aux chocs et \u00e0 la poussi\u00e8re. En plus de cela vous y trouverez un \u00e9cran OLED 2.4&#8243; vous proposant plusieurs th\u00e8mes et couleurs.<\/p>\n<p><img loading=\"lazy\" class=\"aligncenter size-full wp-image-24777\" src=\"https:\/\/dscvape.fr\/wp-content\/uploads\/2020\/01\/Aegis-x-ZEus-ecran.gif\" alt=\"\" width=\"817\" height=\"501\" \/><\/p>\n<p style=\"text-align: center;\">La box vous permet d&#8217;enregistrer 4 r\u00e9glages diff\u00e9rents pour passer de l&#8217;un \u00e0 l&#8217;autre rapidement. Pour cela, appuyez 3 fois sur le bouton Fire puis r\u00e9glez avec les boutons + \/ -. Pour changer les param\u00e8tres, appuyez sur le bouton fire, le mode \u00e0 modifier sera affich\u00e9 en blanc et r\u00e9gler avec les boutons + \/ &#8211; . Patientez quelques instants avec de commencer \u00e0 vaper.<\/p>\n<p style=\"text-align: center;\">Pour avoir acc\u00e8s au menu des param\u00e8tres de l&#8217;appareils (th\u00e8mes, couleurs, etc), appuyez \u00e0 nouveau 3 fois sur le bouton fire puis appuyez sur les deux boutons de r\u00e9glages + et &#8211; jusqu&#8217;\u00e0 ce que le menu de r\u00e9glage s&#8217;affiche sur l&#8217;\u00e9cran. Pour quitter le menu il suffit de patienter quelques secondes sans toucher au boutons de r\u00e9glages.<\/p>\n<p style=\"text-align: center;\">Avec son Chipset AS 2.0 elle vous fait profiter de plusieurs s\u00e9curit\u00e9s :<\/p>\n<p style=\"text-align: center;\">-Protection contre les court-circuits<\/p>\n<p style=\"text-align: center;\">-Protection contre la surcharge et la d\u00e9charge excessif de la batterie<\/p>\n<p style=\"text-align: center;\">-Protection contre la surchauffe : arr\u00eate la chauffe de la r\u00e9sistance au bout de 10 secondes de chauffe continue (accidentelle ou non)<\/p>\n<p style=\"text-align: center;\">-Avantages du mod m\u00e9canique avec la s\u00e9curit\u00e9 des mod \u00e9lectronique gr\u00e2ce au mode Bypass<\/p>\n<p>&nbsp;<\/p>\n<p>&nbsp;<\/p>\n<p>&nbsp;<\/p>\n<p>&nbsp;<\/p>\n","protected":false},"excerpt":{"rendered":"<p>Ce kit regroupe les best-sellers de la marque Geekvape. La Zeus Tank, un atomiseur sub-ohmique de 5 mL avec un syst\u00e8me d&#8217;airflow sur le haut de l&#8217;atomiseur pour minimiser les risque de fuites. Avec ce fabuleux atomiseur retrouvez la box aegis X, comme toutes celles de la gamme Aegis, elle est robuste. La box est class\u00e9e IP 67 (waterproof) en plus d\u2019\u00eatre r\u00e9sistante aux chocs et \u00e0 la poussi\u00e8re. Avec un menu tr\u00e8s complet munie de diff\u00e9rents modes de r\u00e9glages et diff\u00e9rents th\u00e8mes accompagn\u00e9s de plusieurs couleurs pour un maximum de plaisir visuel pour votre \u00e9cran 2.4&#8243;\u00a0 \u00e0 r\u00e9gler comme vous le souhaitez.<\/p>\n<p>&nbsp;<\/p>\n<p>&nbsp;<\/p>\n<p><a href=\"https:\/\/dscvape.fr\/wp-content\/uploads\/2019\/12\/Aegis-X-Zeus-kit.pdf\">Fiche d&#8217;aide Geekvape Aegis X Zeus kit<\/a><\/p>\n","protected":false},"featured_media":77233,"comment_status":"closed","ping_status":"closed","template":"","meta":[],"marques":[7827],"bundle_layout":"","bundled_by":[],"bundled_items":[],"supplier_id":null,"supplier_sku":"","atum_controlled":true,"out_stock_date":null,"out_stock_threshold":null,"inheritable":false,"inbound_stock":null,"stock_on_hold":null,"sold_today":null,"sales_last_days":null,"reserved_stock":null,"customer_returns":null,"warehouse_damage":null,"lost_in_post":null,"other_logs":null,"out_stock_days":null,"lost_sales":null,"has_location":null,"update_date":null,"atum_locations":[],"atum_stock_status":"instock","low_stock":false,"mi_inventories":[],"multi_inventory":null,"inventory_sorting_mode":null,"inventory_iteration":null,"expirable_inventories":null,"price_per_inventory":null,"_links":{"self":[{"href":"https:\/\/lesaintlaurentvape.com\/en\/wp-json\/wp\/v2\/product\/102919\/"}],"collection":[{"href":"https:\/\/lesaintlaurentvape.com\/en\/wp-json\/wp\/v2\/product\/"}],"about":[{"href":"https:\/\/lesaintlaurentvape.com\/en\/wp-json\/wp\/v2\/types\/product\/"}],"replies":[{"embeddable":true,"href":"https:\/\/lesaintlaurentvape.com\/en\/wp-json\/wp\/v2\/comments\/?post=102919"}],"wp:featuredmedia":[{"embeddable":true,"href":"https:\/\/lesaintlaurentvape.com\/en\/wp-json\/wp\/v2\/media\/77233\/"}],"wp:attachment":[{"href":"https:\/\/lesaintlaurentvape.com\/en\/wp-json\/wp\/v2\/media\/?parent=102919"}],"wp:term":[{"taxonomy":"marques","embeddable":true,"href":"https:\/\/lesaintlaurentvape.com\/en\/wp-json\/wp\/v2\/marques\/?post=102919"}],"curies":[{"name":"wp","href":"https:\/\/api.w.org\/{rel}","templated":true}]}}