{"id":102906,"date":"2019-12-27T11:15:10","date_gmt":"2019-12-27T10:15:10","guid":{"rendered":"https:\/\/lesaintlaurentvape.com\/produit\/voopoo-resistance-pnp-pour-vinci-pack-de-5\/"},"modified":"2020-10-31T21:11:45","modified_gmt":"2020-10-31T20:11:45","slug":"voopoo-resistance-pnp-pour-vinci-pack-de-5","status":"publish","type":"product","link":"https:\/\/lesaintlaurentvape.com\/en\/produit\/voopoo-resistance-pnp-pour-vinci-pack-de-5\/","title":{"rendered":"Voopoo &#8211; R\u00e9sistances PnP pour Vinci"},"content":{"rendered":"<h2 style=\"text-align: center;\">LES RESISTANCES PnP<\/h2>\n<p><img loading=\"lazy\" class=\" wp-image-44329 aligncenter\" src=\"https:\/\/dscvape.com\/wp-content\/uploads\/2019\/12\/Voopoo-Resistance-PnP-v2.png\" alt=\"\" width=\"660\" height=\"228\" \/><\/p>\n<table style=\"border-collapse: collapse; width: 100%; height: 108px;\">\n<tbody>\n<tr style=\"height: 27px;\">\n<td style=\"width: 25%; text-align: center; height: 27px;\"><strong>PnP R1<\/strong><\/td>\n<td style=\"width: 25%; text-align: center; height: 27px;\">0.8 ohm<\/td>\n<td style=\"width: 25%; text-align: center; height: 27px;\">12-18W<\/td>\n<td style=\"width: 25%; text-align: center; height: 27px;\">Inhalation directe mod\u00e9r\u00e9e. Id\u00e9al avec les liquides en sel de nicotine<\/td>\n<\/tr>\n<tr style=\"height: 27px;\">\n<td style=\"width: 25%; height: 27px; text-align: center;\"><strong>PnP Mesh VM4<\/strong><\/td>\n<td style=\"width: 25%; height: 27px; text-align: center;\">0.6 ohm<\/td>\n<td style=\"width: 25%; height: 27px; text-align: center;\">20-28W<\/td>\n<td style=\"width: 25%; height: 27px; text-align: center;\">Inhalation indirecte et directe<\/td>\n<\/tr>\n<tr style=\"height: 27px;\">\n<td style=\"width: 25%; height: 27px; text-align: center;\"><strong>PnP VM3<\/strong><\/td>\n<td style=\"width: 25%; height: 27px; text-align: center;\">0.45 ohm<\/td>\n<td style=\"width: 25%; height: 27px; text-align: center;\">25-35W<\/td>\n<td style=\"width: 25%; height: 27px; text-align: center;\">Inhalation directe (nicotine 3 et 6mg max.)<\/td>\n<\/tr>\n<tr style=\"height: 27px;\">\n<td style=\"width: 25%; height: 27px; text-align: center;\"><strong>PnP VM5<\/strong><\/td>\n<td style=\"width: 25%; height: 27px; text-align: center;\">0.2 ohm<\/td>\n<td style=\"width: 25%; height: 27px; text-align: center;\">40-60W<\/td>\n<td style=\"width: 25%; height: 27px; text-align: center;\">Inhalation directe (70VG minimum)<\/td>\n<\/tr>\n<\/tbody>\n<\/table>\n","protected":false},"excerpt":{"rendered":"<p>Les r\u00e9sistances PnP de Voopoo sont compatibles avec les kits Vinci.<\/p>\n<p>Vendue par bo\u00eete de 5 r\u00e9sistances.<\/p>\n<p>PVC TTC : 18.00\u20ac la bo\u00eete de 5, soit 3.60\u20ac l&#8217;unit\u00e9.<\/p>\n","protected":false},"featured_media":102907,"comment_status":"closed","ping_status":"closed","template":"","meta":[],"marques":[7988],"bundle_layout":"","bundled_by":[],"bundled_items":[],"supplier_id":null,"supplier_sku":"","atum_controlled":true,"out_stock_date":null,"out_stock_threshold":null,"inheritable":false,"inbound_stock":null,"stock_on_hold":null,"sold_today":null,"sales_last_days":null,"reserved_stock":null,"customer_returns":null,"warehouse_damage":null,"lost_in_post":null,"other_logs":null,"out_stock_days":null,"lost_sales":null,"has_location":null,"update_date":null,"atum_locations":[],"atum_stock_status":"instock","low_stock":false,"mi_inventories":[862],"multi_inventory":null,"inventory_sorting_mode":null,"inventory_iteration":null,"expirable_inventories":null,"price_per_inventory":null,"_links":{"self":[{"href":"https:\/\/lesaintlaurentvape.com\/en\/wp-json\/wp\/v2\/product\/102906\/"}],"collection":[{"href":"https:\/\/lesaintlaurentvape.com\/en\/wp-json\/wp\/v2\/product\/"}],"about":[{"href":"https:\/\/lesaintlaurentvape.com\/en\/wp-json\/wp\/v2\/types\/product\/"}],"replies":[{"embeddable":true,"href":"https:\/\/lesaintlaurentvape.com\/en\/wp-json\/wp\/v2\/comments\/?post=102906"}],"wp:featuredmedia":[{"embeddable":true,"href":"https:\/\/lesaintlaurentvape.com\/en\/wp-json\/wp\/v2\/media\/102907\/"}],"wp:attachment":[{"href":"https:\/\/lesaintlaurentvape.com\/en\/wp-json\/wp\/v2\/media\/?parent=102906"}],"wp:term":[{"taxonomy":"marques","embeddable":true,"href":"https:\/\/lesaintlaurentvape.com\/en\/wp-json\/wp\/v2\/marques\/?post=102906"}],"curies":[{"name":"wp","href":"https:\/\/api.w.org\/{rel}","templated":true}]}}