{"id":102900,"date":"2019-12-27T10:43:38","date_gmt":"2019-12-27T09:43:38","guid":{"rendered":"https:\/\/lesaintlaurentvape.com\/produit\/geekvape-aegis-boost-kit\/"},"modified":"2020-10-31T21:11:38","modified_gmt":"2020-10-31T20:11:38","slug":"geekvape-aegis-boost-kit","status":"publish","type":"product","link":"https:\/\/lesaintlaurentvape.com\/en\/produit\/geekvape-aegis-boost-kit\/","title":{"rendered":"Geekvape &#8211; Aegis Boost kit"},"content":{"rendered":"<p style=\"text-align: center;\"><span style=\"text-decoration: underline; font-size: 24pt;\"><strong>Description :<\/strong><\/span><\/p>\n<p><img loading=\"lazy\" class=\"aligncenter size-full wp-image-24678\" src=\"https:\/\/dscvape.fr\/wp-content\/uploads\/2019\/12\/Aegis-boost-desc.png\" alt=\"\" width=\"811\" height=\"486\" \/><\/p>\n<p style=\"text-align: center;\"><span style=\"text-decoration: underline;\"><b>Un pod <\/b><b><u>sophistiqu\u00e9<\/u><\/b><b> mais simple<\/b><\/span><\/p>\n<p>Avec le pod de l&#8217;Aegis Boost vous retrouverez toutes les caract\u00e9ristiques d&#8217;un atomiseur classique. Un airflow se trouve sur le cot\u00e9 du pod et qui se r\u00e8gle facilement. Il suffit de tourner la disquette \u00e0 l&#8217;aide des cot\u00e9s dentel\u00e9s. Un remplissage tout aussi simple, levez la languette sur le haut du pod pour pouvoir remplir le r\u00e9servoir de 3,7 mL.<\/p>\n<p><img loading=\"lazy\" class=\"aligncenter size-full wp-image-24679\" src=\"https:\/\/dscvape.fr\/wp-content\/uploads\/2019\/12\/Pod-remplissage.png\" alt=\"\" width=\"800\" height=\"310\" \/><\/p>\n<p>&nbsp;<\/p>\n<p style=\"text-align: center;\"><span style=\"text-decoration: underline;\"><strong><span style=\"color: #000000; font-family: 'times new roman', times, serif; font-size: 14pt; text-decoration: underline;\">Changer la r\u00e9sistance<\/span><\/strong><\/span><\/p>\n<ol>\n<li>Retirez le pod de la box en appuyant sur le cot\u00e9<\/li>\n<li>Retournez le pod pour faire face \u00e0 la r\u00e9sistance<\/li>\n<li>Glissez la cl\u00e9 fournie sur la r\u00e9sistance<\/li>\n<li>Poussez sur la cl\u00e9 vers le haut pour faire ressortir la r\u00e9sistance puis retirez-la \u00e0 la main<\/li>\n<li style=\"text-align: left;\">R\u00e9ins\u00e9rez une nouvelle r\u00e9sistance de sorte qu&#8217;elle soit bien emboit\u00e9e sinon le pod risque de fuir<\/li>\n<\/ol>\n<p>Le kit est fournit avec deux diff\u00e9rentes r\u00e9sistances pour plus de flexibilit\u00e9, l&#8217;une en 0.4 \u03a9 pour du tirage a\u00e9rien et l&#8217;autre en 0.6 \u03a9 pour du tirage serr\u00e9. Le pod vous propose \u00e9galement un airflow r\u00e9glable pour \u00e9galement plus de flexibilit\u00e9 au niveau du tirage, \u00e0 r\u00e9gler en fonction de vos pr\u00e9f\u00e9rence<\/p>\n<p>&nbsp;<\/p>\n<p style=\"text-align: center;\"><span style=\"font-family: arial, helvetica, sans-serif;\">Attention, peu importe l\u2019appareil, il est tr\u00e8s important de faire l\u2019amor\u00e7age de la r\u00e9sistance. <\/span><\/p>\n<p style=\"text-align: center;\"><span style=\"font-family: arial, helvetica, sans-serif;\">Rappel : Etant donn\u00e9 qu\u2019une r\u00e9sistance est compos\u00e9e de coton, lors de la premi\u00e8re utilisation (ou lorsque vous changez de r\u00e9sistance) celle-ci est compl\u00e8tement sec. Il faut donc laisser baigner la r\u00e9sistance dans le liquide apr\u00e8s le remplissage plusieurs minutes (environ 10-15min) pour \u00e9viter que celle-ci ne br\u00fble pr\u00e9matur\u00e9ment n\u2019\u00e9tant pas imbib\u00e9e de liquide lorsque l\u2019appareil la chauffe<\/span><\/p>\n<p><img loading=\"lazy\" class=\"aligncenter wp-image-24686 size-large\" src=\"https:\/\/dscvape.fr\/wp-content\/uploads\/2019\/12\/Aegis-boost-changement-r\u00e9sistance-e1578318354647-1024x388.png\" alt=\"\" width=\"1024\" height=\"388\" \/><\/p>\n<p>&nbsp;<\/p>\n<p><img loading=\"lazy\" class=\"alignnone size-full wp-image-35207 aligncenter\" src=\"https:\/\/dscvape.com\/wp-content\/uploads\/2019\/12\/Geekvape-explication.png\" alt=\"\" width=\"800\" height=\"300\" \/>.<\/p>\n<p style=\"text-align: center;\"><span style=\"text-decoration: underline;\"><strong>Une box simple<\/strong><\/span><\/p>\n<p>Sur la box de l&#8217;Aegis Boost on trouve un petit \u00e9cran qui vous indique le niveau de charge de la batterie, la puissance et la valeur de la r\u00e9sistance. Utilisant seulement un mode de r\u00e9glage elle s&#8217;adresse au d\u00e9butant de la vape: r\u00e9glable avec les boutons de r\u00e9glage + \/ &#8211; en bas de l&#8217;\u00e9cran.<img loading=\"lazy\" class=\"aligncenter size-full wp-image-24687\" src=\"https:\/\/dscvape.fr\/wp-content\/uploads\/2019\/12\/Aegis-boost-\u00e9cran.png\" alt=\"\" width=\"278\" height=\"168\" \/><\/p>\n<p>Comme la plupart des box sur le march\u00e9 elle s&#8217;allume en appuyant 5 fois de suite sur le bouton fire et pour lancer la chauffe appuyer simplement sur le m\u00eame bouton.<\/p>\n<p>&nbsp;<\/p>\n","protected":false},"excerpt":{"rendered":"<p>L&#8217;Aegis Boost de la marque Geekvape fait partie de la gamme Aegis connue pour leur robustesse. Tout comme ses confr\u00e8res Aegis, il est class\u00e9 IP67 (waterproof, r\u00e9sistant aux chocs, \u00e0 la poussi\u00e8re, \u00e0 la rouille) et est accompagn\u00e9 d&#8217;une excellente tenue en main. Avec son autonomie de 1 500 mAh et sa contenance de 3.7 mL, il vous accompagne tout au long de la journ\u00e9e. Utilisant un syst\u00e8me \u00e0 pod ouvert, il est tr\u00e8s intuitif avec sa box \u00e0 r\u00e9glages simples.<\/p>\n<p>PVC TTC : 38,90\u20ac<\/p>\n<p><a href=\"https:\/\/dscvape.fr\/wp-content\/uploads\/2019\/12\/Aegis-Boost-Kit.pdf\">Fiche d&#8217;aide Geekvape &#8211; Aegis Boost Kit<\/a><\/p>\n<p>&nbsp;<\/p>\n","protected":false},"featured_media":77217,"comment_status":"closed","ping_status":"closed","template":"","meta":[],"marques":[],"bundle_layout":"","bundled_by":[],"bundled_items":[],"supplier_id":null,"supplier_sku":"","atum_controlled":true,"out_stock_date":null,"out_stock_threshold":null,"inheritable":false,"inbound_stock":null,"stock_on_hold":null,"sold_today":null,"sales_last_days":null,"reserved_stock":null,"customer_returns":null,"warehouse_damage":null,"lost_in_post":null,"other_logs":null,"out_stock_days":null,"lost_sales":null,"has_location":null,"update_date":null,"atum_locations":[],"atum_stock_status":"instock","low_stock":false,"mi_inventories":[],"multi_inventory":null,"inventory_sorting_mode":null,"inventory_iteration":null,"expirable_inventories":null,"price_per_inventory":null,"_links":{"self":[{"href":"https:\/\/lesaintlaurentvape.com\/en\/wp-json\/wp\/v2\/product\/102900\/"}],"collection":[{"href":"https:\/\/lesaintlaurentvape.com\/en\/wp-json\/wp\/v2\/product\/"}],"about":[{"href":"https:\/\/lesaintlaurentvape.com\/en\/wp-json\/wp\/v2\/types\/product\/"}],"replies":[{"embeddable":true,"href":"https:\/\/lesaintlaurentvape.com\/en\/wp-json\/wp\/v2\/comments\/?post=102900"}],"wp:featuredmedia":[{"embeddable":true,"href":"https:\/\/lesaintlaurentvape.com\/en\/wp-json\/wp\/v2\/media\/77217\/"}],"wp:attachment":[{"href":"https:\/\/lesaintlaurentvape.com\/en\/wp-json\/wp\/v2\/media\/?parent=102900"}],"wp:term":[{"taxonomy":"marques","embeddable":true,"href":"https:\/\/lesaintlaurentvape.com\/en\/wp-json\/wp\/v2\/marques\/?post=102900"}],"curies":[{"name":"wp","href":"https:\/\/api.w.org\/{rel}","templated":true}]}}