{"id":102894,"date":"2019-12-27T08:32:05","date_gmt":"2019-12-27T07:32:05","guid":{"rendered":"https:\/\/lesaintlaurentvape.com\/produit\/vaporesso-nrg-pe-tank-35-ml\/"},"modified":"2020-10-31T21:12:46","modified_gmt":"2020-10-31T20:12:46","slug":"vaporesso-nrg-pe-tank-35-ml","status":"publish","type":"product","link":"https:\/\/lesaintlaurentvape.com\/en\/produit\/vaporesso-nrg-pe-tank-35-ml\/","title":{"rendered":"Vaporesso &#8211; NRG PE Tank 3,5 mL"},"content":{"rendered":"<p style=\"text-align: center;\"><span style=\"text-decoration: underline; font-size: 14pt;\"><strong>Description :<\/strong><\/span><\/p>\n<p><img loading=\"lazy\" class=\"aligncenter size-full wp-image-23825\" src=\"https:\/\/dscvape.fr\/wp-content\/uploads\/2019\/12\/NRG-PE-E.png\" alt=\"\" width=\"700\" height=\"500\" \/><\/p>\n<p style=\"text-align: center;\"><strong><u>Remplissage simple<\/u><\/strong><\/p>\n<p style=\"text-align: center;\">Vaporesso propose avec son clearomiseur DL une mani\u00e8re de remplir toujours plus simple pour am\u00e9liorer votre exp\u00e9rience de vape au quotidien. En effet, le remplissage du NRG PE Tank se fait en faisant coulisser le top cap. Ce dernier laisse appara\u00eetre un orifice d\u00e9di\u00e9 au remplissage. Vous allez pouvoir remplir votre r\u00e9servoir sans vous en mettre plein les mains ou craindre des fuites. Trouvez la petite fl\u00e8che et poussez tout simplement.<\/p>\n<p>&nbsp;<\/p>\n<p><img loading=\"lazy\" class=\"aligncenter size-full wp-image-24460\" src=\"https:\/\/dscvape.fr\/wp-content\/uploads\/2019\/12\/NRG-PE-Ouverture.png\" alt=\"\" width=\"341\" height=\"384\" \/><\/p>\n<p style=\"text-align: center;\"><span style=\"text-decoration: underline;\"><strong>R\u00e9sistance GT Core<\/strong><\/span><\/p>\n<p style=\"text-align: center;\">Une grande gamme de r\u00e9sistances pour choisir la vape qui vous convient en plus d&#8217;un syst\u00e8me \u00e0 double airflow au niveau du bottom cap pour un meilleur contr\u00f4le.<\/p>\n<p><img loading=\"lazy\" class=\"aligncenter wp-image-3733 size-full\" src=\"https:\/\/dscvape.fr\/wp-content\/uploads\/2018\/11\/GT-CoreCOIL.png\" alt=\"Vaporesso NRG\" width=\"1602\" height=\"501\" \/><\/p>\n","protected":false},"excerpt":{"rendered":"<p>Le petit nouveau de la famille Vaporesso, la NRG PE tank s&#8217;offre un nouveau look. Accompagn\u00e9 d&#8217;un syst\u00e8me \u00e0 double airflow et avec lui la derni\u00e8re r\u00e9sistance de la gamme GT, la GT4 Mesh, pour produire autant de vapeurs que vous le souhaitez. Vous allez pouvoir allier puissance et simplicit\u00e9 avec ce clearomiseur dont le remplissage se fait de mani\u00e8re tr\u00e8s simple. Compatible avec toutes les r\u00e9sistances GT, choisissez la r\u00e9sistance qui vous convient.<\/p>\n","protected":false},"featured_media":77205,"comment_status":"closed","ping_status":"closed","template":"","meta":[],"marques":[],"bundle_layout":"","bundled_by":[],"bundled_items":[],"supplier_id":null,"supplier_sku":"","atum_controlled":true,"out_stock_date":null,"out_stock_threshold":null,"inheritable":false,"inbound_stock":null,"stock_on_hold":null,"sold_today":null,"sales_last_days":null,"reserved_stock":null,"customer_returns":null,"warehouse_damage":null,"lost_in_post":null,"other_logs":null,"out_stock_days":null,"lost_sales":null,"has_location":null,"update_date":null,"atum_locations":[],"atum_stock_status":"instock","low_stock":false,"mi_inventories":[],"multi_inventory":null,"inventory_sorting_mode":null,"inventory_iteration":null,"expirable_inventories":null,"price_per_inventory":null,"_links":{"self":[{"href":"https:\/\/lesaintlaurentvape.com\/en\/wp-json\/wp\/v2\/product\/102894\/"}],"collection":[{"href":"https:\/\/lesaintlaurentvape.com\/en\/wp-json\/wp\/v2\/product\/"}],"about":[{"href":"https:\/\/lesaintlaurentvape.com\/en\/wp-json\/wp\/v2\/types\/product\/"}],"replies":[{"embeddable":true,"href":"https:\/\/lesaintlaurentvape.com\/en\/wp-json\/wp\/v2\/comments\/?post=102894"}],"wp:featuredmedia":[{"embeddable":true,"href":"https:\/\/lesaintlaurentvape.com\/en\/wp-json\/wp\/v2\/media\/77205\/"}],"wp:attachment":[{"href":"https:\/\/lesaintlaurentvape.com\/en\/wp-json\/wp\/v2\/media\/?parent=102894"}],"wp:term":[{"taxonomy":"marques","embeddable":true,"href":"https:\/\/lesaintlaurentvape.com\/en\/wp-json\/wp\/v2\/marques\/?post=102894"}],"curies":[{"name":"wp","href":"https:\/\/api.w.org\/{rel}","templated":true}]}}