{"id":102881,"date":"2019-12-16T11:16:34","date_gmt":"2019-12-16T10:16:34","guid":{"rendered":"https:\/\/lesaintlaurentvape.com\/produit\/pod-wpod-le-m-pack-de-4\/"},"modified":"2020-10-31T21:14:10","modified_gmt":"2020-10-31T20:14:10","slug":"pod-wpod-le-m-pack-de-4","status":"publish","type":"product","link":"https:\/\/lesaintlaurentvape.com\/en\/produit\/pod-wpod-le-m-pack-de-4\/","title":{"rendered":"Pod Wpod  &#8211; Le &#8220;M&#8221; &#8211; Pack de 4"},"content":{"rendered":"<p><span style=\"color: #ffffff;\">Pod Wpod &#8211; Le M &#8211; Pack de 4<\/span><\/p>\n<p>LIQUIDEO est une marque de e-liquide MADE IN FRANCE certifi\u00e9e norme AFNOR XP D90-300-2.<\/p>\n<p>Elle propose la gamme Pod pour Wpod qui contient une large palette de saveurs.<\/p>\n<p class=\"p1\"><span class=\"s1\"><a href=\"https:\/\/dscvape.fr\/?product_cat=&amp;post_type=product&amp;s=liquideo\">Voir tous les produits liquideo sur le site<\/a><\/span><\/p>\n<p class=\"p1\"><span class=\"s1\"><a href=\"https:\/\/www.liquideo.com\/fr\/\">Voir le site du fournisseur<\/a><\/span><\/p>\n","protected":false},"excerpt":{"rendered":"<p>Le &#8216;M&#8217; est un Classic sec au go\u00fbt l\u00e9g\u00e8rement sucr\u00e9. Une composition en 50PG\/50VG . Disponible en 9mg et 17mg<\/p>\n<p>Liquide au sel de nicotine.<\/p>\n<p>Compatible avec la Juul et la Vaze.<\/p>\n<p>PVC TTC par Liquideo : 9,90\u20ac<\/p>\n","protected":false},"featured_media":77173,"comment_status":"closed","ping_status":"closed","template":"","meta":[],"marques":[7828],"bundle_layout":"","bundled_by":[],"bundled_items":[],"supplier_id":null,"supplier_sku":"","atum_controlled":true,"out_stock_date":null,"out_stock_threshold":null,"inheritable":false,"inbound_stock":null,"stock_on_hold":null,"sold_today":null,"sales_last_days":null,"reserved_stock":null,"customer_returns":null,"warehouse_damage":null,"lost_in_post":null,"other_logs":null,"out_stock_days":null,"lost_sales":null,"has_location":null,"update_date":null,"atum_locations":[],"atum_stock_status":"instock","low_stock":false,"mi_inventories":[],"multi_inventory":null,"inventory_sorting_mode":null,"inventory_iteration":null,"expirable_inventories":null,"price_per_inventory":null,"_links":{"self":[{"href":"https:\/\/lesaintlaurentvape.com\/en\/wp-json\/wp\/v2\/product\/102881\/"}],"collection":[{"href":"https:\/\/lesaintlaurentvape.com\/en\/wp-json\/wp\/v2\/product\/"}],"about":[{"href":"https:\/\/lesaintlaurentvape.com\/en\/wp-json\/wp\/v2\/types\/product\/"}],"replies":[{"embeddable":true,"href":"https:\/\/lesaintlaurentvape.com\/en\/wp-json\/wp\/v2\/comments\/?post=102881"}],"wp:featuredmedia":[{"embeddable":true,"href":"https:\/\/lesaintlaurentvape.com\/en\/wp-json\/wp\/v2\/media\/77173\/"}],"wp:attachment":[{"href":"https:\/\/lesaintlaurentvape.com\/en\/wp-json\/wp\/v2\/media\/?parent=102881"}],"wp:term":[{"taxonomy":"marques","embeddable":true,"href":"https:\/\/lesaintlaurentvape.com\/en\/wp-json\/wp\/v2\/marques\/?post=102881"}],"curies":[{"name":"wp","href":"https:\/\/api.w.org\/{rel}","templated":true}]}}