{"id":102879,"date":"2019-12-16T11:06:12","date_gmt":"2019-12-16T10:06:12","guid":{"rendered":"https:\/\/lesaintlaurentvape.com\/produit\/wpod\/"},"modified":"2020-10-31T21:11:00","modified_gmt":"2020-10-31T20:11:00","slug":"wpod","status":"publish","type":"product","link":"https:\/\/lesaintlaurentvape.com\/en\/produit\/wpod\/","title":{"rendered":"Wpod (batterie seule)"},"content":{"rendered":"<p style=\"text-align: center;\"><strong><span style=\"text-decoration: underline;\">Description<\/span><\/strong><\/p>\n<p><img loading=\"lazy\" class=\"aligncenter size-full wp-image-25346\" src=\"https:\/\/dscvape.fr\/wp-content\/uploads\/2019\/12\/Wpod-desc-1.png\" alt=\"\" width=\"800\" height=\"800\" \/><\/p>\n<p style=\"text-align: center;\"><span style=\"text-decoration: underline;\"><strong>Wpod<\/strong><\/span><\/p>\n<p style=\"text-align: center;\">Petite et discr\u00e8te, elle est \u00e9quip\u00e9e d&#8217;une batterie de 220 mAh et d&#8217;un LED vous indiquant le niveau de batterie via un jeu de couleurs. Recharger compl\u00e8tement votre appareil en seulement 40 minutes. Sans bouton, la Wpod est totalement automatique, choisissez le e-liquide qui vous convient parmi les 20 qui vous sont propos\u00e9s. Profitez de la vape en tirant sur le pod install\u00e9 sur l&#8217;appareil. Pour voir le niveau de charge, tapotez sur l&#8217;appareil et l&#8217;indicateur LED s&#8217;allumera.<\/p>\n<p style=\"text-align: center;\"><strong><span style=\"text-decoration: underline;\">POD<\/span><\/strong><\/p>\n<p style=\"text-align: center;\">D\u00e9couvrez les 20 saveurs propos\u00e9es par Liquideo aux sels de nicotine dans de petites cartouches de 1 mL. Faites vous plaisir en changeant de saveurs en deux mouvements. Retirez l&#8217;ancienne puis r\u00e9ins\u00e9rez une nouvelle \u00e0 la place.<\/p>\n<p>&nbsp;<\/p>\n","protected":false},"excerpt":{"rendered":"<p>Voici la Wpod, un petit appareil \u00e0 pods pour vous simplifier la vie. Sans remplissage comme dans les syst\u00e8mes ouverts, ne craignez plus de vous mettre du liquide sur les doigts ou d&#8217;avoir des fuites dans la poche ou dans le sac. Changer de saveurs selon vos envies sans se prendre la t\u00eate avec 20 saveurs diff\u00e9rentes de la marque Liquideo avec du sel de nicotine. Sans bouton, sans r\u00e9sistance \u00e0 changer avec la Wpod, vapotez en toute simplicit\u00e9.<\/p>\n<p>Avec les liquides aux sels de nicotines contenus dans les pods de 1ml, l&#8217;appareil convient parfaitement au sevrage de nicotine.<\/p>\n<p>PVC TTC par Liquideo : 14.90\u20ac<\/p>\n<p>&nbsp;<\/p>\n<p>&nbsp;<\/p>\n<p><a href=\"https:\/\/dscvape.fr\/wp-content\/uploads\/2019\/12\/Wpod.pdf\">Fiche d&#8217;aide Liquideo Wpod<\/a><\/p>\n","protected":false},"featured_media":77169,"comment_status":"closed","ping_status":"closed","template":"","meta":[],"marques":[],"bundle_layout":"","bundled_by":[],"bundled_items":[],"supplier_id":null,"supplier_sku":"","atum_controlled":true,"out_stock_date":null,"out_stock_threshold":null,"inheritable":false,"inbound_stock":null,"stock_on_hold":0,"sold_today":0,"sales_last_days":0,"reserved_stock":null,"customer_returns":null,"warehouse_damage":null,"lost_in_post":null,"other_logs":null,"out_stock_days":0,"lost_sales":0,"has_location":null,"update_date":"2020-11-02T23:20:43","atum_locations":[],"atum_stock_status":"outofstock","low_stock":false,"mi_inventories":[900],"multi_inventory":null,"inventory_sorting_mode":null,"inventory_iteration":null,"expirable_inventories":null,"price_per_inventory":null,"_links":{"self":[{"href":"https:\/\/lesaintlaurentvape.com\/en\/wp-json\/wp\/v2\/product\/102879\/"}],"collection":[{"href":"https:\/\/lesaintlaurentvape.com\/en\/wp-json\/wp\/v2\/product\/"}],"about":[{"href":"https:\/\/lesaintlaurentvape.com\/en\/wp-json\/wp\/v2\/types\/product\/"}],"replies":[{"embeddable":true,"href":"https:\/\/lesaintlaurentvape.com\/en\/wp-json\/wp\/v2\/comments\/?post=102879"}],"wp:featuredmedia":[{"embeddable":true,"href":"https:\/\/lesaintlaurentvape.com\/en\/wp-json\/wp\/v2\/media\/77169\/"}],"wp:attachment":[{"href":"https:\/\/lesaintlaurentvape.com\/en\/wp-json\/wp\/v2\/media\/?parent=102879"}],"wp:term":[{"taxonomy":"marques","embeddable":true,"href":"https:\/\/lesaintlaurentvape.com\/en\/wp-json\/wp\/v2\/marques\/?post=102879"}],"curies":[{"name":"wp","href":"https:\/\/api.w.org\/{rel}","templated":true}]}}