{"id":102872,"date":"2019-12-08T09:54:19","date_gmt":"2019-12-08T08:54:19","guid":{"rendered":"https:\/\/lesaintlaurentvape.com\/produit\/booster-salty-boost-liquideo\/"},"modified":"2020-10-31T21:10:51","modified_gmt":"2020-10-31T20:10:51","slug":"booster-salty-boost-liquideo","status":"publish","type":"product","link":"https:\/\/lesaintlaurentvape.com\/en\/produit\/booster-salty-boost-liquideo\/","title":{"rendered":"Booster Salty Boost &#8211; Liquideo (lot de 10 fioles)"},"content":{"rendered":"<p><span style=\"color: #ffffff;\">Booster Salty Boost &#8211; Liquideo (lot de 10 fioles)<\/span><\/p>\n<p>LIQUIDEO est une marque de e-liquide MADE IN FRANCE certifi\u00e9e norme AFNOR XP D90-300-2.<\/p>\n<p>La marque propose la gamme Fifty Salts de Liquideo qui regroupe des valeurs s\u00fbres, d\u00e9clin\u00e9es en versions aux sels de nicotine.<\/p>\n<p>Ce\u00a0booster pour e liquide DIY \u00e0 base de sel de nicotine vous permettra d&#8217;augmenter le taux de nicotine\u00a0de vos pr\u00e9parations en toute simplicit\u00e9.<\/p>\n<p>Un e liquide contenant du sel de nicotine offre une quantit\u00e9 de nicotine accrue tout en \u00e9vitant un hit trop pr\u00e9sent en gorge, permettant une excellente assimilation par l&#8217;organisme et une sensation de sati\u00e9t\u00e9 nicotinique plus rapide.<\/p>\n<p>Saveur : &#8211;<br \/>\nPG\/VG : 50\/50<br \/>\nTaux de nicotine :20 mg<br \/>\nConditionnement : 10 fioles<\/p>\n<p>Contenance : 10 ml<br \/>\nBouchon : S\u00e9curit\u00e9 enfant<br \/>\n<span style=\"color: #ffffff;\">Booster Salty Boost &#8211; Liquideo (lot de 10 fioles)<\/span><\/p>\n<p>&nbsp;<\/p>\n<p class=\"p1\"><span class=\"s1\"><a href=\"https:\/\/dscvape.fr\/?product_cat=&amp;post_type=product&amp;s=liquideo\">Voir tous les produits liquideo sur le site.<\/a><\/span><\/p>\n<p class=\"p1\"><span class=\"s1\"><a href=\"https:\/\/www.liquideo.com\/fr\/\">Voir le site du fournisseur<\/a><\/span><\/p>\n<p>&nbsp;<\/p>\n","protected":false},"excerpt":{"rendered":"<p>Boostez vos recettes avec le\u00a0Salty Boost de la gamme Fifty Salt de chez Liquideo ! Vendu par lot de 10 et disponible en 20mg.<\/p>\n","protected":false},"featured_media":77163,"comment_status":"closed","ping_status":"closed","template":"","meta":[],"marques":[7828],"bundle_layout":"","bundled_by":[],"bundled_items":[],"supplier_id":null,"supplier_sku":"","atum_controlled":true,"out_stock_date":null,"out_stock_threshold":null,"inheritable":false,"inbound_stock":0,"stock_on_hold":0,"sold_today":0,"sales_last_days":0,"reserved_stock":0,"customer_returns":0,"warehouse_damage":0,"lost_in_post":0,"other_logs":0,"out_stock_days":0,"lost_sales":0,"has_location":false,"update_date":"2021-01-11T11:38:47","atum_locations":[],"atum_stock_status":"instock","low_stock":false,"mi_inventories":[903],"multi_inventory":null,"inventory_sorting_mode":null,"inventory_iteration":null,"expirable_inventories":null,"price_per_inventory":null,"_links":{"self":[{"href":"https:\/\/lesaintlaurentvape.com\/en\/wp-json\/wp\/v2\/product\/102872\/"}],"collection":[{"href":"https:\/\/lesaintlaurentvape.com\/en\/wp-json\/wp\/v2\/product\/"}],"about":[{"href":"https:\/\/lesaintlaurentvape.com\/en\/wp-json\/wp\/v2\/types\/product\/"}],"replies":[{"embeddable":true,"href":"https:\/\/lesaintlaurentvape.com\/en\/wp-json\/wp\/v2\/comments\/?post=102872"}],"wp:featuredmedia":[{"embeddable":true,"href":"https:\/\/lesaintlaurentvape.com\/en\/wp-json\/wp\/v2\/media\/77163\/"}],"wp:attachment":[{"href":"https:\/\/lesaintlaurentvape.com\/en\/wp-json\/wp\/v2\/media\/?parent=102872"}],"wp:term":[{"taxonomy":"marques","embeddable":true,"href":"https:\/\/lesaintlaurentvape.com\/en\/wp-json\/wp\/v2\/marques\/?post=102872"}],"curies":[{"name":"wp","href":"https:\/\/api.w.org\/{rel}","templated":true}]}}