{"id":102861,"date":"2019-12-06T16:34:53","date_gmt":"2019-12-06T15:34:53","guid":{"rendered":"https:\/\/lesaintlaurentvape.com\/produit\/liquideo-xbud-pink-dragon-50-ml\/"},"modified":"2020-10-31T21:10:36","modified_gmt":"2020-10-31T20:10:36","slug":"liquideo-xbud-pink-dragon-50-ml","status":"publish","type":"product","link":"https:\/\/lesaintlaurentvape.com\/en\/produit\/liquideo-xbud-pink-dragon-50-ml\/","title":{"rendered":"LIQUIDEO &#8211; Xbud &#8211; Pink Dragon 50 mL"},"content":{"rendered":"<p><span style=\"color: #ffffff;\">LIQUIDEO &#8211; Xbud &#8211; Pink Dragon 50 mL<\/span><\/p>\n<p>LIQUIDEO est une marque de e-liquide MADE IN FRANCE certifi\u00e9e norme AFNOR XP D90-300-2.<\/p>\n<p>Elle propose la gamme Xbud qui contient une large palette de saveurs dont 4 &#8220;classics&#8221; et 4 recettes fruit\u00e9es.<\/p>\n<p class=\"p1\">Saveur : Fruit\u00e9e<br \/>\nPG\/VG : 65\/35<br \/>\nTaux de nicotine : Sans nicotine<br \/>\nConditionnement : Unit\u00e9<br \/>\nContenance : 50 ml<br \/>\nBouchon : S\u00e9curit\u00e9 enfant<br \/>\n\u00c9tiquetage : Marquage s\u00e9curit\u00e9 pour non-voyant<\/p>\n<p>&nbsp;<\/p>\n<p class=\"p1\"><span class=\"s1\"><a href=\"https:\/\/dscvape.fr\/?product_cat=&amp;post_type=product&amp;s=liquideo\">Voir tous les produits liquideo sur le site<\/a><\/span><\/p>\n<p class=\"p1\"><span class=\"s1\"><a href=\"https:\/\/www.liquideo.com\/fr\/\">Voir le site du fournisseur<\/a><\/span><\/p>\n","protected":false},"excerpt":{"rendered":"<p>Un m\u00e9lange de fruits rouges, raisins, \u00e9pic\u00e9 \u00e0 l&#8217;anis et l&#8217;eucalyptus. Sa formule en 65PG\/35VG conviendrait pour la plupart des appareils MTL. Disponible sans nicotine<\/p>\n","protected":false},"featured_media":77151,"comment_status":"closed","ping_status":"closed","template":"","meta":[],"marques":[7828],"bundle_layout":"","bundled_by":[],"bundled_items":[],"supplier_id":null,"supplier_sku":"","atum_controlled":true,"out_stock_date":null,"out_stock_threshold":null,"inheritable":false,"inbound_stock":null,"stock_on_hold":0,"sold_today":0,"sales_last_days":0,"reserved_stock":null,"customer_returns":null,"warehouse_damage":null,"lost_in_post":null,"other_logs":null,"out_stock_days":0,"lost_sales":0,"has_location":null,"update_date":"2020-11-02T23:20:43","atum_locations":[],"atum_stock_status":"instock","low_stock":false,"mi_inventories":[906],"multi_inventory":null,"inventory_sorting_mode":null,"inventory_iteration":null,"expirable_inventories":null,"price_per_inventory":null,"_links":{"self":[{"href":"https:\/\/lesaintlaurentvape.com\/en\/wp-json\/wp\/v2\/product\/102861\/"}],"collection":[{"href":"https:\/\/lesaintlaurentvape.com\/en\/wp-json\/wp\/v2\/product\/"}],"about":[{"href":"https:\/\/lesaintlaurentvape.com\/en\/wp-json\/wp\/v2\/types\/product\/"}],"replies":[{"embeddable":true,"href":"https:\/\/lesaintlaurentvape.com\/en\/wp-json\/wp\/v2\/comments\/?post=102861"}],"wp:featuredmedia":[{"embeddable":true,"href":"https:\/\/lesaintlaurentvape.com\/en\/wp-json\/wp\/v2\/media\/77151\/"}],"wp:attachment":[{"href":"https:\/\/lesaintlaurentvape.com\/en\/wp-json\/wp\/v2\/media\/?parent=102861"}],"wp:term":[{"taxonomy":"marques","embeddable":true,"href":"https:\/\/lesaintlaurentvape.com\/en\/wp-json\/wp\/v2\/marques\/?post=102861"}],"curies":[{"name":"wp","href":"https:\/\/api.w.org\/{rel}","templated":true}]}}