{"id":102854,"date":"2019-12-06T13:25:44","date_gmt":"2019-12-06T12:25:44","guid":{"rendered":"https:\/\/lesaintlaurentvape.com\/produit\/liquideo-evolution-american-mix-50-ml\/"},"modified":"2020-10-31T21:10:29","modified_gmt":"2020-10-31T20:10:29","slug":"liquideo-evolution-american-mix-50-ml","status":"publish","type":"product","link":"https:\/\/lesaintlaurentvape.com\/en\/produit\/liquideo-evolution-american-mix-50-ml\/","title":{"rendered":"LIQUIDEO &#8211; Evolution &#8211; American Mix 50 ml"},"content":{"rendered":"<p><span style=\"color: #ffffff;\">LIQUIDEO &#8211; Evolution &#8211; American Mix 50 ml<\/span><\/p>\n<p>LIQUIDEO est une marque de e-liquide MADE IN FRANCE certifi\u00e9e norme AFNOR XP D90-300-2.<\/p>\n<p>Elle propose la gamme evolution qui contient une large palette de saveurs pour tous les amateurs de mono-ar\u00f4me se tourneront vers les Classico, Fresh et Fruit\u00e9 etc..<\/p>\n<p class=\"p1\">Saveur : Classic<br \/>\nPG\/VG : 70\/30<br \/>\nTaux de nicotine : Sans nicotine<br \/>\nConditionnement : Unit\u00e9<br \/>\nContenance : 50 ml<br \/>\nBouchon : S\u00e9curit\u00e9 enfant<br \/>\n\u00c9tiquetage : Marquage s\u00e9curit\u00e9 pour non-voyant<\/p>\n<p>&nbsp;<\/p>\n<p class=\"p1\"><span class=\"s1\"><a href=\"https:\/\/dscvape.fr\/?product_cat=&amp;post_type=product&amp;s=liquideo\">Voir tous les produits liquideo sur le site<\/a><\/span><\/p>\n<p class=\"p1\"><span class=\"s1\"><a href=\"https:\/\/www.liquideo.com\/fr\/\">Voir le site du fournisseur<\/a><\/span><\/p>\n","protected":false},"excerpt":{"rendered":"<p>Un Classic blond type USA Mix. Une composition en 70PG\/30VG id\u00e9al pour les appareils MTL. Disponible sans nicotine.<\/p>\n","protected":false},"featured_media":77147,"comment_status":"closed","ping_status":"closed","template":"","meta":[],"marques":[7828],"bundle_layout":"","bundled_by":[],"bundled_items":[],"supplier_id":null,"supplier_sku":"","atum_controlled":true,"out_stock_date":null,"out_stock_threshold":null,"inheritable":false,"inbound_stock":null,"stock_on_hold":0,"sold_today":0,"sales_last_days":0,"reserved_stock":null,"customer_returns":null,"warehouse_damage":null,"lost_in_post":null,"other_logs":null,"out_stock_days":0,"lost_sales":0,"has_location":null,"update_date":"2020-11-02T23:20:43","atum_locations":[],"atum_stock_status":"instock","low_stock":false,"mi_inventories":[390],"multi_inventory":null,"inventory_sorting_mode":null,"inventory_iteration":null,"expirable_inventories":null,"price_per_inventory":null,"_links":{"self":[{"href":"https:\/\/lesaintlaurentvape.com\/en\/wp-json\/wp\/v2\/product\/102854\/"}],"collection":[{"href":"https:\/\/lesaintlaurentvape.com\/en\/wp-json\/wp\/v2\/product\/"}],"about":[{"href":"https:\/\/lesaintlaurentvape.com\/en\/wp-json\/wp\/v2\/types\/product\/"}],"replies":[{"embeddable":true,"href":"https:\/\/lesaintlaurentvape.com\/en\/wp-json\/wp\/v2\/comments\/?post=102854"}],"wp:featuredmedia":[{"embeddable":true,"href":"https:\/\/lesaintlaurentvape.com\/en\/wp-json\/wp\/v2\/media\/77147\/"}],"wp:attachment":[{"href":"https:\/\/lesaintlaurentvape.com\/en\/wp-json\/wp\/v2\/media\/?parent=102854"}],"wp:term":[{"taxonomy":"marques","embeddable":true,"href":"https:\/\/lesaintlaurentvape.com\/en\/wp-json\/wp\/v2\/marques\/?post=102854"}],"curies":[{"name":"wp","href":"https:\/\/api.w.org\/{rel}","templated":true}]}}