{"id":102847,"date":"2019-12-06T13:08:31","date_gmt":"2019-12-06T12:08:31","guid":{"rendered":"https:\/\/lesaintlaurentvape.com\/produit\/liquideo-tentation-dr-hoffmann\/"},"modified":"2020-11-03T12:15:11","modified_gmt":"2020-11-03T11:15:11","slug":"liquideo-tentation-dr-hoffmann","status":"publish","type":"product","link":"https:\/\/lesaintlaurentvape.com\/en\/produit\/liquideo-tentation-dr-hoffmann\/","title":{"rendered":"LIQUIDEO &#8211; Tentation &#8211; Dr Hofmann 10 mL"},"content":{"rendered":"<p><span style=\"color: #ffffff;\">LIQUIDEO &#8211; Tentation &#8211; Dr Hofmann 10 mL<\/span><\/p>\n<p>LIQUIDEO est une marque de e-liquide MADE IN FRANCE certifi\u00e9e norme AFNOR XP D90-300-2.<\/p>\n<p>La marque propose la gamme Tentation qui contient une large palette de saveurs gourmandes.<\/p>\n<p class=\"p1\">Saveur : Fra\u00eecheur fruit\u00e9e<br \/>\nPG\/VG : 50\/50<br \/>\nTaux de nicotine : 0 mg\/ml, 3 mg\/ml, 6 mg\/ml, 10 mg\/ml, 15 mg\/ml<br \/>\nContenance : 10 ml<br \/>\nBouchon : S\u00e9curit\u00e9 enfant<br \/>\n\u00c9tiquetage : Marquage s\u00e9curit\u00e9 pour non-voyant<\/p>\n<p>&nbsp;<\/p>\n<p class=\"p1\"><span class=\"s1\"><a href=\"https:\/\/dscvape.fr\/?product_cat=&amp;post_type=product&amp;s=liquideo\">Voir tous les produits liquideo sur le site<\/a><\/span><\/p>\n<p class=\"p1\"><span class=\"s1\"><a href=\"https:\/\/www.liquideo.com\/fr\/\">Voir le site du fournisseur<\/a><\/span><\/p>\n","protected":false},"excerpt":{"rendered":"<p>Un merveilleux m\u00e9lange de fruits rouges et de raisin, accompagn\u00e9s d&#8217;une touche de fra\u00eecheur. Sa composition en 50PG\/50VG parfaite pour tous les appareils MTL. Disponible en 0 mg \/ 3 mg \/ 6 mg \/ 10 mg \/ 15 mg de nicotine.<\/p>\n","protected":false},"featured_media":77143,"comment_status":"closed","ping_status":"closed","template":"","meta":[],"marques":[7828],"bundle_layout":"","bundled_by":[],"bundled_items":[],"supplier_id":null,"supplier_sku":"","atum_controlled":true,"out_stock_date":null,"out_stock_threshold":null,"inheritable":true,"inbound_stock":null,"stock_on_hold":0,"sold_today":0,"sales_last_days":0,"reserved_stock":null,"customer_returns":null,"warehouse_damage":null,"lost_in_post":null,"other_logs":null,"out_stock_days":0,"lost_sales":0,"has_location":false,"update_date":"2020-11-05T23:27:31","atum_locations":[],"atum_stock_status":"instock","low_stock":false,"mi_inventories":[],"multi_inventory":"no","inventory_sorting_mode":null,"inventory_iteration":null,"expirable_inventories":null,"price_per_inventory":null,"_links":{"self":[{"href":"https:\/\/lesaintlaurentvape.com\/en\/wp-json\/wp\/v2\/product\/102847\/"}],"collection":[{"href":"https:\/\/lesaintlaurentvape.com\/en\/wp-json\/wp\/v2\/product\/"}],"about":[{"href":"https:\/\/lesaintlaurentvape.com\/en\/wp-json\/wp\/v2\/types\/product\/"}],"replies":[{"embeddable":true,"href":"https:\/\/lesaintlaurentvape.com\/en\/wp-json\/wp\/v2\/comments\/?post=102847"}],"wp:featuredmedia":[{"embeddable":true,"href":"https:\/\/lesaintlaurentvape.com\/en\/wp-json\/wp\/v2\/media\/77143\/"}],"wp:attachment":[{"href":"https:\/\/lesaintlaurentvape.com\/en\/wp-json\/wp\/v2\/media\/?parent=102847"}],"wp:term":[{"taxonomy":"marques","embeddable":true,"href":"https:\/\/lesaintlaurentvape.com\/en\/wp-json\/wp\/v2\/marques\/?post=102847"}],"curies":[{"name":"wp","href":"https:\/\/api.w.org\/{rel}","templated":true}]}}