{"id":102836,"date":"2019-12-06T11:42:10","date_gmt":"2019-12-06T10:42:10","guid":{"rendered":"https:\/\/lesaintlaurentvape.com\/produit\/liquideo-salt-le-m\/"},"modified":"2020-10-31T21:10:09","modified_gmt":"2020-10-31T20:10:09","slug":"liquideo-salt-le-m","status":"publish","type":"product","link":"https:\/\/lesaintlaurentvape.com\/en\/produit\/liquideo-salt-le-m\/","title":{"rendered":"Liquideo &#8211; Salt &#8211; Le &#8220;M&#8221;"},"content":{"rendered":"<p><span style=\"color: #ffffff;\">Liquideo &#8211; Salt &#8211; Le &#8220;M&#8221;<\/span><\/p>\n<p>LIQUIDEO est une marque de e-liquide MADE IN FRANCE certifi\u00e9e norme AFNOR XP D90-300-2.<\/p>\n<p>La marque propose la gamme evolution qui contient une large palette de saveurs pour tous les amateurs de mono-ar\u00f4me se tourneront vers les Classico, Fresh et Fruit\u00e9 etc..<\/p>\n<p class=\"p1\">Saveur : Classic<br \/>\nPG\/VG : 50\/50<br \/>\nTaux de nicotine :10 mg et 20 mg<br \/>\nConditionnement : Unit\u00e9<br \/>\nContenance : 10 ml<br \/>\nBouchon : S\u00e9curit\u00e9 enfant<br \/>\n\u00c9tiquetage : Marquage s\u00e9curit\u00e9 pour non-voyant<\/p>\n<p class=\"p1\"><span class=\"s1\"><a href=\"https:\/\/dscvape.fr\/?product_cat=&amp;post_type=product&amp;s=liquideo\">Voir tous les produits liquideo sur le site<\/a><\/span><\/p>\n<p class=\"p1\"><span class=\"s1\"><a href=\"https:\/\/www.liquideo.com\/fr\/\">Voir le site du fournisseur<\/a><\/span><\/p>\n","protected":false},"excerpt":{"rendered":"<p>Le &#8216;M&#8217; est un Classic sec au go\u00fbt l\u00e9g\u00e8rement sucr\u00e9 au sel de nicotine. Une composition en 50PG\/50VG id\u00e9al pour les appareils MTL. Disponible en 10 mg\u00a0 et 20 mg de nicotine.<\/p>\n","protected":false},"featured_media":77137,"comment_status":"closed","ping_status":"closed","template":"","meta":[],"marques":[],"bundle_layout":"","bundled_by":[],"bundled_items":[],"supplier_id":null,"supplier_sku":"","atum_controlled":true,"out_stock_date":null,"out_stock_threshold":null,"inheritable":false,"inbound_stock":null,"stock_on_hold":null,"sold_today":null,"sales_last_days":null,"reserved_stock":null,"customer_returns":null,"warehouse_damage":null,"lost_in_post":null,"other_logs":null,"out_stock_days":null,"lost_sales":null,"has_location":null,"update_date":null,"atum_locations":[],"atum_stock_status":"instock","low_stock":false,"mi_inventories":[],"multi_inventory":null,"inventory_sorting_mode":null,"inventory_iteration":null,"expirable_inventories":null,"price_per_inventory":null,"_links":{"self":[{"href":"https:\/\/lesaintlaurentvape.com\/en\/wp-json\/wp\/v2\/product\/102836\/"}],"collection":[{"href":"https:\/\/lesaintlaurentvape.com\/en\/wp-json\/wp\/v2\/product\/"}],"about":[{"href":"https:\/\/lesaintlaurentvape.com\/en\/wp-json\/wp\/v2\/types\/product\/"}],"replies":[{"embeddable":true,"href":"https:\/\/lesaintlaurentvape.com\/en\/wp-json\/wp\/v2\/comments\/?post=102836"}],"wp:featuredmedia":[{"embeddable":true,"href":"https:\/\/lesaintlaurentvape.com\/en\/wp-json\/wp\/v2\/media\/77137\/"}],"wp:attachment":[{"href":"https:\/\/lesaintlaurentvape.com\/en\/wp-json\/wp\/v2\/media\/?parent=102836"}],"wp:term":[{"taxonomy":"marques","embeddable":true,"href":"https:\/\/lesaintlaurentvape.com\/en\/wp-json\/wp\/v2\/marques\/?post=102836"}],"curies":[{"name":"wp","href":"https:\/\/api.w.org\/{rel}","templated":true}]}}