{"id":102822,"date":"2019-12-06T10:45:50","date_gmt":"2019-12-06T09:45:50","guid":{"rendered":"https:\/\/lesaintlaurentvape.com\/produit\/liquideo-evolution-freeze-mirabelle-10-ml-2\/"},"modified":"2020-10-31T21:09:53","modified_gmt":"2020-10-31T20:09:53","slug":"liquideo-evolution-freeze-mirabelle-10-ml-2","status":"publish","type":"product","link":"https:\/\/lesaintlaurentvape.com\/en\/produit\/liquideo-evolution-freeze-mirabelle-10-ml-2\/","title":{"rendered":"LIQUIDEO &#8211; Freeze &#8211; M\u00fbre 10 ml"},"content":{"rendered":"<p><span style=\"color: #ffffff;\">LIQUIDEO &#8211; Freeze &#8211; M\u00fbre 10 ml<\/span><\/p>\n<p>LIQUIDEO propose la gamme evolution qui contient une large palette de saveurs pour tous les amateurs de mono-ar\u00f4me se tourneront vers les Classic, Fresh et Fruit\u00e9.<\/p>\n<p class=\"p1\">Saveur : Fra\u00eecheur\/Fruit\u00e9<br \/>\nPG\/VG : 50\/50<br \/>\nTaux de nicotine : 0 mg\/ml, 3 mg\/ml, 6 mg\/ml, 10 mg\/ml<br \/>\nContenance : 10 ml<br \/>\nBouchon : S\u00e9curit\u00e9 enfant<br \/>\n\u00c9tiquetage : Marquage s\u00e9curit\u00e9 pour non-voyant<\/p>\n<p>&nbsp;<\/p>\n<p class=\"p1\"><span class=\"s1\"><a href=\"https:\/\/dscvape.fr\/?product_cat=&amp;post_type=product&amp;s=liquideo\">Voir tous les produits liquideo sur le site<\/a><\/span><\/p>\n<p class=\"p1\"><span class=\"s1\"><a href=\"https:\/\/www.liquideo.com\/fr\/\">Voir le site du fournisseur<\/a><\/span><\/p>\n","protected":false},"excerpt":{"rendered":"<p>Un sorbet m\u00fbre tr\u00e8s rafra\u00eechissant. Une composition en 50PG\/50VG id\u00e9al pour tous les appareils. Disponible en 0 mg \/ 3 mg \/ 6 mg \/ 10 mg de nicotine.<\/p>\n","protected":false},"featured_media":77125,"comment_status":"closed","ping_status":"closed","template":"","meta":[],"marques":[7828],"bundle_layout":"","bundled_by":[],"bundled_items":[],"supplier_id":null,"supplier_sku":"","atum_controlled":true,"out_stock_date":null,"out_stock_threshold":null,"inheritable":false,"inbound_stock":null,"stock_on_hold":null,"sold_today":null,"sales_last_days":null,"reserved_stock":null,"customer_returns":null,"warehouse_damage":null,"lost_in_post":null,"other_logs":null,"out_stock_days":null,"lost_sales":null,"has_location":null,"update_date":null,"atum_locations":[],"atum_stock_status":"instock","low_stock":false,"mi_inventories":[],"multi_inventory":null,"inventory_sorting_mode":null,"inventory_iteration":null,"expirable_inventories":null,"price_per_inventory":null,"_links":{"self":[{"href":"https:\/\/lesaintlaurentvape.com\/en\/wp-json\/wp\/v2\/product\/102822\/"}],"collection":[{"href":"https:\/\/lesaintlaurentvape.com\/en\/wp-json\/wp\/v2\/product\/"}],"about":[{"href":"https:\/\/lesaintlaurentvape.com\/en\/wp-json\/wp\/v2\/types\/product\/"}],"replies":[{"embeddable":true,"href":"https:\/\/lesaintlaurentvape.com\/en\/wp-json\/wp\/v2\/comments\/?post=102822"}],"wp:featuredmedia":[{"embeddable":true,"href":"https:\/\/lesaintlaurentvape.com\/en\/wp-json\/wp\/v2\/media\/77125\/"}],"wp:attachment":[{"href":"https:\/\/lesaintlaurentvape.com\/en\/wp-json\/wp\/v2\/media\/?parent=102822"}],"wp:term":[{"taxonomy":"marques","embeddable":true,"href":"https:\/\/lesaintlaurentvape.com\/en\/wp-json\/wp\/v2\/marques\/?post=102822"}],"curies":[{"name":"wp","href":"https:\/\/api.w.org\/{rel}","templated":true}]}}