{"id":102793,"date":"2019-12-01T14:22:05","date_gmt":"2019-12-01T13:22:05","guid":{"rendered":"https:\/\/lesaintlaurentvape.com\/produit\/euc-coil-vm-tank\/"},"modified":"2020-10-31T21:10:39","modified_gmt":"2020-10-31T20:10:39","slug":"euc-coil-vm-tank","status":"publish","type":"product","link":"https:\/\/lesaintlaurentvape.com\/en\/produit\/euc-coil-vm-tank\/","title":{"rendered":"VAPORESSO &#8211; EUC Coil pour VM Tank"},"content":{"rendered":"","protected":false},"excerpt":{"rendered":"<p>R\u00e9sistance d\u00e9di\u00e9e \u00e0 la VM Tank<\/p>\n<p>-EUC Ccell 1.0 ohm id\u00e9ale d&#8217;utilisation avec e-liquides contenant du sels de nicotine ou PG+.<\/p>\n<p>-EUC Meshed 0.6ohm id\u00e9ale pour e-liquides 50\/50 ou 70\/30 (PG\/VG).<\/p>\n","protected":false},"featured_media":77109,"comment_status":"closed","ping_status":"closed","template":"","meta":[],"marques":[7545],"bundle_layout":"","bundled_by":[],"bundled_items":[],"supplier_id":null,"supplier_sku":"","atum_controlled":true,"out_stock_date":null,"out_stock_threshold":null,"inheritable":false,"inbound_stock":null,"stock_on_hold":null,"sold_today":null,"sales_last_days":null,"reserved_stock":null,"customer_returns":null,"warehouse_damage":null,"lost_in_post":null,"other_logs":null,"out_stock_days":null,"lost_sales":null,"has_location":null,"update_date":null,"atum_locations":[],"atum_stock_status":"instock","low_stock":false,"mi_inventories":[],"multi_inventory":null,"inventory_sorting_mode":null,"inventory_iteration":null,"expirable_inventories":null,"price_per_inventory":null,"_links":{"self":[{"href":"https:\/\/lesaintlaurentvape.com\/en\/wp-json\/wp\/v2\/product\/102793\/"}],"collection":[{"href":"https:\/\/lesaintlaurentvape.com\/en\/wp-json\/wp\/v2\/product\/"}],"about":[{"href":"https:\/\/lesaintlaurentvape.com\/en\/wp-json\/wp\/v2\/types\/product\/"}],"replies":[{"embeddable":true,"href":"https:\/\/lesaintlaurentvape.com\/en\/wp-json\/wp\/v2\/comments\/?post=102793"}],"wp:featuredmedia":[{"embeddable":true,"href":"https:\/\/lesaintlaurentvape.com\/en\/wp-json\/wp\/v2\/media\/77109\/"}],"wp:attachment":[{"href":"https:\/\/lesaintlaurentvape.com\/en\/wp-json\/wp\/v2\/media\/?parent=102793"}],"wp:term":[{"taxonomy":"marques","embeddable":true,"href":"https:\/\/lesaintlaurentvape.com\/en\/wp-json\/wp\/v2\/marques\/?post=102793"}],"curies":[{"name":"wp","href":"https:\/\/api.w.org\/{rel}","templated":true}]}}