{"id":102780,"date":"2019-12-02T16:18:32","date_gmt":"2019-12-02T15:18:32","guid":{"rendered":"https:\/\/lesaintlaurentvape.com\/produit\/innokin-endura-t18-ii-mini-kit\/"},"modified":"2020-10-31T21:08:59","modified_gmt":"2020-10-31T20:08:59","slug":"innokin-endura-t18-ii-mini-kit","status":"publish","type":"product","link":"https:\/\/lesaintlaurentvape.com\/en\/produit\/innokin-endura-t18-ii-mini-kit\/","title":{"rendered":"INNOKIN Endura T18 II mini Kit"},"content":{"rendered":"<p><span style=\"color: #ffffff;\">INNOKIN Endura T18 II mini Kit<\/span><\/p>\n<h2 style=\"text-align: center;\"><b>DESCRIPTION D\u00c9TAILL\u00c9E :<\/b><\/h2>\n<p>&nbsp;<\/p>\n<p><img loading=\"lazy\" class=\"aligncenter wp-image-4209 size-full\" src=\"https:\/\/dscvape.fr\/wp-content\/uploads\/2018\/11\/D\u00e9tail-ENDURA-T18II-innokin.png\" alt=\"INNOKIN Endura T18 II\" width=\"1424\" height=\"1282\" \/><\/p>\n<p style=\"text-align: center;\"><strong><u>Un remplissage simple <\/u><\/strong><\/p>\n<p style=\"text-align: center;\">Le remplissage par le haut se fait de mani\u00e8re tr\u00e8s simple. Il vous suffit de deviser le top cap afin d\u2019avoir acc\u00e8s au r\u00e9servoir. Le remplissage se fait sur le c\u00f4t\u00e9, juste \u00e0 c\u00f4t\u00e9 de la r\u00e9sistance (voir photo ci-joint).<\/p>\n<p><img loading=\"lazy\" class=\"aligncenter wp-image-3528 size-full\" src=\"https:\/\/dscvape.fr\/wp-content\/uploads\/2018\/11\/Remplissage-2.png\" alt=\"INNOKIN Endura T18 II mini Kit\" width=\"844\" height=\"564\" \/><\/p>\n<p style=\"text-align: center;\">Attention, peu importe l\u2019appareil, il est tr\u00e8s important de faire l\u2019amor\u00e7age de la r\u00e9sistance. Rappel\u00a0: Etant donn\u00e9 qu\u2019une r\u00e9sistance est compos\u00e9e de coton, lors de la premi\u00e8re utilisation (ou lorsque vous changez de r\u00e9sistance) celle-ci est compl\u00e8tement sec. Il faut donc laisser baigner la r\u00e9sistance dans le liquide apr\u00e8s le remplissage plusieurs minutes (environ 10-15 min) pour \u00e9viter que celle-ci ne br\u00fble pr\u00e9matur\u00e9ment n\u2019\u00e9tant pas imbib\u00e9e de liquide lors que l\u2019appareil la chauffe.<\/p>\n<p>&nbsp;<\/p>\n<p style=\"text-align: center;\"><strong><u>Une batterie durable d&#8217;une capacit\u00e9 de 1000 mAh<\/u><\/strong><\/p>\n<p style=\"text-align: center;\">Ce kit permet \u00e9galement de conna\u00eetre le niveau de batterie gr\u00e2ce \u00e0 un syst\u00e8me de leds. Pour allumer votre appareil, 3 clics suffisent !<\/p>\n<table class=\" aligncenter\" style=\"width: 957px;\">\n<tbody>\n<tr>\n<td style=\"width: 319px;\" width=\"314\">\n<p style=\"text-align: justify;\"><span style=\"font-size: 12pt;\">3 <\/span>LED allum\u00e9e : Batterie pleine<\/p>\n<p><img loading=\"lazy\" class=\"alignnone wp-image-20666 size-full\" src=\"https:\/\/dscvape.fr\/wp-content\/uploads\/2019\/02\/Niveau-3.png\" alt=\"\" width=\"145\" height=\"55\" \/><\/td>\n<td style=\"width: 319px;\" width=\"314\">2 LED allum\u00e9e : Batterie moyenne<\/p>\n<p><img loading=\"lazy\" class=\"alignnone wp-image-20667 size-full\" src=\"https:\/\/dscvape.fr\/wp-content\/uploads\/2019\/02\/Niveau-2.png\" alt=\"\" width=\"145\" height=\"55\" \/><\/td>\n<td style=\"width: 319px;\" width=\"314\">1 LED allum\u00e9e : Batterie faible<\/p>\n<p><img loading=\"lazy\" class=\"aligncenter size-full wp-image-3531\" src=\"https:\/\/dscvape.fr\/wp-content\/uploads\/2018\/11\/Niveau-3.png\" alt=\"\" width=\"154\" height=\"53\" \/><\/td>\n<\/tr>\n<\/tbody>\n<\/table>\n<p style=\"text-align: center;\"><strong><u>Changer sa r\u00e9sistance<\/u><\/strong><\/p>\n<p style=\"text-align: center;\">Le Endura T18II mini est compatible avec les r\u00e9sistances Prism mini. Pour changer sa r\u00e9sistance, rien de plus simple. Il vous suffira de deviser le bottom cap du r\u00e9servoir, tirer sur la r\u00e9sistance et en replacer une nouvelle en l\u2019embo\u00eetant correctement avec les lignes indiqu\u00e9es sur le r\u00e9servoir.<\/p>\n<p><img loading=\"lazy\" class=\"aligncenter wp-image-3533 size-full\" src=\"https:\/\/dscvape.fr\/wp-content\/uploads\/2018\/11\/Changer-r\u00e9sistance.png\" alt=\"INNOKIN Endura T18 II mini Kit\" width=\"724\" height=\"523\" \/><\/p>\n<p>&nbsp;<\/p>\n<p class=\"p1\"><span class=\"s1\"><a href=\"https:\/\/dscvape.fr\/?product_cat=&amp;post_type=product&amp;s=INNOKIN\">Voir tous les produits INNOKIN sur le site\u00a0<\/a><\/span><\/p>\n<p class=\"p1\"><span class=\"s1\"><a href=\"http:\/\/www.innokin.fr\/\">Voir le site du fournisseur<\/a><\/span><\/p>\n<h3><span style=\"color: #ffffff;\">INNOKIN Endura T18 II mini Kit<\/span><\/h3>\n","protected":false},"excerpt":{"rendered":"<p>Apr\u00e8s le fameux kit Endura T18 et le kit Endura T18 II, voici le nouveau b\u00e9b\u00e9 d&#8217;Innokin : le kit Endura T18II mini ! Tout en gardant la m\u00eame qualit\u00e9 et les m\u00eames performances que ses a\u00een\u00e9s m\u00eame en format mini,\u00a0 son format compact et son design retravaill\u00e9s\u00a0 ne vous quitteront plus. Int\u00e9gr\u00e9e d&#8217;une batterie de 1000mAh et une capacit\u00e9 de contenance de 2mL elle est parfaitement adapt\u00e9e aux primo-vapoteurs. Ce kit utilise les r\u00e9sistances Prism mini qui permettent de d\u00e9multiplier les saveurs et de produire une vapeur incomparable. \u00c7a, c&#8217;est l&#8217;efficacit\u00e9 d&#8217;Innokin qui ne nous d\u00e9\u00e7oit jamais !<\/p>\n<p>Prix de vente minimum conseill\u00e9 en magasin physique: 29.90\u20acTTC (prix donn\u00e9 par le fabricant INNOKIN)<\/p>\n<p><a href=\"https:\/\/dscvape.fr\/wp-content\/uploads\/2019\/12\/Aide-\u00e0-la-vente-INNOKIN-Endura-T18II-mini.pdf\">T\u00e9l\u00e9chargez-moi pour une aide \u00e0 la vente INNOKIN Endura T18II mini<\/a><\/p>\n","protected":false},"featured_media":77095,"comment_status":"closed","ping_status":"closed","template":"","meta":[],"marques":[7484],"bundle_layout":"","bundled_by":[],"bundled_items":[],"supplier_id":null,"supplier_sku":"","atum_controlled":true,"out_stock_date":null,"out_stock_threshold":null,"inheritable":false,"inbound_stock":null,"stock_on_hold":null,"sold_today":null,"sales_last_days":null,"reserved_stock":null,"customer_returns":null,"warehouse_damage":null,"lost_in_post":null,"other_logs":null,"out_stock_days":null,"lost_sales":null,"has_location":null,"update_date":null,"atum_locations":[],"atum_stock_status":"instock","low_stock":false,"mi_inventories":[],"multi_inventory":null,"inventory_sorting_mode":null,"inventory_iteration":null,"expirable_inventories":null,"price_per_inventory":null,"_links":{"self":[{"href":"https:\/\/lesaintlaurentvape.com\/en\/wp-json\/wp\/v2\/product\/102780\/"}],"collection":[{"href":"https:\/\/lesaintlaurentvape.com\/en\/wp-json\/wp\/v2\/product\/"}],"about":[{"href":"https:\/\/lesaintlaurentvape.com\/en\/wp-json\/wp\/v2\/types\/product\/"}],"replies":[{"embeddable":true,"href":"https:\/\/lesaintlaurentvape.com\/en\/wp-json\/wp\/v2\/comments\/?post=102780"}],"wp:featuredmedia":[{"embeddable":true,"href":"https:\/\/lesaintlaurentvape.com\/en\/wp-json\/wp\/v2\/media\/77095\/"}],"wp:attachment":[{"href":"https:\/\/lesaintlaurentvape.com\/en\/wp-json\/wp\/v2\/media\/?parent=102780"}],"wp:term":[{"taxonomy":"marques","embeddable":true,"href":"https:\/\/lesaintlaurentvape.com\/en\/wp-json\/wp\/v2\/marques\/?post=102780"}],"curies":[{"name":"wp","href":"https:\/\/api.w.org\/{rel}","templated":true}]}}