{"id":102775,"date":"2019-12-03T12:51:56","date_gmt":"2019-12-03T11:51:56","guid":{"rendered":"https:\/\/lesaintlaurentvape.com\/produit\/innokin-zenith-pro-tank-5-5ml\/"},"modified":"2020-10-31T21:08:46","modified_gmt":"2020-10-31T20:08:46","slug":"innokin-zenith-pro-tank-5-5ml","status":"publish","type":"product","link":"https:\/\/lesaintlaurentvape.com\/en\/produit\/innokin-zenith-pro-tank-5-5ml\/","title":{"rendered":"INNOKIN Zenith pro Tank 5.5mL"},"content":{"rendered":"<p><span style=\"color: #ffffff;\">INNOKIN Zenith pro Tank 5.5mL<\/span><\/p>\n<h2 style=\"text-align: center;\"><b>DESCRIPTION D\u00c9TAILL\u00c9E :<img loading=\"lazy\" class=\"size-full wp-image-20847 aligncenter\" src=\"https:\/\/dscvape.fr\/wp-content\/uploads\/2019\/12\/Zenith-Pro-description-2.png\" alt=\"\" width=\"858\" height=\"659\" \/><\/b><\/h2>\n<p style=\"text-align: center;\"><span style=\"text-decoration: underline;\"><strong>Un remplissage intelligent<\/strong><\/span><\/p>\n<p style=\"text-align: center;\">Innokin pr\u00e9sentait d\u00e9j\u00e0 le clearomiseur Zenith avec un syst\u00e8me de remplissage intelligent. Cette fois-ci, pour le clearomiseur Zenith Pro, toujours avec le m\u00eame syst\u00e8me de remplissage par le haut, on note qu&#8217;Innokin a r\u00e9nov\u00e9 la forme du trou qui est cette fois-ci sous forme d&#8217;haricot pour faciliter le remplissage. Il a aussi augment\u00e9 la capacit\u00e9 et peut contenir maintenant jusqu&#8217;\u00e0 5.5mL de e-liquide.<\/p>\n<p><img loading=\"lazy\" class=\"aligncenter size-full wp-image-3441\" src=\"https:\/\/dscvape.fr\/wp-content\/uploads\/2018\/11\/Remplissage-zenith-1.png\" alt=\"\" width=\"959\" height=\"1186\" \/><\/p>\n<p style=\"text-align: center;\"><span style=\"text-decoration: underline;\"><strong>Un syst\u00e8me de fermeture automatique<\/strong><\/span><\/p>\n<p style=\"text-align: center;\">Innokin a mis en place un syst\u00e8me de fermeture automatique pour son nouveau clearomiseur Zenith Pro qui permet de retirer seulement la r\u00e9sistance. Vous n&#8217;aurez plus besoin de le vider pour changer la r\u00e9sistance, que le r\u00e9servoir soit \u00e0 l&#8217;envers ou \u00e0 l&#8217;endroit ! C&#8217;est une qualit\u00e9 non-n\u00e9gligeable et \u00e9conomique pour vous.<\/p>\n<p><img loading=\"lazy\" class=\"aligncenter wp-image-20904 size-full\" src=\"https:\/\/dscvape.fr\/wp-content\/uploads\/2019\/12\/Zenith-Pro-product-page-191126_03_03-1.png\" alt=\"INNOKIN Zenith pro Tank 5.5mL\" width=\"1155\" height=\"1076\" \/><\/p>\n<p style=\"text-align: center;\"><strong><u>Des r\u00e9sistances Zenith Pro<\/u><\/strong><\/p>\n<p style=\"text-align: center;\">Innokin introduit sur le march\u00e9 de la vape ses nouvelles r\u00e9sistances Zenith Pro en 1.0 ohm. D&#8217;autant plus performantes que les r\u00e9sistances Zenith. Avec une dur\u00e9e de vie encore plus longue et une bonne restitution des saveurs. L\u2019installation de ces r\u00e9sistances se fait de mani\u00e8re tr\u00e8s simple. Il suffit de d\u00e9visser la bague d\u2019airflow situ\u00e9e sur le bas du clearomiseur et de l&#8217;ins\u00e9rer en la clipsant. Pour la changer, m\u00eame proc\u00e9d\u00e9, vous d\u00e9vissez la bague d&#8217;airflow, il suffit de tirer sur la r\u00e9sistance pour qu&#8217;elle se retire. Vous n&#8217;avez pas \u00e0 vous souciez du liquide qui pourrait se vider. Le syst\u00e8me de fermeture automatique vous promet un clearomiseur sans fuites.<\/p>\n<h4><span style=\"color: #ffffff;\">Mais<\/span><\/h4>\n<p style=\"text-align: center;\">Attention, peu importe l\u2019appareil, il est tr\u00e8s important de faire l\u2019amor\u00e7age de la r\u00e9sistance. Rappel : Etant donn\u00e9 qu\u2019une r\u00e9sistance est compos\u00e9e de coton, lors de la premi\u00e8re utilisation (ou lorsque vous changez de r\u00e9sistance) celle-ci est compl\u00e8tement sec. Il faut donc laisser baigner la r\u00e9sistance dans le liquide apr\u00e8s le remplissage plusieurs minutes (environ 10-15min) pour \u00e9viter que celle-ci ne br\u00fble pr\u00e9matur\u00e9ment n\u2019\u00e9tant pas imbib\u00e9e de liquide lors que l\u2019appareil la chauffe.<\/p>\n<p><img loading=\"lazy\" class=\"aligncenter wp-image-3442\" src=\"https:\/\/dscvape.fr\/wp-content\/uploads\/2018\/11\/R\u00e9sistance-1.png\" alt=\"INNOKIN Zenith pro Tank 5.5mL\" width=\"454\" height=\"268\" \/><\/p>\n<p>&nbsp;<\/p>\n<p class=\"p1\"><span class=\"s1\"><a href=\"https:\/\/dscvape.fr\/?product_cat=&amp;post_type=product&amp;s=INNOKIN\">Voir tous les produits INNOKIN sur le site\u00a0<\/a><\/span><\/p>\n<p class=\"p1\"><span class=\"s1\"><a href=\"http:\/\/www.innokin.fr\/\">Voir le site du fourisseur<\/a><\/span><\/p>\n<p><span style=\"color: #ffffff;\">INNOKIN Zenith pro Tank <\/span><\/p>\n","protected":false},"excerpt":{"rendered":"<p>Le clearomiseur Zenith Pro de la marque INNOKIN est un produit MTL comme son pr\u00e9d\u00e9cesseur le clearomiseur Zenith, c&#8217;est-\u00e0-dire qu&#8217;il produit une sensation proche de la cigarette traditionnelle. Con\u00e7u pour les grosses box, elle est faite pour vaper un bon moment avec sa capacit\u00e9 de 5mL. Ce tank est garantie sans fuites gr\u00e2ce \u00e0 un nouveau syst\u00e8me de fermeture automatique\u00a0 mis en place par Innokin, plus besoin de faire la vidange pour ins\u00e9rer une nouvelle r\u00e9sistance, que le r\u00e9servoir soit \u00e0 l&#8217;envers ou \u00e0 l&#8217;endroit !<\/p>\n<p>&nbsp;<\/p>\n<p>Prix de vente minimum conseill\u00e9 en magasin physique: 34.90\u20acTTC (prix donn\u00e9 par le fabricant INNOKIN)<\/p>\n","protected":false},"featured_media":77085,"comment_status":"closed","ping_status":"closed","template":"","meta":[],"marques":[7484],"bundle_layout":"","bundled_by":[],"bundled_items":[],"supplier_id":null,"supplier_sku":"","atum_controlled":true,"out_stock_date":null,"out_stock_threshold":null,"inheritable":false,"inbound_stock":null,"stock_on_hold":null,"sold_today":null,"sales_last_days":null,"reserved_stock":null,"customer_returns":null,"warehouse_damage":null,"lost_in_post":null,"other_logs":null,"out_stock_days":null,"lost_sales":null,"has_location":null,"update_date":null,"atum_locations":[],"atum_stock_status":"instock","low_stock":false,"mi_inventories":[],"multi_inventory":null,"inventory_sorting_mode":null,"inventory_iteration":null,"expirable_inventories":null,"price_per_inventory":null,"_links":{"self":[{"href":"https:\/\/lesaintlaurentvape.com\/en\/wp-json\/wp\/v2\/product\/102775\/"}],"collection":[{"href":"https:\/\/lesaintlaurentvape.com\/en\/wp-json\/wp\/v2\/product\/"}],"about":[{"href":"https:\/\/lesaintlaurentvape.com\/en\/wp-json\/wp\/v2\/types\/product\/"}],"replies":[{"embeddable":true,"href":"https:\/\/lesaintlaurentvape.com\/en\/wp-json\/wp\/v2\/comments\/?post=102775"}],"wp:featuredmedia":[{"embeddable":true,"href":"https:\/\/lesaintlaurentvape.com\/en\/wp-json\/wp\/v2\/media\/77085\/"}],"wp:attachment":[{"href":"https:\/\/lesaintlaurentvape.com\/en\/wp-json\/wp\/v2\/media\/?parent=102775"}],"wp:term":[{"taxonomy":"marques","embeddable":true,"href":"https:\/\/lesaintlaurentvape.com\/en\/wp-json\/wp\/v2\/marques\/?post=102775"}],"curies":[{"name":"wp","href":"https:\/\/api.w.org\/{rel}","templated":true}]}}