{"id":102768,"date":"2019-12-06T11:11:57","date_gmt":"2019-12-06T10:11:57","guid":{"rendered":"https:\/\/lesaintlaurentvape.com\/produit\/innokin-zlide-tube-kit\/"},"modified":"2020-10-31T21:08:35","modified_gmt":"2020-10-31T20:08:35","slug":"innokin-zlide-tube-kit","status":"publish","type":"product","link":"https:\/\/lesaintlaurentvape.com\/en\/produit\/innokin-zlide-tube-kit\/","title":{"rendered":"INNOKIN ZLIDE TUBE KIT"},"content":{"rendered":"<p><span style=\"color: #ffffff;\">INNOKIN ZLIDE TUBE KIT<\/span><\/p>\n<h2 style=\"text-align: center;\"><b>DESCRIPTION D\u00c9TAILL\u00c9E :<\/b><\/h2>\n<p style=\"text-align: center;\"><img loading=\"lazy\" class=\"alignnone size-full wp-image-21108\" src=\"https:\/\/dscvape.fr\/wp-content\/uploads\/2019\/12\/clearomiseur-zlide-compatible-zenith-1-1.png\" alt=\"\" width=\"920\" height=\"750\" \/><\/p>\n<p style=\"text-align: center;\"><strong><span style=\"text-decoration: underline;\">Un appareil d&#8217;une simplicit\u00e9 in\u00e9galable<\/span><\/strong><\/p>\n<p style=\"text-align: center;\">Appuyer 3 fois pour allumer, 3 fois pour \u00e9teindre, 1 fois pour vaper, quoi de plus simple ? Pas besoin d&#8217;\u00eatre un expert pour utiliser la Zlide Tube d&#8217;Innokin. Cette simplicit\u00e9 s&#8217;adresse \u00e0 un public d\u00e9butant. Cependant, son autonomie et sa qualit\u00e9 de vape\u00a0permettent de toucher un public beaucoup plus large<\/p>\n<p>&nbsp;<\/p>\n<p><img loading=\"lazy\" class=\"aligncenter wp-image-21090\" src=\"https:\/\/dscvape.fr\/wp-content\/uploads\/2019\/12\/Switch.gif\" alt=\"INNOKIN ZLIDE TUBE KIT\" width=\"74\" height=\"284\" \/><\/p>\n<p>&nbsp;<\/p>\n<p style=\"text-align: center;\"><strong><span style=\"text-decoration: underline;\">Un indicateur du niveau de batterie<\/span><\/strong><\/p>\n<p style=\"text-align: center;\">Aliment\u00e9e par une batterie d&#8217;une capacit\u00e9 de 3000 mAh, la Zlide Tube vous tiendra toute la journ\u00e9e. En plus d&#8217;\u00eatre simple d&#8217;utilisation, le bouton switch change de couleur gr\u00e2ce \u00e0 un syst\u00e8me de led discr\u00e8te pour vous indiquer le niveau de batterie.<\/p>\n<table class=\" aligncenter\" style=\"width: 836px; height: 30px;\">\n<tbody>\n<tr style=\"height: 20px;\">\n<td style=\"width: 259.375px; height: 20px;\">Led verte : pleine<\/td>\n<td style=\"width: 294.931px; height: 20px;\">Led bleue : moyenne<\/td>\n<td style=\"width: 264.931px; height: 20px;\">Led rouge : faible<\/td>\n<\/tr>\n<tr style=\"height: 10px;\">\n<td style=\"width: 259.375px; height: 10px;\"><img loading=\"lazy\" class=\" wp-image-21080 aligncenter\" src=\"https:\/\/dscvape.fr\/wp-content\/uploads\/2019\/12\/led-verte-1.gif\" alt=\"\" width=\"75\" height=\"45\" \/><\/td>\n<td style=\"width: 294.931px; height: 10px;\"><img loading=\"lazy\" class=\" wp-image-21081 aligncenter\" src=\"https:\/\/dscvape.fr\/wp-content\/uploads\/2019\/12\/led-bleu.gif\" alt=\"\" width=\"78\" height=\"47\" \/><\/td>\n<td style=\"width: 264.931px; height: 10px;\"><img loading=\"lazy\" class=\"wp-image-21083 aligncenter\" src=\"https:\/\/dscvape.fr\/wp-content\/uploads\/2019\/12\/led-rouge-1.gif\" alt=\"\" width=\"79\" height=\"48\" \/><\/td>\n<\/tr>\n<\/tbody>\n<\/table>\n<p>&nbsp;<\/p>\n<p>&nbsp;<\/p>\n<p style=\"text-align: center;\"><span style=\"text-decoration: underline;\"><strong>Un remplissage intelligent<\/strong><\/span><\/p>\n<p style=\"text-align: center;\">Le remplissage se fait de mani\u00e8re tr\u00e8s simple. Retirer le drip tip, pousser le top cap vers l&#8217;arri\u00e8re par la partie inclin\u00e9e, remplir le r\u00e9servoir avec du e-liquide, refermer le top cap, r\u00e9ins\u00e9rer le drip tip, votre clearomiseur est pr\u00eat.<\/p>\n<p style=\"text-align: center;\">Attention, peu importe l\u2019appareil, il est tr\u00e8s important de faire l\u2019amor\u00e7age de la r\u00e9sistance. Rappel : Etant donn\u00e9 qu\u2019une r\u00e9sistance est compos\u00e9e de coton, lors de la premi\u00e8re utilisation (ou lorsque vous changez de r\u00e9sistance) celle-ci est compl\u00e8tement sec. Il faut donc laisser baigner la r\u00e9sistance dans le liquide apr\u00e8s le remplissage plusieurs minutes (environ 10-15min) pour \u00e9viter que celle-ci ne br\u00fble pr\u00e9matur\u00e9ment n\u2019\u00e9tant pas imbib\u00e9e de liquide lors que l\u2019appareil la chauffe<\/p>\n<p><img loading=\"lazy\" class=\"aligncenter wp-image-21100\" src=\"https:\/\/dscvape.fr\/wp-content\/uploads\/2019\/12\/remplissage.gif\" alt=\"INNOKIN ZLIDE TUBE KIT\" width=\"205\" height=\"253\" \/><\/p>\n<p>&nbsp;<\/p>\n<p style=\"text-align: center;\"><span style=\"text-decoration: underline;\"><strong>Des r\u00e9sistances Z\u00e9nith<\/strong><\/span><\/p>\n<p style=\"text-align: center;\">Le clearomiseur Zlide D24 d&#8217;Innokin est compatible avec des r\u00e9sistances Z\u00e9nith 0,48\u03a9 jusqu&#8217;\u00e0 1,6\u03a9. Pour la changer, rien de plus simple. D\u00e9visser le bottom cap, ins\u00e9rer la r\u00e9sistance verticalement en suivant les encoches, revisser le bottom cap.<br \/>\n<span style=\"color: #ffffff;\">INNOKIN ZLIDE TUBE KIT<\/span><\/p>\n<p><img loading=\"lazy\" class=\"wp-image-21102 aligncenter\" src=\"https:\/\/dscvape.fr\/wp-content\/uploads\/2019\/12\/resistance-zenith.gif\" alt=\"\" width=\"224\" height=\"107\" \/><\/p>\n<p class=\"p1\"><span class=\"s1\"><a href=\"https:\/\/dscvape.fr\/?product_cat=&amp;post_type=product&amp;s=INNOKIN\">Voir tous les produits INNOKIN sur le site\u00a0<\/a><\/span><\/p>\n<p class=\"p1\"><span class=\"s1\"><a href=\"http:\/\/www.innokin.fr\/\">Voir le site du fourisseur<\/a><\/span><\/p>\n","protected":false},"excerpt":{"rendered":"<p>Le kit Zlide Tube d&#8217;Innokin a \u00e9t\u00e9 con\u00e7u avec l&#8217;aide du c\u00e9l\u00e8bre &#8220;reviewer&#8221; am\u00e9ricain Phil Busardo et le fameux &#8220;Vaping Greek&#8221;, Dimitris Agrafiotis.<\/p>\n<p>Ce kit est incroyable ! Il combine la qualit\u00e9, l&#8217;efficacit\u00e9, l&#8217;intelligence et la performance de ses 3 concepteurs. D\u00f4t\u00e9e d&#8217;une batterie de 3000mAh, la Zlide Tube vous suivra toute la journ\u00e9e. En plus de pouvoir contenir 4mL de e-liquide, elle est capable de d\u00e9tecter la r\u00e9sistance que vous avez install\u00e9 et se r\u00e8gle elle-m\u00eame, pas de r\u00e9glages manuels \u00e0 faire. Le remplissage se fait de mani\u00e8re intelligente, s\u00e9curis\u00e9e et propre, il suffit seulement de pousser le top cap, ce qui va \u00e9viter tous risques d&#8217;\u00e9claboussures lors du remplissage, d&#8217;ouvertures et de fuites dans votre sac. Extr\u00eamement simple d&#8217;utilisation, elle s&#8217;emploie avec seulement un bouton et une led qui change de couleur en fonction du niveau de batterie. Que demandez de mieux?<\/p>\n<p>Prix de vente minimum conseill\u00e9 en magasin physique: 44.90\u20acTTC (prix donn\u00e9 par le fabricant INNOKIN)<\/p>\n<p><a href=\"https:\/\/dscvape.fr\/wp-content\/uploads\/2019\/12\/Aide-\u00e0-la-vente-INNOKIN-Zlide-Tube.pdf\">T\u00e9l\u00e9chargez-moi pour une aide \u00e0 la vente INNOKIN Zlide Tube<\/a><\/p>\n","protected":false},"featured_media":77071,"comment_status":"closed","ping_status":"closed","template":"","meta":[],"marques":[7484],"bundle_layout":"","bundled_by":[],"bundled_items":[],"supplier_id":null,"supplier_sku":"","atum_controlled":true,"out_stock_date":null,"out_stock_threshold":null,"inheritable":false,"inbound_stock":null,"stock_on_hold":null,"sold_today":null,"sales_last_days":null,"reserved_stock":null,"customer_returns":null,"warehouse_damage":null,"lost_in_post":null,"other_logs":null,"out_stock_days":null,"lost_sales":null,"has_location":null,"update_date":null,"atum_locations":[],"atum_stock_status":"instock","low_stock":false,"mi_inventories":[],"multi_inventory":null,"inventory_sorting_mode":null,"inventory_iteration":null,"expirable_inventories":null,"price_per_inventory":null,"_links":{"self":[{"href":"https:\/\/lesaintlaurentvape.com\/en\/wp-json\/wp\/v2\/product\/102768\/"}],"collection":[{"href":"https:\/\/lesaintlaurentvape.com\/en\/wp-json\/wp\/v2\/product\/"}],"about":[{"href":"https:\/\/lesaintlaurentvape.com\/en\/wp-json\/wp\/v2\/types\/product\/"}],"replies":[{"embeddable":true,"href":"https:\/\/lesaintlaurentvape.com\/en\/wp-json\/wp\/v2\/comments\/?post=102768"}],"wp:featuredmedia":[{"embeddable":true,"href":"https:\/\/lesaintlaurentvape.com\/en\/wp-json\/wp\/v2\/media\/77071\/"}],"wp:attachment":[{"href":"https:\/\/lesaintlaurentvape.com\/en\/wp-json\/wp\/v2\/media\/?parent=102768"}],"wp:term":[{"taxonomy":"marques","embeddable":true,"href":"https:\/\/lesaintlaurentvape.com\/en\/wp-json\/wp\/v2\/marques\/?post=102768"}],"curies":[{"name":"wp","href":"https:\/\/api.w.org\/{rel}","templated":true}]}}