{"id":102765,"date":"2019-11-20T17:49:28","date_gmt":"2019-11-20T16:49:28","guid":{"rendered":"https:\/\/lesaintlaurentvape.com\/produit\/geekvape-fil-resistif-ss316l-30ft\/"},"modified":"2020-10-31T21:09:06","modified_gmt":"2020-10-31T20:09:06","slug":"geekvape-fil-resistif-ss316l-30ft","status":"publish","type":"product","link":"https:\/\/lesaintlaurentvape.com\/en\/produit\/geekvape-fil-resistif-ss316l-30ft\/","title":{"rendered":"Geekvape &#8211; Fil r\u00e9sistif SS316L 30ft"},"content":{"rendered":"<p><span style=\"color: #ffffff;\">Geekvape &#8211; Fil r\u00e9sistif SS316L 30ft<\/span><\/p>\n<p style=\"text-align: center;\">Avec Geekvape vous pouvez \u00e0 pr\u00e9sent fabriquer vos propres r\u00e9sistances en mode contr\u00f4le de temp\u00e9rature en acier inoxydable 316L. La marque vous propose un fil r\u00e9sistif en acier inoxydable vendu sous forme de bobine de 10m en 3 diam\u00e8tres :\u00a0 SS316L 24ga (0.51mm); SS316L 26ga (0.40mm); SS316L 28ga (0.32mm)<\/p>\n<p style=\"text-align: center;\">Avant de commencer, il ne faut pas que le d\u00e9butant soit effray\u00e9 par la complexit\u00e9 du montage. Au-del\u00e0 de l&#8217;aspect technique et les quelques outils \u00e0 avoir, la fabrication d&#8217;un coil peut se r\u00e9sumer \u00e0 enrouler un fil autour d&#8217;un tournevis.<\/p>\n<p style=\"text-align: center;\"><span style=\"text-decoration: underline;\"><strong>Bien r\u00e9ussir son coil<\/strong><\/span><\/p>\n<p style=\"text-align: center;\">Il faut que vous sachiez le nombre de tours \u00e0 faire selon le diam\u00e8tre du fil r\u00e9sistif utilis\u00e9 pour avoir une r\u00e9sistance en ohm qui correspondra \u00e0 ce que vous souhaitez ainsi qu&#8217;\u00e0 l&#8217;appareil que vous avez (vous pouvez trouver des calculateurs sur internet). Pour v\u00e9rifier si vous avez bien con\u00e7u le coil, fa\u00eetes-le chauffer sans coton et regardez s&#8217;il chauffe uniform\u00e9ment. Si le fil devient rouge orang\u00e9 le long du fil, c&#8217;est que vous l&#8217;avez bien fabriqu\u00e9. Dans le cas contraire, vous verrez des trous noir\u00a0 ou des parties plus chaudes que d&#8217;autres, c&#8217;est-\u00e0&#8217;dire une couleur non-homog\u00e8ne.<\/p>\n<p><img loading=\"lazy\" class=\" wp-image-20927 aligncenter\" src=\"https:\/\/dscvape.fr\/wp-content\/uploads\/2019\/11\/Hot_vape_coil-1.png\" alt=\"\" width=\"528\" height=\"381\" \/><\/p>\n<p style=\"text-align: center;\"><span style=\"text-decoration: underline;\"><strong>Ins\u00e9rer le coton<\/strong><\/span><\/p>\n<p style=\"text-align: center;\">Finaliser la fabrication de votre coil en ins\u00e9rant du coton. Nous vous conseillons le fameux<span style=\"color: #0000ff;\"> <a style=\"color: #0000ff;\" href=\"https:\/\/dscvape.fr\/produit\/cotton-bacon-v2-0\/\"><span style=\"text-decoration: underline;\">Cotton Bacon V2.0<\/span><\/a> <\/span>de Wick&#8217;n&#8217;Vape, connu dans le monde de la vape, pour un meilleur rendu de saveur et une absorption optimale du liquide pour un maximum de plaisir.<\/p>\n<p><img loading=\"lazy\" class=\" wp-image-20929 aligncenter\" src=\"https:\/\/dscvape.fr\/wp-content\/uploads\/2019\/11\/Serpent-RDTA-Wotofo-25-1.png\" alt=\"\" width=\"605\" height=\"432\" \/><\/p>\n<p>&nbsp;<\/p>\n<p><span style=\"color: #ffffff;\">Geekvape &#8211; Fil r\u00e9sistif SS316L<\/span><\/p>\n<p>&nbsp;<\/p>\n<p><a href=\"https:\/\/dscvape.fr\/geekvape\/\">Voir tous les produits Geekvape sur le site<\/a><br \/>\n<a href=\"https:\/\/www.geekvape.com\/\">Voir le site du fournisseur<\/a><\/p>\n","protected":false},"excerpt":{"rendered":"<p>Fil r\u00e9sistif de la marque Geekvape en acier inoxydable SS316L, id\u00e9ale pour une utilisation polyvalente en VW (changement de puissance) ou en TC (contr\u00f4le de temp\u00e9rature) sur un atomiseur reconstructible.<\/p>\n<p>Ce fil r\u00e9sistif n\u00e9cessite un rodage minutieux mais permet un excellent rendu saveur pour le vapoteur.<\/p>\n<p>Vendu en bobine de 10m, disponible en 24ga, 26ga et 28ga.<\/p>\n","protected":false},"featured_media":77069,"comment_status":"closed","ping_status":"closed","template":"","meta":[],"marques":[7827],"bundle_layout":"","bundled_by":[],"bundled_items":[],"supplier_id":null,"supplier_sku":"","atum_controlled":true,"out_stock_date":null,"out_stock_threshold":null,"inheritable":false,"inbound_stock":null,"stock_on_hold":0,"sold_today":0,"sales_last_days":0,"reserved_stock":null,"customer_returns":null,"warehouse_damage":null,"lost_in_post":null,"other_logs":null,"out_stock_days":0,"lost_sales":0,"has_location":null,"update_date":"2020-11-02T23:20:43","atum_locations":[],"atum_stock_status":"instock","low_stock":false,"mi_inventories":[],"multi_inventory":null,"inventory_sorting_mode":null,"inventory_iteration":null,"expirable_inventories":null,"price_per_inventory":null,"_links":{"self":[{"href":"https:\/\/lesaintlaurentvape.com\/en\/wp-json\/wp\/v2\/product\/102765\/"}],"collection":[{"href":"https:\/\/lesaintlaurentvape.com\/en\/wp-json\/wp\/v2\/product\/"}],"about":[{"href":"https:\/\/lesaintlaurentvape.com\/en\/wp-json\/wp\/v2\/types\/product\/"}],"replies":[{"embeddable":true,"href":"https:\/\/lesaintlaurentvape.com\/en\/wp-json\/wp\/v2\/comments\/?post=102765"}],"wp:featuredmedia":[{"embeddable":true,"href":"https:\/\/lesaintlaurentvape.com\/en\/wp-json\/wp\/v2\/media\/77069\/"}],"wp:attachment":[{"href":"https:\/\/lesaintlaurentvape.com\/en\/wp-json\/wp\/v2\/media\/?parent=102765"}],"wp:term":[{"taxonomy":"marques","embeddable":true,"href":"https:\/\/lesaintlaurentvape.com\/en\/wp-json\/wp\/v2\/marques\/?post=102765"}],"curies":[{"name":"wp","href":"https:\/\/api.w.org\/{rel}","templated":true}]}}