{"id":102754,"date":"2019-11-19T14:20:35","date_gmt":"2019-11-19T13:20:35","guid":{"rendered":"https:\/\/lesaintlaurentvape.com\/produit\/smoktech-resistance-nord\/"},"modified":"2020-10-31T21:08:10","modified_gmt":"2020-10-31T20:08:10","slug":"smoktech-resistance-nord","status":"publish","type":"product","link":"https:\/\/lesaintlaurentvape.com\/en\/produit\/smoktech-resistance-nord\/","title":{"rendered":"Smoktech &#8211; R\u00e9sistance Nord"},"content":{"rendered":"<p><span style=\"color: #ffffff;\">Smoktech &#8211; R\u00e9sistance Nord<\/span><\/p>\n<p>R\u00e9sistance pour le Kit Pod Nord de Smoktech.<\/p>\n<p>Vendue par bo\u00eete de 5 r\u00e9sistances.<\/p>\n<p><a href=\"https:\/\/dscvape.fr\/smoktech\/\">Voir tous les produit Smocktech sur le site<\/a><\/p>\n<p><a href=\"https:\/\/www.smoktech.com\/\">Voir le site du fournisseur<\/a><\/p>\n","protected":false},"excerpt":{"rendered":"<p>Smoktech &#8211; R\u00e9sistance Nord R\u00e9sistance pour le Kit Pod Nord de Smoktech. Vendue par bo\u00eete de 5 r\u00e9sistances. Voir tous les produit Smocktech sur le site Voir le site du fournisseur<\/p>\n","protected":false},"featured_media":77061,"comment_status":"closed","ping_status":"closed","template":"","meta":[],"marques":[],"bundle_layout":"","bundled_by":[],"bundled_items":[],"supplier_id":null,"supplier_sku":"","atum_controlled":true,"out_stock_date":null,"out_stock_threshold":null,"inheritable":false,"inbound_stock":null,"stock_on_hold":null,"sold_today":null,"sales_last_days":null,"reserved_stock":null,"customer_returns":null,"warehouse_damage":null,"lost_in_post":null,"other_logs":null,"out_stock_days":null,"lost_sales":null,"has_location":null,"update_date":null,"atum_locations":[],"atum_stock_status":"instock","low_stock":false,"mi_inventories":[],"multi_inventory":null,"inventory_sorting_mode":null,"inventory_iteration":null,"expirable_inventories":null,"price_per_inventory":null,"_links":{"self":[{"href":"https:\/\/lesaintlaurentvape.com\/en\/wp-json\/wp\/v2\/product\/102754\/"}],"collection":[{"href":"https:\/\/lesaintlaurentvape.com\/en\/wp-json\/wp\/v2\/product\/"}],"about":[{"href":"https:\/\/lesaintlaurentvape.com\/en\/wp-json\/wp\/v2\/types\/product\/"}],"replies":[{"embeddable":true,"href":"https:\/\/lesaintlaurentvape.com\/en\/wp-json\/wp\/v2\/comments\/?post=102754"}],"wp:featuredmedia":[{"embeddable":true,"href":"https:\/\/lesaintlaurentvape.com\/en\/wp-json\/wp\/v2\/media\/77061\/"}],"wp:attachment":[{"href":"https:\/\/lesaintlaurentvape.com\/en\/wp-json\/wp\/v2\/media\/?parent=102754"}],"wp:term":[{"taxonomy":"marques","embeddable":true,"href":"https:\/\/lesaintlaurentvape.com\/en\/wp-json\/wp\/v2\/marques\/?post=102754"}],"curies":[{"name":"wp","href":"https:\/\/api.w.org\/{rel}","templated":true}]}}