{"id":102737,"date":"2019-11-19T14:16:34","date_gmt":"2019-11-19T13:16:34","guid":{"rendered":"https:\/\/lesaintlaurentvape.com\/produit\/smoktech-nord-pod-kit\/"},"modified":"2020-10-31T21:08:05","modified_gmt":"2020-10-31T20:08:05","slug":"smoktech-nord-pod-kit","status":"publish","type":"product","link":"https:\/\/lesaintlaurentvape.com\/en\/produit\/smoktech-nord-pod-kit\/","title":{"rendered":"Smoktech Nord pod kit"},"content":{"rendered":"<p><span style=\"color: #ffffff;\">Smoktech Nord pod kit<\/span><\/p>\n<p style=\"text-align: center;\"><strong><span style=\"text-decoration: underline;\"><span style=\"font-size: 24pt;\">Description<\/span><\/span><\/strong><\/p>\n<p><img loading=\"lazy\" class=\"alignnone size-medium wp-image-19792 aligncenter\" src=\"https:\/\/dscvape.fr\/wp-content\/uploads\/2019\/11\/Nord-pod-Desc-300x295.png\" alt=\"\" width=\"300\" height=\"295\" \/><\/p>\n<p style=\"text-align: center;\"><strong><span style=\"text-decoration: underline;\">Une box sans prise de t\u00eate<\/span><\/strong><\/p>\n<p style=\"text-align: center;\">Avec un motif en \u00e9cailles elle vous accompagne partout dans votre poche ou sac. Tr\u00e8s intuitif elle s&#8217;utilise avec seulement un bouton, elle vous permet d&#8217;allumer\/\u00e9teindre l&#8217;appareil en appuyant 5 fois de suites, de lancer la vaporisation pour vapoter. Ce petit bouton vous indique \u00e9galement le niveau de charge de la batterie gr\u00e2ce \u00e0 son LED int\u00e9gr\u00e9 en son centre :<\/p>\n<p><img loading=\"lazy\" class=\"aligncenter wp-image-19797 size-full\" src=\"https:\/\/dscvape.fr\/wp-content\/uploads\/2019\/11\/Nord-pod-Niveau-de-batterie.png\" alt=\"Smoktech Nord pod kit\" width=\"560\" height=\"428\" \/><\/p>\n<p style=\"text-align: center;\"><strong><span style=\"text-decoration: underline;\">Une cartouche\/pod pleine de surprise<\/span><\/strong><\/p>\n<p style=\"text-align: center;\">Avec la cartouche\/pod de la nord pod au forme vos l\u00e8vres d\u00e9couvrez de nouvelles sensations.<\/p>\n<p style=\"text-align: center;\">Remplissez votre pod en quelques mouvements :<\/p>\n<p><img loading=\"lazy\" class=\"aligncenter wp-image-19798\" src=\"https:\/\/dscvape.fr\/wp-content\/uploads\/2019\/11\/Nord-pod-remplissage-liquide.png\" alt=\"Smoktech Nord pod kit\" width=\"849\" height=\"350\" \/><\/p>\n<p style=\"text-align: center;\">Pour la r\u00e9sistance rien de plus simple. Il vous suffit de retourner votre pod, retirer la r\u00e9sistance us\u00e9e en tirant dessus et r\u00e9ins\u00e9rer une nouvelle \u00e0 la m\u00eame place.<\/p>\n<p>&nbsp;<\/p>\n<p class=\"p1\"><span class=\"s1\"><a href=\"https:\/\/dscvape.fr\/smoktech\/\">Voir tous les produit Smocktech sur le site<\/a><\/span><\/p>\n<p class=\"p1\"><span class=\"s1\"><a href=\"https:\/\/www.smoktech.com\/\">Voir le site du fournisseur<\/a><\/span><\/p>\n<p><span style=\"color: #ffffff;\">Smoktech Nord pod kit<\/span><\/p>\n","protected":false},"excerpt":{"rendered":"<p>Petite et compact, le Nord pod Kit ce range partout, dans la poche comme dans le sac. Egalement tr\u00e8s intuitif l&#8217;appareil s&#8217;utilise avec seulement un bouton. Avec ces r\u00e9sistances choisissez le tirage qui vous convient. Une cartouche au forme particuli\u00e8re qui s&#8217;adapter au forme de vos l\u00e8vres pour une meilleure exp\u00e9rience.<\/p>\n<p>Discret et polyvalent le Nord Pod Kit est parfait pour les d\u00e9butants de la vape.<\/p>\n<p><a href=\"https:\/\/dscvape.fr\/wp-content\/uploads\/2019\/11\/Aide-\u00e0-la-vente-SMOKTECH-Nord-pod.pdf\">T\u00e9l\u00e9chargez-moi pour une aide \u00e0 la vente SMOKTECH Nord pod<\/a><\/p>\n","protected":false},"featured_media":77031,"comment_status":"closed","ping_status":"closed","template":"","meta":[],"marques":[],"bundle_layout":"","bundled_by":[],"bundled_items":[],"supplier_id":null,"supplier_sku":"","atum_controlled":true,"out_stock_date":null,"out_stock_threshold":null,"inheritable":false,"inbound_stock":null,"stock_on_hold":null,"sold_today":null,"sales_last_days":null,"reserved_stock":null,"customer_returns":null,"warehouse_damage":null,"lost_in_post":null,"other_logs":null,"out_stock_days":null,"lost_sales":null,"has_location":null,"update_date":null,"atum_locations":[],"atum_stock_status":"instock","low_stock":false,"mi_inventories":[],"multi_inventory":null,"inventory_sorting_mode":null,"inventory_iteration":null,"expirable_inventories":null,"price_per_inventory":null,"_links":{"self":[{"href":"https:\/\/lesaintlaurentvape.com\/en\/wp-json\/wp\/v2\/product\/102737\/"}],"collection":[{"href":"https:\/\/lesaintlaurentvape.com\/en\/wp-json\/wp\/v2\/product\/"}],"about":[{"href":"https:\/\/lesaintlaurentvape.com\/en\/wp-json\/wp\/v2\/types\/product\/"}],"replies":[{"embeddable":true,"href":"https:\/\/lesaintlaurentvape.com\/en\/wp-json\/wp\/v2\/comments\/?post=102737"}],"wp:featuredmedia":[{"embeddable":true,"href":"https:\/\/lesaintlaurentvape.com\/en\/wp-json\/wp\/v2\/media\/77031\/"}],"wp:attachment":[{"href":"https:\/\/lesaintlaurentvape.com\/en\/wp-json\/wp\/v2\/media\/?parent=102737"}],"wp:term":[{"taxonomy":"marques","embeddable":true,"href":"https:\/\/lesaintlaurentvape.com\/en\/wp-json\/wp\/v2\/marques\/?post=102737"}],"curies":[{"name":"wp","href":"https:\/\/api.w.org\/{rel}","templated":true}]}}