{"id":102731,"date":"2019-11-15T17:15:33","date_gmt":"2019-11-15T16:15:33","guid":{"rendered":"https:\/\/lesaintlaurentvape.com\/produit\/aspire-tigon-tank\/"},"modified":"2020-10-31T21:07:42","modified_gmt":"2020-10-31T20:07:42","slug":"aspire-tigon-tank","status":"publish","type":"product","link":"https:\/\/lesaintlaurentvape.com\/en\/produit\/aspire-tigon-tank\/","title":{"rendered":"Aspire Tigon tank (2 mL)"},"content":{"rendered":"<p><span style=\"color: #ffffff;\">Aspire Tigon tank (2 mL)<\/span><\/p>\n<p style=\"text-align: center;\"><strong><span style=\"text-decoration: underline;\">Un clearomiseur\u00a0 simple<\/span><\/strong><\/p>\n<p style=\"text-align: center;\">Avec la reax mini, le clearomiseur Tigon est fournis avec le kit. Le tout nouveau model de clearomiseur de chez Aspire, vous facilite la vie avec son syst\u00e8me de remplissage et de changement de r\u00e9sistance.<\/p>\n<p style=\"text-align: center;\">Pour remplir votre clearomiseur ils vous suffit de :<\/p>\n<ul>\n<li>rep\u00e9rer le symbole en forme de goutte<\/li>\n<li>soulever le top cap<\/li>\n<li>pousser le top cap au niveau du symbole<\/li>\n<li>remplir votre clearomiseur de liquide via l&#8217;orifice<\/li>\n<li>refermer votre clearomiseur<\/li>\n<\/ul>\n<p><img loading=\"lazy\" class=\"aligncenter wp-image-19722 size-full\" src=\"https:\/\/dscvape.fr\/wp-content\/uploads\/2019\/11\/Remplissage-liquide.png\" alt=\"Aspire Tigon tank (2 mL)\" width=\"767\" height=\"449\" \/><\/p>\n<p style=\"text-align: center;\">Le remplacement de r\u00e9sistance est tout aussi simple :<\/p>\n<ul>\n<li>d\u00e9visser le Bottom Cap<\/li>\n<li>retirer la r\u00e9sistance<\/li>\n<li>r\u00e9ins\u00e9rer une nouvelle r\u00e9sistance au m\u00eame endroit<\/li>\n<li>revisser le Bottom cap<\/li>\n<\/ul>\n<p>N&#8217;oubliez pas l\u2019amor\u00e7age de votre r\u00e9sistance en patientant 10 \u00e0 15 minutes avec du liquides avant la premi\u00e8re utilisation.<\/p>\n<p>&nbsp;<\/p>\n<p class=\"p1\"><span class=\"s1\"><a href=\"https:\/\/dscvape.fr\/product-brands\/aspire\/\">Voir tous les produits Aspire sur le site<\/a><\/span><\/p>\n<p class=\"p1\"><span class=\"s1\"><a href=\"https:\/\/www.aspirecig.com\/\">Voir le site du fournisseur<\/a><\/span><\/p>\n<p><span style=\"color: #ffffff;\">Aspire Tigon tank (2 mL)<\/span><\/p>\n","protected":false},"excerpt":{"rendered":"<p>Le nouveau clearomiseur d&#8217;Aspire, un clearomiseur qui vous propose avec ces r\u00e9sistances un tirage directe et indirecte. Un remplissage simple par le haut du clearomiseur et un syst\u00e8me de changement de r\u00e9sistance tout aussi simple.<\/p>\n<p>Un petit clearomiseur de 2mL pour vous accompagnez dans votre quotidien.<\/p>\n","protected":false},"featured_media":77017,"comment_status":"closed","ping_status":"closed","template":"","meta":[],"marques":[],"bundle_layout":"","bundled_by":[],"bundled_items":[],"supplier_id":null,"supplier_sku":"","atum_controlled":true,"out_stock_date":null,"out_stock_threshold":null,"inheritable":false,"inbound_stock":null,"stock_on_hold":null,"sold_today":null,"sales_last_days":null,"reserved_stock":null,"customer_returns":null,"warehouse_damage":null,"lost_in_post":null,"other_logs":null,"out_stock_days":null,"lost_sales":null,"has_location":null,"update_date":null,"atum_locations":[],"atum_stock_status":"instock","low_stock":false,"mi_inventories":[],"multi_inventory":null,"inventory_sorting_mode":null,"inventory_iteration":null,"expirable_inventories":null,"price_per_inventory":null,"_links":{"self":[{"href":"https:\/\/lesaintlaurentvape.com\/en\/wp-json\/wp\/v2\/product\/102731\/"}],"collection":[{"href":"https:\/\/lesaintlaurentvape.com\/en\/wp-json\/wp\/v2\/product\/"}],"about":[{"href":"https:\/\/lesaintlaurentvape.com\/en\/wp-json\/wp\/v2\/types\/product\/"}],"replies":[{"embeddable":true,"href":"https:\/\/lesaintlaurentvape.com\/en\/wp-json\/wp\/v2\/comments\/?post=102731"}],"wp:featuredmedia":[{"embeddable":true,"href":"https:\/\/lesaintlaurentvape.com\/en\/wp-json\/wp\/v2\/media\/77017\/"}],"wp:attachment":[{"href":"https:\/\/lesaintlaurentvape.com\/en\/wp-json\/wp\/v2\/media\/?parent=102731"}],"wp:term":[{"taxonomy":"marques","embeddable":true,"href":"https:\/\/lesaintlaurentvape.com\/en\/wp-json\/wp\/v2\/marques\/?post=102731"}],"curies":[{"name":"wp","href":"https:\/\/api.w.org\/{rel}","templated":true}]}}