{"id":102726,"date":"2019-11-15T16:49:15","date_gmt":"2019-11-15T15:49:15","guid":{"rendered":"https:\/\/lesaintlaurentvape.com\/produit\/aspire-reax-kit\/"},"modified":"2020-10-31T21:07:33","modified_gmt":"2020-10-31T20:07:33","slug":"aspire-reax-kit","status":"publish","type":"product","link":"https:\/\/lesaintlaurentvape.com\/en\/produit\/aspire-reax-kit\/","title":{"rendered":"Aspire Reax Mini Kit"},"content":{"rendered":"<p><span style=\"color: #ffffff;\">Aspire Reax Mini Kit<\/span><\/p>\n<p style=\"text-align: center;\"><span style=\"text-decoration: underline; font-size: 24pt;\"><strong>Description :<\/strong><\/span><\/p>\n<p style=\"text-align: center;\"><span style=\"text-decoration: underline; font-size: 18pt;\"><strong><img loading=\"lazy\" class=\"alignnone wp-image-19723 size-full\" src=\"https:\/\/dscvape.fr\/wp-content\/uploads\/2019\/11\/Reax-desc.png\" alt=\"\" width=\"509\" height=\"590\" \/><\/strong><\/span><\/p>\n<p style=\"text-align: center;\"><strong><span style=\"text-decoration: underline;\">Une box simple et petite<\/span><\/strong><\/p>\n<p style=\"text-align: center;\">La Reax box vous propose un syst\u00e8me de r\u00e9glage simple avec un seul bouton. R\u00e9glez votre appareil de 8 \u00e0 16 W en appuyant tout simplement sur le bouton.<\/p>\n<p><img loading=\"lazy\" class=\"wp-image-19717 size-large aligncenter\" src=\"https:\/\/dscvape.fr\/wp-content\/uploads\/2019\/11\/Reax-r\u00e9glage-puissance-1024x217.png\" alt=\"\" width=\"1024\" height=\"217\" \/><\/p>\n<p style=\"text-align: center;\">La box se mettra automatiquement en mode Bypass si la r\u00e9sistance install\u00e9e est inf\u00e9rieure \u00e0 1.0 \u03a9.<\/p>\n<p style=\"text-align: center;\">La Reax box vous indique \u00e9galement le niveau de batterie avec trois couleurs diff\u00e9rentes en fonction du niveau de batterie :<\/p>\n<p><img loading=\"lazy\" class=\"aligncenter wp-image-19718 size-large\" src=\"https:\/\/dscvape.fr\/wp-content\/uploads\/2019\/11\/Reax-niveau-batterie-1024x369.png\" alt=\"\" width=\"1024\" height=\"369\" \/><\/p>\n<p style=\"text-align: center;\">Avec sa capacit\u00e9 de 1 600 mAh, vapotez tout au long de la journ\u00e9e. Retrouvez \u00e9galement plusieurs s\u00e9curit\u00e9s telles que la s\u00e9curit\u00e9 contre les courts circuits, le voltage trop bas, etc.<\/p>\n<p style=\"text-align: center;\"><strong><span style=\"text-decoration: underline;\">Un clearomiseur tout aussi simple<\/span><\/strong><\/p>\n<p style=\"text-align: center;\">Avec la Reax mini, le clearomiseur Tigon est fournis avec le kit. Le tout nouveau mod\u00e8le de clearomiseur de chez Aspire vous facilite la vie avec son syst\u00e8me de remplissage et de changement de r\u00e9sistance.<\/p>\n<p style=\"text-align: center;\">Pour remplir votre clearomiseur il vous suffit de :<\/p>\n<ul>\n<li>rep\u00e9rez le symbole en forme de goutte<\/li>\n<li>soulevez le top cap<\/li>\n<li>poussez le top cap au niveau du symbole<\/li>\n<li>rempliz votre clearomiseur de liquide via l&#8217;orifice<\/li>\n<li>refermez votre clearomiseur<\/li>\n<\/ul>\n<p><img loading=\"lazy\" class=\"aligncenter wp-image-19722 size-full\" src=\"https:\/\/dscvape.fr\/wp-content\/uploads\/2019\/11\/Remplissage-liquide.png\" alt=\"Aspire Reax Mini Kit\" width=\"767\" height=\"449\" \/><\/p>\n<p style=\"text-align: center;\">Le remplacement de r\u00e9sistance est tout aussi simple :<\/p>\n<ul>\n<li>d\u00e9vissez le Bottom Cap<\/li>\n<li>retirez la r\u00e9sistance<\/li>\n<li>r\u00e9ins\u00e9rez une nouvelle r\u00e9sistance au m\u00eame endroit<\/li>\n<li>revissez le Bottom cap<\/li>\n<\/ul>\n<p>N&#8217;oubliez pas l\u2019amor\u00e7age de votre r\u00e9sistance en patientant 10 \u00e0 15 minutes avec du e-liquide avant la premi\u00e8re utilisation.<\/p>\n<p>&nbsp;<\/p>\n<p class=\"p1\"><span class=\"s1\"><a href=\"https:\/\/dscvape.fr\/product-brands\/aspire\/\">Voir tous les produits Aspire sur le site<\/a><\/span><\/p>\n<p class=\"p1\"><span class=\"s1\"><a href=\"https:\/\/www.aspirecig.com\/\">Voir le site du fournisseur<\/a><\/span><\/p>\n<p>&nbsp;<\/p>\n<p><span style=\"color: #ffffff;\">Aspire Reax Mini Kit<\/span><\/p>\n","protected":false},"excerpt":{"rendered":"<p>Voici le kit Reax de la marque Aspire. Un petit appareil pouvant vous offrir deux types de vape bien diff\u00e9rentes, directe et indirecte avec les deux r\u00e9sistances fournies. En effet, gr\u00e2ce au Tigon tank et les r\u00e9sistances compatibles (0.4 et 1.2 ohm), choisissez la vape qui vous convient, fournis dans le kit avec la Tigon une box de 1 600 mAh pouvant aller jusqu&#8217;\u00e0 30 W en fonction de la r\u00e9sistance install\u00e9e. Une box petite et tr\u00e8s pratique qui se tient facilement en main et qui vous propose un r\u00e9glage de 8 \u00e0 16 W pour toutes r\u00e9sistances sup\u00e9rieures \u00e0 1.0 ohm, en dessous de 1.ohm la box passe automatiquement en mode Bypass.<\/p>\n<p>Petite et \u00e9l\u00e9gante, vapez o\u00f9 vous le souhaitez sans avoir un appareil encombrant, parfait pour s&#8217;initier \u00e0 la vape ou pour les d\u00e9butants.<\/p>\n<p>&nbsp;<\/p>\n<p><a href=\"https:\/\/dscvape.fr\/wp-content\/uploads\/2019\/11\/Aide-\u00e0-la-vente-Reax-mini.pdf\">T\u00e9l\u00e9chargez-moi pour une aide \u00e0 la vente Reax mini<\/a><\/p>\n","protected":false},"featured_media":77005,"comment_status":"closed","ping_status":"closed","template":"","meta":[],"marques":[],"bundle_layout":"","bundled_by":[],"bundled_items":[],"supplier_id":null,"supplier_sku":"","atum_controlled":true,"out_stock_date":null,"out_stock_threshold":null,"inheritable":false,"inbound_stock":null,"stock_on_hold":null,"sold_today":null,"sales_last_days":null,"reserved_stock":null,"customer_returns":null,"warehouse_damage":null,"lost_in_post":null,"other_logs":null,"out_stock_days":null,"lost_sales":null,"has_location":null,"update_date":null,"atum_locations":[],"atum_stock_status":"instock","low_stock":false,"mi_inventories":[],"multi_inventory":null,"inventory_sorting_mode":null,"inventory_iteration":null,"expirable_inventories":null,"price_per_inventory":null,"_links":{"self":[{"href":"https:\/\/lesaintlaurentvape.com\/en\/wp-json\/wp\/v2\/product\/102726\/"}],"collection":[{"href":"https:\/\/lesaintlaurentvape.com\/en\/wp-json\/wp\/v2\/product\/"}],"about":[{"href":"https:\/\/lesaintlaurentvape.com\/en\/wp-json\/wp\/v2\/types\/product\/"}],"replies":[{"embeddable":true,"href":"https:\/\/lesaintlaurentvape.com\/en\/wp-json\/wp\/v2\/comments\/?post=102726"}],"wp:featuredmedia":[{"embeddable":true,"href":"https:\/\/lesaintlaurentvape.com\/en\/wp-json\/wp\/v2\/media\/77005\/"}],"wp:attachment":[{"href":"https:\/\/lesaintlaurentvape.com\/en\/wp-json\/wp\/v2\/media\/?parent=102726"}],"wp:term":[{"taxonomy":"marques","embeddable":true,"href":"https:\/\/lesaintlaurentvape.com\/en\/wp-json\/wp\/v2\/marques\/?post=102726"}],"curies":[{"name":"wp","href":"https:\/\/api.w.org\/{rel}","templated":true}]}}