{"id":102709,"date":"2019-11-12T17:56:27","date_gmt":"2019-11-12T16:56:27","guid":{"rendered":"https:\/\/lesaintlaurentvape.com\/produit\/vaporesso-skrr-s-tank-8ml\/"},"modified":"2020-10-31T21:07:06","modified_gmt":"2020-10-31T20:07:06","slug":"vaporesso-skrr-s-tank-8ml","status":"publish","type":"product","link":"https:\/\/lesaintlaurentvape.com\/en\/produit\/vaporesso-skrr-s-tank-8ml\/","title":{"rendered":"Vaporesso &#8211; Skrr-S Tank 8ml"},"content":{"rendered":"<p><span style=\"color: #ffffff;\">Vaporesso &#8211; Skrr-S Tank 8ml<\/span><\/p>\n<h2 style=\"text-align: center;\">DESCRIPTION D\u00c9TAILL\u00c9E:<\/h2>\n<p><img loading=\"lazy\" class=\"aligncenter size-full wp-image-4220\" src=\"https:\/\/dscvape.fr\/wp-content\/uploads\/2018\/11\/Detail-clearomiseur-SKRR.png\" alt=\"\" width=\"745\" height=\"453\" \/><\/p>\n<p style=\"text-align: center;\"><strong><u>SKRR-s mini tank et ces r\u00e9sistance QF<\/u><\/strong><\/p>\n<p style=\"text-align: center;\">Ces nouvelles r\u00e9sistances QF pr\u00e9sent\u00e9es dans ce kit sont en forme de balle de pistolet. Cette forme permettra \u00e0 la r\u00e9sistance d\u2019emp\u00eacher les remont\u00e9s de liquide vers le drip tip et les fuites. Sa structure lui permet \u00e9galement de filtrer l\u2019air afin d\u2019obtenir des saveurs plus riches et chaudes en bouche. Cette optimalisation des flux d\u2019air va permettre de cr\u00e9er des nuages de fum\u00e9e plus dense mais surtout plus riche en saveur.<\/p>\n<p style=\"text-align: center;\">Les r\u00e9sistances utilisent du coton mais aussi du lin cultiv\u00e9 pour une absorption du liquide plus rapide et \u00e9tant une fibre naturelle, elle permet de garantir une dur\u00e9e de vie plus longue \u00e0 la r\u00e9sistance.<\/p>\n<p><img loading=\"lazy\" class=\"aligncenter size-full wp-image-3127\" src=\"https:\/\/dscvape.fr\/wp-content\/uploads\/2018\/11\/R\u00e9sistance.png\" alt=\"\" width=\"1282\" height=\"640\" \/><\/p>\n<p style=\"text-align: center;\"><strong><u>Une protection enfant renforc\u00e9<\/u><\/strong><\/p>\n<p style=\"text-align: center;\">Le tank poss\u00e8de une s\u00e9curit\u00e9 enfant avec le drip tip qui emp\u00eache l\u2019ouverture de top cap et d\u2019avoir acc\u00e8s au r\u00e9servoir. En effet, il faut retirer dans un premier temps le drip tip puis faire coulisser le top cap afin de pouvoir remplir son clearomiseur.<\/p>\n<p><img loading=\"lazy\" class=\"alignnone size-full wp-image-19018\" src=\"https:\/\/dscvape.fr\/wp-content\/uploads\/2019\/11\/Fill-the-tank.png\" alt=\"\" width=\"2500\" height=\"1618\" \/><\/p>\n<p class=\"p1\"><span class=\"s1\"><a href=\"https:\/\/dscvape.fr\/product-brands\/vaporesso\/\">Voir tous les produits Vaporesso sur le site<\/a><\/span><\/p>\n<p class=\"p1\"><span class=\"s1\"><a href=\"https:\/\/www.vaporesso.com\/\">Voir le site du fournisseur<\/a><\/span><\/p>\n<h3><span style=\"color: #ffffff;\">Vaporesso &#8211; Skrr-S Tank 8ml<\/span><\/h3>\n","protected":false},"excerpt":{"rendered":"<p>Le Skrr-S tank est une version am\u00e9lior\u00e9e du best-seller Skrr tank de chez Vaporesso. C&#8217;est un produit exceptionnel de par son r\u00e9servoir XXL qui peut contenir jusqu&#8217;\u00e0 8mL de liquides. Simplifiez-vous la vie gr\u00e2ce au remplissage intelligent. Le Skrr-S tank est \u00e9galement dot\u00e9 d&#8217;un syst\u00e8me anti-fuites combinant l&#8217;utilisation du flux d&#8217;air et le r\u00e9servoir interne. Sp\u00e9cialement con\u00e7u pour les appareils DL, vous pourrez produire la quantit\u00e9 de fum\u00e9e que vous d\u00e9sirez avec l&#8217;Airflow ajustable et les r\u00e9sistances de la gamme QF qui emp\u00eache toute remont\u00e9e de liquides lors de son utilisation. S&#8217;utilise \u00e9galement avec les r\u00e9sistances de la gamme GT de Vaporesso.<\/p>\n<p>&nbsp;<\/p>\n","protected":false},"featured_media":76991,"comment_status":"closed","ping_status":"closed","template":"","meta":[],"marques":[],"bundle_layout":"","bundled_by":[],"bundled_items":[],"supplier_id":null,"supplier_sku":"","atum_controlled":true,"out_stock_date":null,"out_stock_threshold":null,"inheritable":false,"inbound_stock":null,"stock_on_hold":null,"sold_today":null,"sales_last_days":null,"reserved_stock":null,"customer_returns":null,"warehouse_damage":null,"lost_in_post":null,"other_logs":null,"out_stock_days":null,"lost_sales":null,"has_location":null,"update_date":null,"atum_locations":[],"atum_stock_status":"instock","low_stock":false,"mi_inventories":[],"multi_inventory":null,"inventory_sorting_mode":null,"inventory_iteration":null,"expirable_inventories":null,"price_per_inventory":null,"_links":{"self":[{"href":"https:\/\/lesaintlaurentvape.com\/en\/wp-json\/wp\/v2\/product\/102709\/"}],"collection":[{"href":"https:\/\/lesaintlaurentvape.com\/en\/wp-json\/wp\/v2\/product\/"}],"about":[{"href":"https:\/\/lesaintlaurentvape.com\/en\/wp-json\/wp\/v2\/types\/product\/"}],"replies":[{"embeddable":true,"href":"https:\/\/lesaintlaurentvape.com\/en\/wp-json\/wp\/v2\/comments\/?post=102709"}],"wp:featuredmedia":[{"embeddable":true,"href":"https:\/\/lesaintlaurentvape.com\/en\/wp-json\/wp\/v2\/media\/76991\/"}],"wp:attachment":[{"href":"https:\/\/lesaintlaurentvape.com\/en\/wp-json\/wp\/v2\/media\/?parent=102709"}],"wp:term":[{"taxonomy":"marques","embeddable":true,"href":"https:\/\/lesaintlaurentvape.com\/en\/wp-json\/wp\/v2\/marques\/?post=102709"}],"curies":[{"name":"wp","href":"https:\/\/api.w.org\/{rel}","templated":true}]}}