{"id":102678,"date":"2019-11-12T14:50:01","date_gmt":"2019-11-12T13:50:01","guid":{"rendered":"https:\/\/lesaintlaurentvape.com\/produit\/vm-tank-2-ml-vaporesso\/"},"modified":"2020-10-31T21:06:21","modified_gmt":"2020-10-31T20:06:21","slug":"vm-tank-2-ml-vaporesso","status":"publish","type":"product","link":"https:\/\/lesaintlaurentvape.com\/en\/produit\/vm-tank-2-ml-vaporesso\/","title":{"rendered":"VM Tank 22mm 2 ml &#8211; Vaporesso"},"content":{"rendered":"<p><span style=\"color: #ffffff;\">VM Tank 22mm 2 ml &#8211; Vaporesso<\/span><\/p>\n<p style=\"text-align: center;\"><span style=\"text-decoration: underline; font-size: 18pt;\"><strong>Description :<\/strong><\/span><\/p>\n<p><img loading=\"lazy\" class=\"alignnone wp-image-18988 size-large aligncenter\" src=\"https:\/\/dscvape.fr\/wp-content\/uploads\/2019\/11\/explosive-view-1024x577.png\" alt=\"\" width=\"1024\" height=\"577\" \/><\/p>\n<p style=\"text-align: center;\"><strong>Un clearomiseur pour tout le monde<\/strong><\/p>\n<p style=\"text-align: center;\">Un clearomiseur classique, retrouvez sur le VM Tank un syst\u00e8me de remplissage par le haut en d\u00e9vissant le top cap. Avec ces r\u00e9sistances EUC Meshed, CCell et Clapton (Veco) optez pour la r\u00e9sistance qui vous convient le mieux (un meilleur rendu du go\u00fbts, une vape plus ou moins a\u00e9rienne) .<\/p>\n<p style=\"text-align: center;\">Pour changer de r\u00e9sistance rien de plus simple, d\u00e9vissez le r\u00e9servoir (retourner le clearomiseur s&#8217;il vous reste du liquide), retirez la r\u00e9sistance us\u00e9e en tirant simplement dessus puis r\u00e9ins\u00e9rez une nouvelle a la m\u00eame place.<\/p>\n<p><img loading=\"lazy\" class=\"wp-image-18995 aligncenter\" src=\"https:\/\/dscvape.fr\/wp-content\/uploads\/2019\/11\/Remplacement-r\u00e9sistance.png\" alt=\"\" width=\"967\" height=\"544\" \/><\/p>\n<p style=\"text-align: center;\">Attention, peu importe l\u2019appareil, il est tr\u00e8s important de faire l\u2019amor\u00e7age de la r\u00e9sistance. Rappel : Etant donn\u00e9 qu\u2019une r\u00e9sistance est compos\u00e9e de coton, lors de la premi\u00e8re utilisation (ou lorsque vous changez de r\u00e9sistance) celle-ci est compl\u00e8tement sec. Il faut donc laisser baigner la r\u00e9sistance dans le liquide apr\u00e8s le remplissage plusieurs minutes (environ 10-15min) pour \u00e9viter que celle-ci ne br\u00fble pr\u00e9matur\u00e9ment n\u2019\u00e9tant pas imbib\u00e9e de liquide lors que l\u2019appareil la chauffe<\/p>\n<p>&nbsp;<\/p>\n<h3 style=\"text-align: center;\"><strong><span style=\"font-size: 18pt;\">Remplissage des plus simples<\/span><\/strong><\/h3>\n<p style=\"text-align: center;\">D\u00e9visser le top cap pour faire acc\u00e9der au trou de remplissage en forte d&#8217;haricot.<\/p>\n<p>&nbsp;<\/p>\n<h3 style=\"text-align: center;\">Les clearomiseurs VM de Vaporesso<\/h3>\n<p>&nbsp;<\/p>\n<p><img loading=\"lazy\" class=\" wp-image-35593 aligncenter\" src=\"https:\/\/dscvape.com\/wp-content\/uploads\/2020\/06\/Dimension-VM-tank.png\" alt=\"\" width=\"892\" height=\"377\" \/><\/p>\n<h3><span style=\"color: #ffffff;\">VM Tank 22mm 2 ml &#8211; Vaporesso<\/span><\/h3>\n<p class=\"p1\"><span class=\"s1\"><a href=\"https:\/\/dscvape.fr\/product-brands\/vaporesso\/\">Voir tous les produits Vaporesso sur le site<\/a><\/span><\/p>\n<p class=\"p1\"><span class=\"s1\"><a href=\"https:\/\/www.vaporesso.com\/\">Voir le site du fournisseur<\/a><\/span><\/p>\n","protected":false},"excerpt":{"rendered":"<p>D\u00e9couvrez la VM 22 tank d&#8217;une capacit\u00e9 de 2 mL, profitez avec la vm tank des r\u00e9sistance EUC Ccell et meshed pour un tirage serr\u00e9. Un syst\u00e8me de remplissage par le haut et de changement de r\u00e9sistance simple.<\/p>\n<p>Id\u00e9al pour les d\u00e9butants, le clearomiseur est tous a fait apte a \u00eatre utiliser avec les <a href=\"https:\/\/dscvape.fr\/categorie-produit\/e-liquides\/sel-de-nicotine\/\">liquides au sel de nicotine<\/a> avec les r\u00e9sistance EUC Ccell 1.0 ohm.<\/p>\n<p>Egalement compatible avec les r\u00e9sistances <a href=\"https:\/\/dscvape.fr\/produit\/vaporesso-resistance-euc-clapton\/\">EUC Clapton<\/a> pour profiter de la simplicit\u00e9 du clearomiseur avec un tirage a\u00e9rien.<\/p>\n","protected":false},"featured_media":76941,"comment_status":"closed","ping_status":"closed","template":"","meta":[],"marques":[7545],"bundle_layout":"","bundled_by":[],"bundled_items":[],"supplier_id":null,"supplier_sku":"","atum_controlled":true,"out_stock_date":null,"out_stock_threshold":null,"inheritable":false,"inbound_stock":null,"stock_on_hold":null,"sold_today":null,"sales_last_days":null,"reserved_stock":null,"customer_returns":null,"warehouse_damage":null,"lost_in_post":null,"other_logs":null,"out_stock_days":null,"lost_sales":null,"has_location":null,"update_date":null,"atum_locations":[],"atum_stock_status":"instock","low_stock":false,"mi_inventories":[],"multi_inventory":null,"inventory_sorting_mode":null,"inventory_iteration":null,"expirable_inventories":null,"price_per_inventory":null,"_links":{"self":[{"href":"https:\/\/lesaintlaurentvape.com\/en\/wp-json\/wp\/v2\/product\/102678\/"}],"collection":[{"href":"https:\/\/lesaintlaurentvape.com\/en\/wp-json\/wp\/v2\/product\/"}],"about":[{"href":"https:\/\/lesaintlaurentvape.com\/en\/wp-json\/wp\/v2\/types\/product\/"}],"replies":[{"embeddable":true,"href":"https:\/\/lesaintlaurentvape.com\/en\/wp-json\/wp\/v2\/comments\/?post=102678"}],"wp:featuredmedia":[{"embeddable":true,"href":"https:\/\/lesaintlaurentvape.com\/en\/wp-json\/wp\/v2\/media\/76941\/"}],"wp:attachment":[{"href":"https:\/\/lesaintlaurentvape.com\/en\/wp-json\/wp\/v2\/media\/?parent=102678"}],"wp:term":[{"taxonomy":"marques","embeddable":true,"href":"https:\/\/lesaintlaurentvape.com\/en\/wp-json\/wp\/v2\/marques\/?post=102678"}],"curies":[{"name":"wp","href":"https:\/\/api.w.org\/{rel}","templated":true}]}}