{"id":102515,"date":"2019-09-25T13:24:30","date_gmt":"2019-09-25T11:24:30","guid":{"rendered":"https:\/\/lesaintlaurentvape.com\/produit\/vaporesso-podstick\/"},"modified":"2020-10-31T21:03:04","modified_gmt":"2020-10-31T20:03:04","slug":"vaporesso-podstick","status":"publish","type":"product","link":"https:\/\/lesaintlaurentvape.com\/en\/produit\/vaporesso-podstick\/","title":{"rendered":"Vaporesso &#8211; Podstick Kit"},"content":{"rendered":"<p><span style=\"color: #ffffff;\">Vaporesso PODSTICK<\/span><\/p>\n<p style=\"text-align: center;\"><strong><span style=\"text-decoration: underline;\"><span style=\"font-size: 24pt;\">Description d\u00e9taill\u00e9e<\/span><\/span><\/strong><\/p>\n<p style=\"text-align: center;\"><img loading=\"lazy\" class=\"alignnone wp-image-15403 size-medium\" src=\"https:\/\/dscvape.fr\/wp-content\/uploads\/2019\/09\/podstick-description-300x291.png\" alt=\"Vaporesso PODSTICK\" width=\"300\" height=\"291\" \/><\/p>\n<p style=\"text-align: center;\">Le Podstick est un appareil intuitif \u00e0 Pod avec une batterie int\u00e9gr\u00e9e et optimis\u00e9e pour le tirage MTL et DL. Pouvant s&#8217;utiliser avec des pods en 1.3 ohm en c\u00e9ramique, il est parfait pour une utilisation avec des liquides aux sels de nicotine ou \u00e0 haut taux de PG, pour un hit plus prononc\u00e9 en bouche. Vous pouvez \u00e9galement l&#8217;utiliser avec des pods en 0.6 ohm (Mesh) tout en profitant de la simplicit\u00e9 d&#8217;un syst\u00e8me \u00e0 Pod pour obtenir un tirage plus a\u00e9rien et une meilleure restitution des go\u00fbts.<\/p>\n<p style=\"text-align: center;\"><strong>Un syst\u00e8me de remplissage intuitif et tout aussi simple<\/strong><\/p>\n<p style=\"text-align: center;\"><img loading=\"lazy\" class=\"alignnone wp-image-15407 size-large\" src=\"https:\/\/dscvape.fr\/wp-content\/uploads\/2019\/09\/Pod-utilisation-1024x342.png\" alt=\"Vaporesso PODSTICK\" width=\"1024\" height=\"342\" \/><\/p>\n<h3 style=\"text-align: center;\"><strong>Une box pleine de fonctionnalit\u00e9s\u00a0<\/strong><\/h3>\n<p style=\"text-align: center;\">Un appareil \u00e0 pod mais pleine de fonctionnalit\u00e9s pour vous simplifier la vie.<\/p>\n<p style=\"text-align: center;\">Des LED indiquant la charge de la batterie :<\/p>\n<table style=\"height: 71px;\" width=\"1335\">\n<tbody>\n<tr>\n<td style=\"width: 260px; text-align: center;\">1 LED allum\u00e9<\/p>\n<p>\u2022<\/td>\n<td style=\"width: 260px; text-align: center;\">2 LED allum\u00e9es<\/p>\n<p>\u2022 \u2022<\/td>\n<td style=\"width: 260px; text-align: center;\">3 LED allum\u00e9es<\/p>\n<p>\u2022 \u2022 \u2022<\/td>\n<td style=\"width: 260px; text-align: center;\">4 LED allum\u00e9es<\/p>\n<p>\u2022 \u2022 \u2022 \u2022<\/td>\n<td style=\"width: 261px; text-align: center;\">5 LED allum\u00e9es<\/p>\n<p>\u2022 \u2022 \u2022 \u2022 \u2022<\/td>\n<\/tr>\n<tr>\n<td style=\"width: 260px; text-align: center;\">1 \u00e0 20 %<\/td>\n<td style=\"width: 260px; text-align: center;\">20 \u00e0 40 %<\/td>\n<td style=\"width: 260px; text-align: center;\">40 \u00e0 60 %<\/td>\n<td style=\"width: 260px; text-align: center;\">60 \u00e0 80 %<\/td>\n<td style=\"width: 261px; text-align: center;\">80 \u00e0 100 %<\/td>\n<\/tr>\n<\/tbody>\n<\/table>\n<p style=\"text-align: center;\">L&#8217;appareil vous offre la possibilit\u00e9 de r\u00e9gler la puissance, il vous suffit d&#8217;appuyer 3 fois sur le bouton fire pour changer la puissance.<\/p>\n<p style=\"text-align: center;\">La puissance de la batterie vous est indiqu\u00e9e par le LED autour du Bouton Fire via un code couleur. L&#8217;appareil d\u00e9tecte automatiquement le type de Pod qui est install\u00e9 (1.3 Ccell ou 0.6 Meshed) et fournit les trois plages de puissances n\u00e9cessaires pour tirer profit du mieux du Pod install\u00e9.<\/p>\n<p>Si un Pod Ccell de 1.3ohm est install\u00e9, le podstick ne fournira que 3 niveaux de puissances 12.5W, 10.5W et 9W.<\/p>\n<p>Tandis que si un Pod Meshed est install\u00e9, le podstick ne fournira que les 3 niveaux de puissances suivantes: 22W, 20W et 17W.<\/p>\n<table style=\"height: 96px;\" width=\"1337\">\n<tbody>\n<tr style=\"height: 24px;\">\n<td style=\"width: 209px; height: 24px;\"><\/td>\n<td style=\"width: 515px; text-align: center; height: 24px;\">CCell 1.3 ohm<\/td>\n<td style=\"width: 591px; text-align: center; height: 24px;\">Meshed 0.6 ohm<\/td>\n<\/tr>\n<tr style=\"height: 24px;\">\n<td style=\"width: 209px; text-align: center; height: 24px;\"><span style=\"color: #00ff00;\">Vert<\/span><\/td>\n<td style=\"width: 515px; text-align: center; height: 24px;\">12.5 W (par defaut)<\/td>\n<td style=\"width: 591px; text-align: center; height: 24px;\">22 W<\/td>\n<\/tr>\n<tr style=\"height: 24px;\">\n<td style=\"width: 209px; text-align: center; height: 24px;\"><span style=\"color: #3366ff;\">Bleu<\/span><\/td>\n<td style=\"width: 515px; text-align: center; height: 24px;\">10.5 W<\/td>\n<td style=\"width: 591px; height: 24px; text-align: center;\">20 W (par defaut)<\/td>\n<\/tr>\n<tr style=\"height: 24px;\">\n<td style=\"width: 209px; text-align: center; height: 24px;\"><span style=\"color: #ff0000;\">Rouge<\/span><\/td>\n<td style=\"width: 515px; text-align: center; height: 24px;\">9 W<\/td>\n<td style=\"width: 591px; height: 24px; text-align: center;\">17 W<\/td>\n<\/tr>\n<\/tbody>\n<\/table>\n<p class=\"p1\"><span class=\"s1\"><a href=\"https:\/\/dscvape.fr\/product-brands\/vaporesso\/\">Voir tous les produits Vaporesso sur le site<\/a><\/span><\/p>\n<p class=\"p1\"><span class=\"s1\"><a href=\"https:\/\/www.vaporesso.com\/\">Voir le site du fournisseur<\/a><\/span><\/p>\n<p>&nbsp;<\/p>\n<p><span style=\"color: #ffffff;\">Vaporesso PODSTICK<\/span><\/p>\n","protected":false},"excerpt":{"rendered":"<p>Nouvel appareil \u00e0 POD de la marque Vaporesso en forme de stick. Le PODStick est un appareil optimis\u00e9 pour le tirage MTL. Il s&#8217;utilise soit avec un pod en 1.3 ohm (c\u00e9ramique) soit avec un pod en 0.6 ohm (Mesh). Il propose une meilleure autonomie de batterie que d&#8217;autres syst\u00e8mes \u00e0 Pods, 900 mAh. Il offre un remplissage optimis\u00e9 et simple d&#8217;utilisation: vous n&#8217;avez pas \u00e0 retirer le pod de l&#8217;appareil pour le remplir en e-liquide. Il suffit de pousser tout simplement le haut du Pod pour le remplir. La puissance est ajustable et indiqu\u00e9e par un code couleur de la LED pr\u00e9sent sur l&#8217;appareil.<\/p>\n<p>Bref, le Podstick est un appareil simple d&#8217;utilisation qui convient aux d\u00e9butants tout comme aux amateurs de tirage un peu plus a\u00e9rien, un appareil tr\u00e8s facile avec un minimum de r\u00e9glages.<\/p>\n<p>PVC TTC : 28.50\u20ac<\/p>\n<p><a href=\"https:\/\/dscvape.fr\/wp-content\/uploads\/2019\/09\/Aide-\u00e0-la-vente-Podstick.pdf\">Fiche d&#8217;aide Podstick<\/a><\/p>\n","protected":false},"featured_media":76859,"comment_status":"closed","ping_status":"closed","template":"","meta":[],"marques":[7545],"bundle_layout":"","bundled_by":[],"bundled_items":[],"supplier_id":null,"supplier_sku":"","atum_controlled":true,"out_stock_date":null,"out_stock_threshold":null,"inheritable":false,"inbound_stock":null,"stock_on_hold":null,"sold_today":null,"sales_last_days":null,"reserved_stock":null,"customer_returns":null,"warehouse_damage":null,"lost_in_post":null,"other_logs":null,"out_stock_days":null,"lost_sales":null,"has_location":null,"update_date":null,"atum_locations":[],"atum_stock_status":"instock","low_stock":false,"mi_inventories":[],"multi_inventory":null,"inventory_sorting_mode":null,"inventory_iteration":null,"expirable_inventories":null,"price_per_inventory":null,"_links":{"self":[{"href":"https:\/\/lesaintlaurentvape.com\/en\/wp-json\/wp\/v2\/product\/102515\/"}],"collection":[{"href":"https:\/\/lesaintlaurentvape.com\/en\/wp-json\/wp\/v2\/product\/"}],"about":[{"href":"https:\/\/lesaintlaurentvape.com\/en\/wp-json\/wp\/v2\/types\/product\/"}],"replies":[{"embeddable":true,"href":"https:\/\/lesaintlaurentvape.com\/en\/wp-json\/wp\/v2\/comments\/?post=102515"}],"wp:featuredmedia":[{"embeddable":true,"href":"https:\/\/lesaintlaurentvape.com\/en\/wp-json\/wp\/v2\/media\/76859\/"}],"wp:attachment":[{"href":"https:\/\/lesaintlaurentvape.com\/en\/wp-json\/wp\/v2\/media\/?parent=102515"}],"wp:term":[{"taxonomy":"marques","embeddable":true,"href":"https:\/\/lesaintlaurentvape.com\/en\/wp-json\/wp\/v2\/marques\/?post=102515"}],"curies":[{"name":"wp","href":"https:\/\/api.w.org\/{rel}","templated":true}]}}