{"id":102514,"date":"2019-09-25T12:47:24","date_gmt":"2019-09-25T10:47:24","guid":{"rendered":"https:\/\/lesaintlaurentvape.com\/produit\/vaporesso-vm-solo-22\/"},"modified":"2020-10-31T21:02:45","modified_gmt":"2020-10-31T20:02:45","slug":"vaporesso-vm-solo-22","status":"publish","type":"product","link":"https:\/\/lesaintlaurentvape.com\/en\/produit\/vaporesso-vm-solo-22\/","title":{"rendered":"Vaporesso VM SOLO 22"},"content":{"rendered":"<p><span style=\"color: #ffffff;\">Vaporesso VM SOLO 22<\/span><\/p>\n<p style=\"text-align: center;\"><strong><u>Description d\u00e9taill\u00e9e:<\/u><\/strong><\/p>\n<p><img loading=\"lazy\" class=\"aligncenter wp-image-15379 size-medium\" src=\"https:\/\/dscvape.fr\/wp-content\/uploads\/2019\/09\/VM-solo-description-e1569582325706-297x300.png\" alt=\"Vaporesso VM SOLO 22\" width=\"297\" height=\"300\" \/><\/p>\n<p style=\"text-align: center;\">La VM Solo 22, un appareil AIO simple et discret pour plaire \u00e0 ceux qui d\u00e9butent dans la vape ainsi qu&#8217;aux plus v\u00e9t\u00e9rans. Accompagn\u00e9 de la VM Tank, il offre un tirage a\u00e9rien ou serr\u00e9 selon le mod\u00e8le de la r\u00e9sistance install\u00e9e. Sont inclus dans le kit de la VM Solo 22, les r\u00e9sistances EUC CCell (1.0ohm) et Meshed (0.6ohm) pour un tirage plus ou moins serr\u00e9, parfait pour utiliser avec les e-liquides aux sels de nicotine ou e-liquides fort en teneur de PG.<\/p>\n<p style=\"text-align: center;\">Si vous souhaitez l&#8217;utiliser pour un tirage plus a\u00e9rien, il peut s&#8217;utiliser avec les r\u00e9sistances EUC Clapton (0.5ohm voire 0.4ohm).<\/p>\n<p style=\"text-align: center;\"><strong>La VM Tank, un clearomiseur qui convient \u00e0 tous les profils<\/strong><\/p>\n<p style=\"text-align: center;\">Retrouvez sur la VM Tank un syst\u00e8me de remplissage par le haut en d\u00e9vissant le top cap. Pour changer les r\u00e9sistances EUC Meshed, EUC Ccell et \u00e9ventuellement EUC Clapton, rien de plus simple:<\/p>\n<p style=\"text-align: center;\">1\/d\u00e9visser le r\u00e9servoir<\/p>\n<p style=\"text-align: center;\">2\/si besoin, retourner l&#8217;appareil pour vider le e-liquide restant,<\/p>\n<p style=\"text-align: center;\">3\/retirer la r\u00e9sistance us\u00e9e en tirant simplement dessus puis r\u00e9ins\u00e9rer une nouvelle \u00e0 la m\u00eame place.<\/p>\n<p style=\"text-align: center;\"><strong>Une batterie puissante<\/strong><\/p>\n<p style=\"text-align: center;\">Avec une capacit\u00e9 de 2 000 mAh et une recharge compl\u00e8te et rapide de la batterie en un temps record (environ 90 min), elle permettra d&#8217;accompagner tout vapoteur tout au long de la journ\u00e9e. Sans r\u00e9glage et donc facile d&#8217;utilisation, il vous suffit d&#8217;installer la r\u00e9sistance qui vous convient et le tour est jou\u00e9. Retrouvez autour du bouton fire un LED vous indiquant la charge de la batterie :<\/p>\n<table style=\"height: 62px;\" width=\"1367\">\n<tbody>\n<tr>\n<td style=\"width: 447px; text-align: center;\"><span style=\"color: #00ff00;\">Vert<\/span><\/td>\n<td style=\"width: 448px; text-align: center;\"><span style=\"color: #3366ff;\">Bleu<\/span><\/td>\n<td style=\"width: 450px; text-align: center;\"><span style=\"color: #ff0000;\">Rouge<\/span><\/td>\n<\/tr>\n<tr>\n<td style=\"width: 447px; text-align: center;\">100 \u00e0 70 %<\/td>\n<td style=\"width: 448px;\">\n<p style=\"text-align: center;\">70 \u00e0 25 %<\/p>\n<\/td>\n<td style=\"width: 450px; text-align: center;\">25 \u00e0 1 %<\/td>\n<\/tr>\n<\/tbody>\n<\/table>\n<p>&nbsp;<\/p>\n<p class=\"p1\"><span class=\"s1\"><a href=\"https:\/\/dscvape.fr\/product-brands\/vaporesso\/\">Voir tous les produits Vaporesso sur le site<\/a><\/span><\/p>\n<p class=\"p1\"><span class=\"s1\"><a href=\"https:\/\/www.vaporesso.com\/\">Voir le site du fournisseur<\/a><\/span><\/p>\n","protected":false},"excerpt":{"rendered":"<p>D\u00e9couvrez la VM Solo 22, un appareil AIO (All In One). Un format qui plaira \u00e9norm\u00e9ment aux d\u00e9butants de la vape, simple, efficace et sans prise de t\u00eate. Avec la VM Tank int\u00e9gr\u00e9 \u00e0 la batterie d&#8217;une haute autonomie (2 000 mAh), profitez des r\u00e9sistance EUC Ccell et Meshed pour un tirage serr\u00e9 et un syst\u00e8me de remplissage et de changement de r\u00e9sistance simple.<\/p>\n<p>Id\u00e9al pour les d\u00e9butants, l&#8217;appareil peut s&#8217;utiliser avec les <a href=\"https:\/\/dscvape.fr\/categorie-produit\/e-liquides\/sel-de-nicotine\/\">liquides aux sels de nicotine<\/a> avec les r\u00e9sistance EUC Ccell (1.0 ohm), avec des liquides 50\/50 ou 70\/30 (PG\/VG) avec la r\u00e9sistance Meshed, et \u00e9ventuellement aussi avec les EUC Clapton de 0.5ohm.<\/p>\n<p>Bref, il s&#8217;agit d&#8217;un appareil r\u00e9ellement tout en un (AIO) et certainement un des meilleurs du moment.<\/p>\n<p>PVC TTC : 29.90\u20ac<\/p>\n<p><a href=\"https:\/\/dscvape.fr\/wp-content\/uploads\/2019\/09\/Aide-\u00e0-la-vente-Vaporesso-VM-Solo-22.pdf\">T\u00e9l\u00e9chargez-moi pour une aide \u00e0 la vente Vaporesso VM Solo 22<\/a><\/p>\n","protected":false},"featured_media":76849,"comment_status":"closed","ping_status":"closed","template":"","meta":[],"marques":[],"bundle_layout":"","bundled_by":[],"bundled_items":[],"supplier_id":null,"supplier_sku":"","atum_controlled":true,"out_stock_date":null,"out_stock_threshold":null,"inheritable":false,"inbound_stock":null,"stock_on_hold":null,"sold_today":null,"sales_last_days":null,"reserved_stock":null,"customer_returns":null,"warehouse_damage":null,"lost_in_post":null,"other_logs":null,"out_stock_days":null,"lost_sales":null,"has_location":null,"update_date":null,"atum_locations":[],"atum_stock_status":"instock","low_stock":false,"mi_inventories":[],"multi_inventory":null,"inventory_sorting_mode":null,"inventory_iteration":null,"expirable_inventories":null,"price_per_inventory":null,"_links":{"self":[{"href":"https:\/\/lesaintlaurentvape.com\/en\/wp-json\/wp\/v2\/product\/102514\/"}],"collection":[{"href":"https:\/\/lesaintlaurentvape.com\/en\/wp-json\/wp\/v2\/product\/"}],"about":[{"href":"https:\/\/lesaintlaurentvape.com\/en\/wp-json\/wp\/v2\/types\/product\/"}],"replies":[{"embeddable":true,"href":"https:\/\/lesaintlaurentvape.com\/en\/wp-json\/wp\/v2\/comments\/?post=102514"}],"wp:featuredmedia":[{"embeddable":true,"href":"https:\/\/lesaintlaurentvape.com\/en\/wp-json\/wp\/v2\/media\/76849\/"}],"wp:attachment":[{"href":"https:\/\/lesaintlaurentvape.com\/en\/wp-json\/wp\/v2\/media\/?parent=102514"}],"wp:term":[{"taxonomy":"marques","embeddable":true,"href":"https:\/\/lesaintlaurentvape.com\/en\/wp-json\/wp\/v2\/marques\/?post=102514"}],"curies":[{"name":"wp","href":"https:\/\/api.w.org\/{rel}","templated":true}]}}