{"id":102513,"date":"2019-09-25T12:22:21","date_gmt":"2019-09-25T10:22:21","guid":{"rendered":"https:\/\/lesaintlaurentvape.com\/produit\/vaporesso-vm-stick-18\/"},"modified":"2020-10-31T21:02:54","modified_gmt":"2020-10-31T20:02:54","slug":"vaporesso-vm-stick-18","status":"publish","type":"product","link":"https:\/\/lesaintlaurentvape.com\/en\/produit\/vaporesso-vm-stick-18\/","title":{"rendered":"Vaporesso VM STICK 18"},"content":{"rendered":"<p><span style=\"color: #ffffff;\">Vaporesso VM STICK 18<\/span><\/p>\n<p style=\"text-align: center;\"><strong><span style=\"text-decoration: underline;\"><span style=\"font-size: 24pt;\">Description d\u00e9taill\u00e9e<\/span><\/span><\/strong><\/p>\n<p><img loading=\"lazy\" class=\"alignnone size-medium wp-image-15392 aligncenter\" src=\"https:\/\/dscvape.fr\/wp-content\/uploads\/2019\/09\/VM-stick-18-description-300x269.png\" alt=\"\" width=\"300\" height=\"269\" \/><\/p>\n<p style=\"text-align: center;\">La VM Stick 18, un appareil en forme de stick simple et discret pour plaire aux d\u00e9butants de la vape ainsi qu&#8217;aux v\u00e9t\u00e9rans. Avec la VM Tank choisissez votre type de tirage en fonction de la r\u00e9sistance install\u00e9e et \u00e0 l&#8217;air flow. Fournis avec les r\u00e9sistances EUC CCell et Meshed pour un tirage serr\u00e9, id\u00e9al avec les liquides au sel de nicotine pour le sevrage tabagique. Optez \u00e9galement pour le tirage a\u00e9rien gr\u00e2ce a la VM tank compatible avec les r\u00e9sistances EUC Clapton.<\/p>\n<p>&nbsp;<\/p>\n<h3 style=\"text-align: center;\"><strong>Un clearomiseur qui convient \u00e0 tout le monde<\/strong><\/h3>\n<p style=\"text-align: center;\">La VM Tank 18 (diam\u00e8tre de 18mm) pr\u00e9sente un syst\u00e8me de remplissage par le haut en d\u00e9vissant le top cap (bien pratique car anti-fuite), ainsi qu&#8217;un airflow r\u00e9glable sur le bottom cap.<\/p>\n<p style=\"text-align: center;\">Pour changer les\u00a0 r\u00e9sistances EUC Meshed, CCell ou Clapton, rien de plus simple:<\/p>\n<p style=\"text-align: center;\">1\/D\u00e9visser le bottom cap (si besoin, retourner votre clearomiseur s&#8217;il\u00a0 reste du e-liquide \u00e0 l&#8217;int\u00e9rieur),<\/p>\n<p style=\"text-align: center;\">2\/Retirer la r\u00e9sistance us\u00e9e en tirant simplement dessus<\/p>\n<p style=\"text-align: center;\">3\/R\u00e9ins\u00e9rer une nouvelle r\u00e9sistance et enfoncer celle-ci pour qu&#8217;elle s&#8217;imbrique bien dans le compartiment pr\u00e9vu \u00e0 cet effet<\/p>\n<p><img loading=\"lazy\" class=\" wp-image-35569 aligncenter\" src=\"https:\/\/dscvape.com\/wp-content\/uploads\/2020\/06\/changement-resistance-vm-tank-18.png\" alt=\"\" width=\"419\" height=\"279\" \/><\/p>\n<p style=\"text-align: center;\">Attention, peu importe l\u2019appareil, il est tr\u00e8s important de faire l\u2019amor\u00e7age de la r\u00e9sistance. Rappel : Etant donn\u00e9 qu\u2019une r\u00e9sistance est compos\u00e9e de coton, lors de la premi\u00e8re utilisation (ou lorsque vous changez de r\u00e9sistance) celle-ci est compl\u00e8tement sec. Il faut donc laisser baigner la r\u00e9sistance dans le liquide apr\u00e8s le remplissage plusieurs minutes (environ 10-15min) pour \u00e9viter que celle-ci ne br\u00fble pr\u00e9matur\u00e9ment n\u2019\u00e9tant pas imbib\u00e9e de liquide lors que l\u2019appareil la chauffe<\/p>\n<h3 style=\"text-align: center;\"><strong><span style=\"font-size: 18pt;\">Remplissage des plus simples<\/span><\/strong><\/h3>\n<p style=\"text-align: center;\">Pour remplir le VM Tank 18, d\u00e9visser le top cap et ajouter le e-liquide contre la paroi du pyrex en s&#8217;assurant de ne pas en mettre dans le trou au milieu sinon le liquide risque de remonter vers le drip tip.<\/p>\n<p>&nbsp;<\/p>\n<p><img loading=\"lazy\" class=\" wp-image-35586 aligncenter\" src=\"https:\/\/dscvape.com\/wp-content\/uploads\/2020\/06\/remplissage-vm-tank-18-vaporesso-1.png\" alt=\"\" width=\"848\" height=\"302\" \/><\/p>\n<p>&nbsp;<\/p>\n<h3 style=\"text-align: center;\"><strong>Une bonne capacit\u00e9 pour un appareil en forme de Pen<\/strong><\/h3>\n<p style=\"text-align: center;\">Avec la VM Stick 18 est facile \u00e0 transporter de par sa forme. Tr\u00e8s fine, vous pouvez la ranger dans votre sac ou votre poche sans aucun souci.\u00a0 Elle vous permettra de vapoter tout au long de la journ\u00e9e gr\u00e2ce \u00e0 ses 1 200 mAh de batterie. Le temps de charge a \u00e9t\u00e9 fortement am\u00e9lior\u00e9 puisque 60 minutes suffisent \u00e0 la recharger compl\u00e8tement. Ne n\u00e9cessitant pas de r\u00e9glage particulier, la VM Stick 18 vous permet une utilisation sans prise de t\u00eate, il vous suffit d&#8217;installer la r\u00e9sistance qui vous convient et le tour est jou\u00e9. <span style=\"color: #ffffff;\">Bien que<\/span><\/p>\n<p class=\"p1\"><span class=\"s1\"><a href=\"https:\/\/dscvape.fr\/product-brands\/vaporesso\/\">Voir tous les produits Vaporesso sur le site<\/a><\/span><\/p>\n<p class=\"p1\"><span class=\"s1\"><a href=\"https:\/\/www.vaporesso.com\/\">Voir le site du fournisseur<\/a><\/span><\/p>\n<p><span style=\"color: #ffffff;\">mais Vaporesso VM STICK <\/span><\/p>\n","protected":false},"excerpt":{"rendered":"<p>D\u00e9couvrez la VM Stick 18, un appareil en forme de Stick ou de Pen. Un format qui plaira \u00e9norm\u00e9ment aux d\u00e9butants de par sa discr\u00e9tion, sa simplicit\u00e9 \u00e0 \u00eatre transport\u00e9e ainsi que sa facilit\u00e9 d&#8217;utilisation. Avec la VM Tank 18, profitez de la large plage de r\u00e9sistances EUC pour choisir la vape qui vous convient:<\/p>\n<p>-EUC Ccell et EUC Meshed pour un tirage serr\u00e9<\/p>\n<p>-EUC Clapton en 0.5ohm pour un tirage un peu plus a\u00e9rien.<\/p>\n<p>Dot\u00e9 d&#8217;un syst\u00e8me de remplissage et de changement de r\u00e9sistance facilit\u00e9, la VM Stick 18 est id\u00e9ale pour les d\u00e9butants: les <a href=\"https:\/\/dscvape.fr\/categorie-produit\/e-liquides\/sel-de-nicotine\/\">liquides aux sels de nicotine<\/a> alli\u00e9s aux r\u00e9sistances EUC Ccell 1.0 ohm sont la parfaite combinaison pour le vapoteur d\u00e9butant.<\/p>\n<p>Egalement compatible avec les r\u00e9sistances <a href=\"https:\/\/dscvape.fr\/produit\/vaporesso-resistance-euc-clapton\/\">EUC Clapton<\/a> pour profiter de la simplicit\u00e9 de l&#8217;appareil avec un tirage un peu plus a\u00e9rien.<\/p>\n<p>PVC TTC : 29.90\u20ac<\/p>\n<p><a href=\"https:\/\/dscvape.fr\/wp-content\/uploads\/2019\/09\/Aide-\u00e0-la-vente-Vaporesso-VM-Stick-18.pdf\">T\u00e9l\u00e9chargez-moi pour une aide \u00e0 la vente Vaporesso VM Stick 18<\/a><\/p>\n","protected":false},"featured_media":76839,"comment_status":"closed","ping_status":"closed","template":"","meta":[],"marques":[7545],"bundle_layout":"","bundled_by":[],"bundled_items":[],"supplier_id":null,"supplier_sku":"","atum_controlled":true,"out_stock_date":null,"out_stock_threshold":null,"inheritable":false,"inbound_stock":null,"stock_on_hold":null,"sold_today":null,"sales_last_days":null,"reserved_stock":null,"customer_returns":null,"warehouse_damage":null,"lost_in_post":null,"other_logs":null,"out_stock_days":null,"lost_sales":null,"has_location":null,"update_date":null,"atum_locations":[],"atum_stock_status":"instock","low_stock":false,"mi_inventories":[],"multi_inventory":null,"inventory_sorting_mode":null,"inventory_iteration":null,"expirable_inventories":null,"price_per_inventory":null,"_links":{"self":[{"href":"https:\/\/lesaintlaurentvape.com\/en\/wp-json\/wp\/v2\/product\/102513\/"}],"collection":[{"href":"https:\/\/lesaintlaurentvape.com\/en\/wp-json\/wp\/v2\/product\/"}],"about":[{"href":"https:\/\/lesaintlaurentvape.com\/en\/wp-json\/wp\/v2\/types\/product\/"}],"replies":[{"embeddable":true,"href":"https:\/\/lesaintlaurentvape.com\/en\/wp-json\/wp\/v2\/comments\/?post=102513"}],"wp:featuredmedia":[{"embeddable":true,"href":"https:\/\/lesaintlaurentvape.com\/en\/wp-json\/wp\/v2\/media\/76839\/"}],"wp:attachment":[{"href":"https:\/\/lesaintlaurentvape.com\/en\/wp-json\/wp\/v2\/media\/?parent=102513"}],"wp:term":[{"taxonomy":"marques","embeddable":true,"href":"https:\/\/lesaintlaurentvape.com\/en\/wp-json\/wp\/v2\/marques\/?post=102513"}],"curies":[{"name":"wp","href":"https:\/\/api.w.org\/{rel}","templated":true}]}}