{"id":102510,"date":"2019-09-11T11:09:34","date_gmt":"2019-09-11T09:09:34","guid":{"rendered":"https:\/\/lesaintlaurentvape.com\/produit\/booster-de-nicotine-halo-50-50\/"},"modified":"2020-10-31T21:02:32","modified_gmt":"2020-10-31T20:02:32","slug":"booster-de-nicotine-halo-50-50","status":"publish","type":"product","link":"https:\/\/lesaintlaurentvape.com\/en\/produit\/booster-de-nicotine-halo-50-50\/","title":{"rendered":"Halo Fusion &#8211; Booster de nicotine &#8211;  50\/50 (lot de 12 fioles)"},"content":{"rendered":"<p><span style=\"color: #ffffff;\">Booster de nicotine &#8211; Halo 50\/50<\/span><\/p>\n<p>Halo est la marque la plus connue des marques am\u00e9ricaines de e-liquides.<br \/>\nInsolites, les e liquides Halo\u00a0font plaisir aux vapoteurs depuis de longues ann\u00e9es avec des produits tes que le\u00a0Kringle&#8217;s Curse Halo\u00a0pour les saveurs menthol\u00e9es, le\u00a0Malibu Halo\u00a0pour les fruit\u00e9s et les c\u00e9l\u00e8bres classics\u00a0Halo <a href=\"https:\/\/dscvape.fr\/produit\/halo-tribeca-10-ml\/?preview_id=7699&amp;preview_nonce=7732479811&amp;_thumbnail_id=7871&amp;preview=true\">Tribeca<\/a>\u00a0et\u00a0Longohrn,\u00a0Prime 15 et tant d&#8217;autres.<\/p>\n<p class=\"p1\">Saveur : &#8211;<br \/>\nPG\/VG : 50\/50<br \/>\nTaux de nicotine : 20 mg<br \/>\nConditionnement : lot de 12 fioles<br \/>\nContenance : 10 ml par fiole<\/p>\n<p class=\"p1\"><span class=\"s1\"><a href=\"https:\/\/dscvape.fr\/product-brands\/halo\/\">Produits Halo sur le site<\/a><\/span><\/p>\n<p class=\"p1\"><span class=\"s1\"><a href=\"https:\/\/www.halocigs.com\/\">Site fournisseur<\/a><\/span><\/p>\n","protected":false},"excerpt":{"rendered":"<p>Les Boosters 50PG\/50VG en 20mg de nicotine pour vos DIY ainsi que pour vos shake and vape sont vendus par lot de 12 fioles de 10 mL.<\/p>\n","protected":false},"featured_media":76835,"comment_status":"closed","ping_status":"closed","template":"","meta":[],"marques":[],"bundle_layout":"","bundled_by":[],"bundled_items":[],"supplier_id":null,"supplier_sku":"","atum_controlled":true,"out_stock_date":null,"out_stock_threshold":null,"inheritable":false,"inbound_stock":null,"stock_on_hold":0,"sold_today":0,"sales_last_days":0,"reserved_stock":null,"customer_returns":null,"warehouse_damage":null,"lost_in_post":null,"other_logs":null,"out_stock_days":0,"lost_sales":0,"has_location":null,"update_date":"2020-11-02T23:20:42","atum_locations":[],"atum_stock_status":"instock","low_stock":false,"mi_inventories":[1190],"multi_inventory":null,"inventory_sorting_mode":null,"inventory_iteration":null,"expirable_inventories":null,"price_per_inventory":null,"_links":{"self":[{"href":"https:\/\/lesaintlaurentvape.com\/en\/wp-json\/wp\/v2\/product\/102510\/"}],"collection":[{"href":"https:\/\/lesaintlaurentvape.com\/en\/wp-json\/wp\/v2\/product\/"}],"about":[{"href":"https:\/\/lesaintlaurentvape.com\/en\/wp-json\/wp\/v2\/types\/product\/"}],"replies":[{"embeddable":true,"href":"https:\/\/lesaintlaurentvape.com\/en\/wp-json\/wp\/v2\/comments\/?post=102510"}],"wp:featuredmedia":[{"embeddable":true,"href":"https:\/\/lesaintlaurentvape.com\/en\/wp-json\/wp\/v2\/media\/76835\/"}],"wp:attachment":[{"href":"https:\/\/lesaintlaurentvape.com\/en\/wp-json\/wp\/v2\/media\/?parent=102510"}],"wp:term":[{"taxonomy":"marques","embeddable":true,"href":"https:\/\/lesaintlaurentvape.com\/en\/wp-json\/wp\/v2\/marques\/?post=102510"}],"curies":[{"name":"wp","href":"https:\/\/api.w.org\/{rel}","templated":true}]}}