{"id":102502,"date":"2019-09-10T14:45:20","date_gmt":"2019-09-10T12:45:20","guid":{"rendered":"https:\/\/lesaintlaurentvape.com\/produit\/al-ultimate-oni-concentre-30-ml\/"},"modified":"2020-10-31T21:02:22","modified_gmt":"2020-10-31T20:02:22","slug":"al-ultimate-oni-concentre-30-ml","status":"publish","type":"product","link":"https:\/\/lesaintlaurentvape.com\/en\/produit\/al-ultimate-oni-concentre-30-ml\/","title":{"rendered":"A&#038;L Ultimate Oni &#8211; Concentr\u00e9 30 mL"},"content":{"rendered":"<p><span style=\"color: #ffffff;\">A&amp;L Ultimate Oni &#8211; Concentr\u00e9 30 mL<\/span><\/p>\n<p>A&amp;L (diminutif de Ar\u00f4me &amp; Liquide), entreprise fran\u00e7ais install\u00e9e proche de Saint Etienne. D\u00e9di\u00e9 \u00e0 la conception d&#8217;ar\u00f4me 100% Fran\u00e7ais et sp\u00e9cialis\u00e9 dans le DIY.<\/p>\n<p>Saveur: Fruit\u00e9 et Fraicheur<\/p>\n<p>PG\/VG : 50\/50<\/p>\n<p>Conditionnement : Unit\u00e9<\/p>\n<p>Contenance : 30 mL<\/p>\n<p class=\"p1\"><span class=\"s1\"><a href=\"https:\/\/dscvape.fr\/?product_cat=&amp;post_type=product&amp;s=A%26L\">Voir tous les produits d&#8217;A&amp;L sur le site\u00a0<\/a><\/span><\/p>\n<p class=\"p1\"><span class=\"s1\"><a href=\"https:\/\/www.aromes-et-liquides.fr\/\">Voir le site du fournisseur<\/a><\/span><\/p>\n","protected":false},"excerpt":{"rendered":"<p>D\u00e9couvrez le concentr\u00e9 d&#8217;ar\u00f4me d&#8217;A&amp;L de la gamme Ultimate, l&#8217;Oni. Un m\u00e9lange d&#8217;agrumes et de citron vert \u00e0 dominance de citron vert le tout menthol\u00e9, pour un rendu \u00e0 la fois acidul\u00e9 et frais. Parfait pour les amateur de DIY et des m\u00e9langes fruit\u00e9s menthol\u00e9s.<\/p>\n","protected":false},"featured_media":76823,"comment_status":"closed","ping_status":"closed","template":"","meta":[],"marques":[],"bundle_layout":"","bundled_by":[],"bundled_items":[],"supplier_id":null,"supplier_sku":"","atum_controlled":true,"out_stock_date":null,"out_stock_threshold":null,"inheritable":false,"inbound_stock":null,"stock_on_hold":0,"sold_today":0,"sales_last_days":0,"reserved_stock":null,"customer_returns":null,"warehouse_damage":null,"lost_in_post":null,"other_logs":null,"out_stock_days":0,"lost_sales":0,"has_location":null,"update_date":"2020-11-02T23:20:42","atum_locations":[],"atum_stock_status":"instock","low_stock":false,"mi_inventories":[329],"multi_inventory":null,"inventory_sorting_mode":null,"inventory_iteration":null,"expirable_inventories":null,"price_per_inventory":null,"_links":{"self":[{"href":"https:\/\/lesaintlaurentvape.com\/en\/wp-json\/wp\/v2\/product\/102502\/"}],"collection":[{"href":"https:\/\/lesaintlaurentvape.com\/en\/wp-json\/wp\/v2\/product\/"}],"about":[{"href":"https:\/\/lesaintlaurentvape.com\/en\/wp-json\/wp\/v2\/types\/product\/"}],"replies":[{"embeddable":true,"href":"https:\/\/lesaintlaurentvape.com\/en\/wp-json\/wp\/v2\/comments\/?post=102502"}],"wp:featuredmedia":[{"embeddable":true,"href":"https:\/\/lesaintlaurentvape.com\/en\/wp-json\/wp\/v2\/media\/76823\/"}],"wp:attachment":[{"href":"https:\/\/lesaintlaurentvape.com\/en\/wp-json\/wp\/v2\/media\/?parent=102502"}],"wp:term":[{"taxonomy":"marques","embeddable":true,"href":"https:\/\/lesaintlaurentvape.com\/en\/wp-json\/wp\/v2\/marques\/?post=102502"}],"curies":[{"name":"wp","href":"https:\/\/api.w.org\/{rel}","templated":true}]}}