{"id":102489,"date":"2019-09-03T15:07:08","date_gmt":"2019-09-03T13:07:08","guid":{"rendered":"https:\/\/lesaintlaurentvape.com\/produit\/isub-b-tank\/"},"modified":"2020-10-31T21:02:09","modified_gmt":"2020-10-31T20:02:09","slug":"isub-b-tank","status":"publish","type":"product","link":"https:\/\/lesaintlaurentvape.com\/en\/produit\/isub-b-tank\/","title":{"rendered":"Innokin &#8211; iSub-B Tank"},"content":{"rendered":"<p><span style=\"color: #ffffff;\">iSub-B Tank<\/span><\/p>\n<p style=\"text-align: center;\"><span style=\"text-decoration: underline;\"><strong>Description d\u00e9taill\u00e9e:<\/strong><\/span><\/p>\n<p style=\"text-align: center;\"><span style=\"text-decoration: underline;\"><strong><img loading=\"lazy\" class=\"alignnone wp-image-13657\" src=\"https:\/\/dscvape.fr\/wp-content\/uploads\/2019\/09\/Isub-b-clearo-desc-300x125.png\" alt=\"\" width=\"374\" height=\"156\" \/><\/strong><\/span><\/p>\n<p style=\"text-align: center;\"><span style=\"text-decoration: underline;\"><strong>Isub B<\/strong><\/span><\/p>\n<p style=\"text-align: center;\">La iSub B utilise les r\u00e9sistances Plex3D 0.35 ohm pour une vape DL. Le remplissage du liquide s&#8217;effectue par le haut du clearomiseur, il vous suffit de d\u00e9visser le top cap pour ainsi pouvoir remplir avec du liquide. Quant \u00e0 la r\u00e9sistance, elle se change par le bas du clearomiseur, le principe est le m\u00eame que la Z\u00e9nith. D\u00e9vissez le bottom cap puis tirez sur la r\u00e9sistance au niveau du pas de vis pour la retirer du clearomiseur pour pouvoir en installer une nouvelle tout en faisant attention \u00e0 ce qu&#8217;elle soit embo\u00eet\u00e9e. N&#8217;oubliez pas d&#8217;attendre 10 \u00e0 15 minutes pour imbiber la r\u00e9sistance avec du liquide avant la premi\u00e8re utilisation de la nouvelle r\u00e9sistance.<\/p>\n<p><span style=\"color: #ffffff;\">iSub-B Tank<\/span><\/p>\n<p class=\"p1\"><span class=\"s1\"><a href=\"https:\/\/dscvape.fr\/?product_cat=&amp;post_type=product&amp;s=INNOKIN\">Voir tous les produits INNOKIN sur le site\u00a0<\/a><\/span><\/p>\n<p class=\"p1\"><span class=\"s1\"><a href=\"http:\/\/www.innokin.fr\/\">Voir le site du fourisseur<\/a><\/span><\/p>\n","protected":false},"excerpt":{"rendered":"<p>Innokin connue pour ces produits MTL, lance son clearomiseur DL avec ces r\u00e9sistances PLex3D 0.35 ohm pour faire de gros nuages de fum\u00e9es.<\/p>\n<p>PVC TTC (prix conseill\u00e9 par le fabricant) : 24.90\u20ac<\/p>\n","protected":false},"featured_media":76811,"comment_status":"closed","ping_status":"closed","template":"","meta":[],"marques":[7484],"bundle_layout":"","bundled_by":[],"bundled_items":[],"supplier_id":null,"supplier_sku":"","atum_controlled":true,"out_stock_date":null,"out_stock_threshold":null,"inheritable":false,"inbound_stock":null,"stock_on_hold":null,"sold_today":null,"sales_last_days":null,"reserved_stock":null,"customer_returns":null,"warehouse_damage":null,"lost_in_post":null,"other_logs":null,"out_stock_days":null,"lost_sales":null,"has_location":null,"update_date":null,"atum_locations":[],"atum_stock_status":"instock","low_stock":false,"mi_inventories":[],"multi_inventory":null,"inventory_sorting_mode":null,"inventory_iteration":null,"expirable_inventories":null,"price_per_inventory":null,"_links":{"self":[{"href":"https:\/\/lesaintlaurentvape.com\/en\/wp-json\/wp\/v2\/product\/102489\/"}],"collection":[{"href":"https:\/\/lesaintlaurentvape.com\/en\/wp-json\/wp\/v2\/product\/"}],"about":[{"href":"https:\/\/lesaintlaurentvape.com\/en\/wp-json\/wp\/v2\/types\/product\/"}],"replies":[{"embeddable":true,"href":"https:\/\/lesaintlaurentvape.com\/en\/wp-json\/wp\/v2\/comments\/?post=102489"}],"wp:featuredmedia":[{"embeddable":true,"href":"https:\/\/lesaintlaurentvape.com\/en\/wp-json\/wp\/v2\/media\/76811\/"}],"wp:attachment":[{"href":"https:\/\/lesaintlaurentvape.com\/en\/wp-json\/wp\/v2\/media\/?parent=102489"}],"wp:term":[{"taxonomy":"marques","embeddable":true,"href":"https:\/\/lesaintlaurentvape.com\/en\/wp-json\/wp\/v2\/marques\/?post=102489"}],"curies":[{"name":"wp","href":"https:\/\/api.w.org\/{rel}","templated":true}]}}