{"id":102465,"date":"2019-08-06T11:43:26","date_gmt":"2019-08-06T09:43:26","guid":{"rendered":"https:\/\/lesaintlaurentvape.com\/produit\/t-juice-concentre-red-astaire-deconstructed\/"},"modified":"2020-10-31T21:01:32","modified_gmt":"2020-10-31T20:01:32","slug":"t-juice-concentre-red-astaire-deconstructed","status":"publish","type":"product","link":"https:\/\/lesaintlaurentvape.com\/en\/produit\/t-juice-concentre-red-astaire-deconstructed\/","title":{"rendered":"T-Juice : Concentr\u00e9 Red Astaire Deconstructed"},"content":{"rendered":"<p><span style=\"color: #ffffff;\">T-Juice : Concentr\u00e9 Red Astaire Deconstructed<\/span><\/p>\n<p class=\"p1\">T-juice est une entreprise install\u00e9e \u00e0 Londres. Elle utilise donc uniquement les meilleurs ingr\u00e9dients en provenance de l&#8217;union Europ\u00e9enne. Aussi, la nicotine de qualit\u00e9 pharmaceutique pour la fabrication de ses e-liquides.<\/p>\n<p class=\"p1\"><span class=\"s1\"><a href=\"https:\/\/dscvape.fr\/?product_cat=&amp;post_type=product&amp;s=T-JUICE\">Voir tous les produits T-Juice sur le site\u00a0<\/a><\/span><\/p>\n<p class=\"p1\"><span class=\"s1\"><a href=\"https:\/\/www.t-juice.com\/\">Voir le site du fournisseur<\/a><\/span><\/p>\n","protected":false},"excerpt":{"rendered":"<p>Best seller sur le plan mondial, le liquide Red Astaire de la marque T-juice n&#8217;est plus \u00e0 pr\u00e9senter d\u00e9sormais.Ce m\u00e9lange de fruits rouges avec de l&#8217;anis, de l\u2019absinthe et surtout cette petite touche de fra\u00eecheur lui donne tout son charme. Il saura plaire aux fans d&#8217;e-liquide \u00e0 base de fruits rouges gr\u00e2ce \u00e0 sa complexit\u00e9 ainsi que ses saveurs. Avec ce kit vous pourrez faire votre Red Astaire \u00e0 votre <strong>fa\u00e7on,<\/strong> retrouvez dans le kit de concentr\u00e9 3 fioles de concentr\u00e9s dont les Fruits rouges, l&#8217;anis et la menthe. Tous cela pour concevoir un Red Astaire unique, avec vos proportions de chaque ar\u00f4mes.<\/p>\n","protected":false},"featured_media":76769,"comment_status":"closed","ping_status":"closed","template":"","meta":[],"marques":[],"bundle_layout":"","bundled_by":[],"bundled_items":[],"supplier_id":null,"supplier_sku":"","atum_controlled":true,"out_stock_date":null,"out_stock_threshold":null,"inheritable":false,"inbound_stock":null,"stock_on_hold":0,"sold_today":0,"sales_last_days":0,"reserved_stock":null,"customer_returns":null,"warehouse_damage":null,"lost_in_post":null,"other_logs":null,"out_stock_days":0,"lost_sales":0,"has_location":null,"update_date":"2020-11-02T23:20:42","atum_locations":[],"atum_stock_status":"instock","low_stock":false,"mi_inventories":[366],"multi_inventory":null,"inventory_sorting_mode":null,"inventory_iteration":null,"expirable_inventories":null,"price_per_inventory":null,"_links":{"self":[{"href":"https:\/\/lesaintlaurentvape.com\/en\/wp-json\/wp\/v2\/product\/102465\/"}],"collection":[{"href":"https:\/\/lesaintlaurentvape.com\/en\/wp-json\/wp\/v2\/product\/"}],"about":[{"href":"https:\/\/lesaintlaurentvape.com\/en\/wp-json\/wp\/v2\/types\/product\/"}],"replies":[{"embeddable":true,"href":"https:\/\/lesaintlaurentvape.com\/en\/wp-json\/wp\/v2\/comments\/?post=102465"}],"wp:featuredmedia":[{"embeddable":true,"href":"https:\/\/lesaintlaurentvape.com\/en\/wp-json\/wp\/v2\/media\/76769\/"}],"wp:attachment":[{"href":"https:\/\/lesaintlaurentvape.com\/en\/wp-json\/wp\/v2\/media\/?parent=102465"}],"wp:term":[{"taxonomy":"marques","embeddable":true,"href":"https:\/\/lesaintlaurentvape.com\/en\/wp-json\/wp\/v2\/marques\/?post=102465"}],"curies":[{"name":"wp","href":"https:\/\/api.w.org\/{rel}","templated":true}]}}