{"id":102461,"date":"2019-08-05T14:42:15","date_gmt":"2019-08-05T12:42:15","guid":{"rendered":"https:\/\/lesaintlaurentvape.com\/produit\/t-juice-red-astaire-sel-de\/"},"modified":"2020-10-31T21:01:35","modified_gmt":"2020-10-31T20:01:35","slug":"t-juice-red-astaire-sel-de","status":"publish","type":"product","link":"https:\/\/lesaintlaurentvape.com\/en\/produit\/t-juice-red-astaire-sel-de\/","title":{"rendered":"T-JUICE &#8211; Red Astaire sel de nicotine"},"content":{"rendered":"<p><span style=\"color: #ffffff;\">T-JUICE &#8211; Red Astaire sel de nicotine<\/span><\/p>\n<p class=\"p1\">T-juice est une entreprise install\u00e9e \u00e0 Londres. Elle utilise donc uniquement les meilleurs ingr\u00e9dients en provenance de l&#8217;union Europ\u00e9enne. Aussi, la nicotine de qualit\u00e9 pharmaceutique pour la fabrication de ses e-liquides.<\/p>\n<p class=\"p1\">Saveur : Fruit\u00e9<br \/>\nPG\/VG : 50\/50<br \/>\nTaux de nicotine : 10mg et 20 mg<br \/>\nConditionnement : Unit\u00e9<br \/>\nContenance : 10ml<\/p>\n<p class=\"p1\"><span class=\"s1\"><a href=\"https:\/\/dscvape.fr\/?product_cat=&amp;post_type=product&amp;s=T-JUICE\">Voir tous les produits T-Juice sur le site\u00a0<\/a><\/span><\/p>\n<p class=\"p1\"><span class=\"s1\"><a href=\"https:\/\/www.t-juice.com\/\">Voir le site du fournisseur<\/a><\/span><\/p>\n","protected":false},"excerpt":{"rendered":"<p>Profitez du best seller sur le plan mondial, le liquide Red Astaire avec les atouts du sel de nicotine. Ce m\u00e9lange de fruits rouges avec de l&#8217;anis, de l\u2019absinthe et surtout cette petite touche de fra\u00eecheur lui donne tout son charme. Il saura plaire aux fans d&#8217;e-liquide \u00e0 base de fruits rouges gr\u00e2ce \u00e0 sa complexit\u00e9 ainsi que ses saveurs. Sa formule en 50\/50 ira parfaitement dans la plupart des clearomiseurs du march\u00e9 donc n&#8217;h\u00e9sitez plus et d\u00e9couvrez vite ce petit favoris des vapoteurs du monde entier ! Disponible en 10mg et 20mg de sel de nicotine.<\/p>\n","protected":false},"featured_media":76767,"comment_status":"closed","ping_status":"closed","template":"","meta":[],"marques":[],"bundle_layout":"","bundled_by":[],"bundled_items":[],"supplier_id":null,"supplier_sku":"","atum_controlled":true,"out_stock_date":null,"out_stock_threshold":null,"inheritable":false,"inbound_stock":null,"stock_on_hold":null,"sold_today":null,"sales_last_days":null,"reserved_stock":null,"customer_returns":null,"warehouse_damage":null,"lost_in_post":null,"other_logs":null,"out_stock_days":null,"lost_sales":null,"has_location":null,"update_date":null,"atum_locations":[],"atum_stock_status":"instock","low_stock":false,"mi_inventories":[],"multi_inventory":null,"inventory_sorting_mode":null,"inventory_iteration":null,"expirable_inventories":null,"price_per_inventory":null,"_links":{"self":[{"href":"https:\/\/lesaintlaurentvape.com\/en\/wp-json\/wp\/v2\/product\/102461\/"}],"collection":[{"href":"https:\/\/lesaintlaurentvape.com\/en\/wp-json\/wp\/v2\/product\/"}],"about":[{"href":"https:\/\/lesaintlaurentvape.com\/en\/wp-json\/wp\/v2\/types\/product\/"}],"replies":[{"embeddable":true,"href":"https:\/\/lesaintlaurentvape.com\/en\/wp-json\/wp\/v2\/comments\/?post=102461"}],"wp:featuredmedia":[{"embeddable":true,"href":"https:\/\/lesaintlaurentvape.com\/en\/wp-json\/wp\/v2\/media\/76767\/"}],"wp:attachment":[{"href":"https:\/\/lesaintlaurentvape.com\/en\/wp-json\/wp\/v2\/media\/?parent=102461"}],"wp:term":[{"taxonomy":"marques","embeddable":true,"href":"https:\/\/lesaintlaurentvape.com\/en\/wp-json\/wp\/v2\/marques\/?post=102461"}],"curies":[{"name":"wp","href":"https:\/\/api.w.org\/{rel}","templated":true}]}}