{"id":102437,"date":"2019-08-01T17:50:41","date_gmt":"2019-08-01T15:50:41","guid":{"rendered":"https:\/\/lesaintlaurentvape.com\/produit\/innokin-clearomiseur-zenith-3ml-22mm\/"},"modified":"2020-10-31T21:00:52","modified_gmt":"2020-10-31T20:00:52","slug":"innokin-clearomiseur-zenith-3ml-22mm","status":"publish","type":"product","link":"https:\/\/lesaintlaurentvape.com\/en\/produit\/innokin-clearomiseur-zenith-3ml-22mm\/","title":{"rendered":"INNOKIN Clearomiseur Zenith (3ml\/22mm) D22"},"content":{"rendered":"<p><span style=\"color: #ffffff;\">INNOKIN Clearomiseur Zenith (3ml\/22mm)<\/span><\/p>\n<h2 style=\"text-align: center;\"><b>DESCRIPTION D\u00c9TAILL\u00c9E\u00a0:<\/b><\/h2>\n<p><img loading=\"lazy\" class=\"aligncenter size-full wp-image-4226\" src=\"https:\/\/dscvape.fr\/wp-content\/uploads\/2018\/11\/D\u00e9tail-zenith-innokin.png\" alt=\"\" width=\"858\" height=\"659\" \/><\/p>\n<p style=\"text-align: center;\"><strong><u>Un remplissage intelligent<\/u><\/strong><\/p>\n<p style=\"text-align: center;\">Innokin pr\u00e9sente le clearomiseur Zenith, une innovation dans les produits MTL. En effet, ce clearomiseur est con\u00e7u en collaboration entre Phil Busardo, Dimitris Agrafiotis, et Innokin. Ce produit a \u00e9t\u00e9 con\u00e7u pour l\u2019int\u00e9r\u00eat des consommateurs de produits MTL. Tout d\u2019abord nous avons ce remplissage d\u2019une simplicit\u00e9. Il suffit de tourner le top cap dans le sens de l\u2019ouverture indiqu\u00e9 sur celui-ci pour voir appara\u00eetre le trou d\u00e9di\u00e9 au remplissage. Ce syst\u00e8me simple mais surtout tr\u00e8s pratique vous \u00e9vitera les ouvertures accidentelles dans le sac etc.<\/p>\n<p style=\"text-align: center;\"><img loading=\"lazy\" class=\"aligncenter size-full wp-image-3441\" src=\"https:\/\/dscvape.fr\/wp-content\/uploads\/2018\/11\/Remplissage-zenith-1.png\" alt=\"\" width=\"959\" height=\"1186\" \/><\/p>\n<p style=\"text-align: center;\"><strong><u>Des r\u00e9sistances Plexus Z<\/u><\/strong><\/p>\n<p style=\"text-align: center;\">Innokin introduit les r\u00e9sistances Plexus Z en 0,5 ohm avec ce kit. D\u00fb \u00e0 une structure interne diff\u00e9rente, cette r\u00e9sistance permettrait une absorption uniforme du e-liquide gr\u00e2ce \u00e0 une surface de contact plus large. Permet une chauffe uniforme gr\u00e2ce \u00e0 un mat\u00e9riel toujours plus fin. Le tout permet une utilisation optimale qui permet de faire durer un peu plus la dur\u00e9e de vie de la r\u00e9sistance.<br \/>\nL\u2019installation de ces r\u00e9sistances se fit de mani\u00e8re tr\u00e8s simple, il suffit de deviser la bague d\u2019airflow situ\u00e9 sur le bas du clearomiseur pour avoir acc\u00e8s \u00e0 la r\u00e9sistance. Retournez le clearomiseur la t\u00eate vers le bas, et retirez la r\u00e9sistance sans avoir \u00e0 vider le liquide. Cette r\u00e9sistance se clipse et est tr\u00e8s simple \u00e0 installer. Attention, peu importe l\u2019appareil, il est tr\u00e8s important de faire l\u2019amor\u00e7age de la r\u00e9sistance. Rappel\u00a0: Etant donn\u00e9 qu\u2019une r\u00e9sistance est compos\u00e9e de coton, lors de la premi\u00e8re utilisation (ou lorsque vous changez de r\u00e9sistance) celle-ci est compl\u00e8tement sec. Il faut donc laisser baigner la r\u00e9sistance dans le liquide apr\u00e8s le remplissage plusieurs minutes (environ 10-15min) pour \u00e9viter que celle-ci ne br\u00fble pr\u00e9matur\u00e9ment n\u2019\u00e9tant pas imbib\u00e9e de liquide lors que l\u2019appareil la chauffe.<\/p>\n<p><img loading=\"lazy\" class=\"aligncenter wp-image-3442\" src=\"https:\/\/dscvape.fr\/wp-content\/uploads\/2018\/11\/R\u00e9sistance-1.png\" alt=\"\" width=\"454\" height=\"268\" \/><\/p>\n<p class=\"p1\"><span class=\"s1\"><a href=\"https:\/\/dscvape.fr\/?product_cat=&amp;post_type=product&amp;s=INNOKIN\">Voir tous les produits INNOKIN sur le site\u00a0<\/a><\/span><\/p>\n<p class=\"p1\"><span class=\"s1\"><a href=\"http:\/\/www.innokin.fr\/\">Voir le site du fourisseur<\/a><\/span><\/p>\n","protected":false},"excerpt":{"rendered":"<p>Le clearomiseur Zenith de la marque INNOKIN est un produit MTL, c&#8217;est-\u00e0-dire qu&#8217;il produit une sensation proche de la cigarette traditionnelle. Vous avez l\u00e0 un clearomiseur simple qui plaira par son utilisation simplifi\u00e9 au maximum mais aussi par son esth\u00e9tique. D\u00e9couvrez cette magnifique collaboration entre Phil Busardo, Dimitris Agrafiotis, et Innokin qui donne vie \u00e0 un des meilleurs produits MTL sur le march\u00e9 actuellement. D\u00e9couvrez le dans le kit Kroma-A Zenith, associ\u00e9 \u00e0 une box qui vous garantie une vape toujours plus longue.<\/p>\n<p>&nbsp;<\/p>\n<p>PVC TTC (prix de vente conseill\u00e9 par le fabricant) : 26.90\u20ac<\/p>\n","protected":false},"featured_media":76753,"comment_status":"closed","ping_status":"closed","template":"","meta":[],"marques":[7484],"bundle_layout":"","bundled_by":[],"bundled_items":[],"supplier_id":null,"supplier_sku":"","atum_controlled":true,"out_stock_date":null,"out_stock_threshold":null,"inheritable":false,"inbound_stock":null,"stock_on_hold":null,"sold_today":null,"sales_last_days":null,"reserved_stock":null,"customer_returns":null,"warehouse_damage":null,"lost_in_post":null,"other_logs":null,"out_stock_days":null,"lost_sales":null,"has_location":null,"update_date":null,"atum_locations":[],"atum_stock_status":"instock","low_stock":false,"mi_inventories":[],"multi_inventory":null,"inventory_sorting_mode":null,"inventory_iteration":null,"expirable_inventories":null,"price_per_inventory":null,"_links":{"self":[{"href":"https:\/\/lesaintlaurentvape.com\/en\/wp-json\/wp\/v2\/product\/102437\/"}],"collection":[{"href":"https:\/\/lesaintlaurentvape.com\/en\/wp-json\/wp\/v2\/product\/"}],"about":[{"href":"https:\/\/lesaintlaurentvape.com\/en\/wp-json\/wp\/v2\/types\/product\/"}],"replies":[{"embeddable":true,"href":"https:\/\/lesaintlaurentvape.com\/en\/wp-json\/wp\/v2\/comments\/?post=102437"}],"wp:featuredmedia":[{"embeddable":true,"href":"https:\/\/lesaintlaurentvape.com\/en\/wp-json\/wp\/v2\/media\/76753\/"}],"wp:attachment":[{"href":"https:\/\/lesaintlaurentvape.com\/en\/wp-json\/wp\/v2\/media\/?parent=102437"}],"wp:term":[{"taxonomy":"marques","embeddable":true,"href":"https:\/\/lesaintlaurentvape.com\/en\/wp-json\/wp\/v2\/marques\/?post=102437"}],"curies":[{"name":"wp","href":"https:\/\/api.w.org\/{rel}","templated":true}]}}