{"id":102419,"date":"2019-08-01T17:16:31","date_gmt":"2019-08-01T15:16:31","guid":{"rendered":"https:\/\/lesaintlaurentvape.com\/produit\/innokin-jem-pen-kit\/"},"modified":"2020-10-31T21:00:32","modified_gmt":"2020-10-31T20:00:32","slug":"innokin-jem-pen-kit","status":"publish","type":"product","link":"https:\/\/lesaintlaurentvape.com\/en\/produit\/innokin-jem-pen-kit\/","title":{"rendered":"Innokin Jem Pen Kit"},"content":{"rendered":"<p><span style=\"color: #ffffff;\">Innokin Jem Pen Kit<\/span><\/p>\n<p style=\"text-align: center;\"><span style=\"font-size: 18pt;\">Description d\u00e9taill\u00e9e :<\/span><\/p>\n<p><a href=\"https:\/\/dscvape.fr\/wp-content\/uploads\/2019\/08\/Jem-Pen-desc-v2.png\"><img loading=\"lazy\" class=\"aligncenter size-full wp-image-11794\" src=\"https:\/\/dscvape.fr\/wp-content\/uploads\/2019\/08\/Jem-Pen-desc-v2.png\" alt=\"\" width=\"500\" height=\"400\" \/><\/a><\/p>\n<p style=\"text-align: center;\"><strong><span style=\"text-decoration: underline;\">Un appareil simple<\/span><\/strong><\/p>\n<p style=\"text-align: center;\">La Jem Pen, un appareil AIO (All In One) sans r\u00e9glage d&#8217;air flow et de puissance pour facilit\u00e9 sont utilisation au maximum. Le plus compliqu\u00e9 dans son utilisation c&#8217;est le remplissage et le changement de r\u00e9sistance, qui d\u2019ailleurs reste tr\u00e8s simple.<\/p>\n<p style=\"text-align: center;\">Pour remplir son appareil suivez les \u00e9tapes suivantes :<\/p>\n<ol>\n<li style=\"text-align: left;\">\u00a0D\u00e9vissez le top cap\/drip tip<\/li>\n<li>Remplissez le r\u00e9servoir de liquide sur les cot\u00e9s<\/li>\n<li>Refermer le r\u00e9servoir avec le top cap\/drip tip<\/li>\n<\/ol>\n<p><img loading=\"lazy\" class=\"wp-image-36082 aligncenter\" src=\"https:\/\/dscvape.com\/wp-content\/uploads\/2019\/08\/PHOTO-JEM-PEN-NOTICE-1-1.png\" alt=\"\" width=\"800\" height=\"258\" \/><\/p>\n<p style=\"text-align: left;\">Pour changer de r\u00e9sistance rien de plus simple :<\/p>\n<ol>\n<li>D\u00e9vissez le r\u00e9servoir (retournez votre appareil s&#8217;il vous reste du liquide)<\/li>\n<li>D\u00e9vissez la r\u00e9sistance us\u00e9e, installez une nouvelle r\u00e9sistance<\/li>\n<li>R\u00e9-assemblez votre r\u00e9servoir et votre box avec la r\u00e9sistance<\/li>\n<\/ol>\n<p>N&#8217;oubliez pas d&#8217;attendre 10-15 minutes avec du liquide apr\u00e8s chaque changement de r\u00e9sistance.<\/p>\n<p class=\"p1\"><span class=\"s1\"><a href=\"https:\/\/dscvape.fr\/?product_cat=&amp;post_type=product&amp;s=INNOKIN\">Voir tous les produits INNOKIN sur le site\u00a0<\/a><\/span><\/p>\n<p class=\"p1\"><span class=\"s1\"><a href=\"http:\/\/www.innokin.fr\/\">Voir le site du fournisseur<\/a><\/span><\/p>\n<p><span style=\"color: #ffffff;\">Innokin Jem Pen Kit<\/span><\/p>\n","protected":false},"excerpt":{"rendered":"<p>La Jem Pen, l&#8217;appareil AIO d&#8217;Innokin avec la r\u00e9sistance de son kit d\u00e9butant Jem. Plus fine que certain kit AIO du march\u00e9 mais avec toujours une contenance en liquide plus que raisonnable de 2 mL pour sa taille. Un appareil simple d&#8217;utilisation, pas d&#8217;airflow a r\u00e9gler et encore moins la puissance de l&#8217;appareil. Plus de risque de paum\u00e9 votre drip tip car elle fait office de top cap avec son nouveau design. Avec tous ceci une batterie de 1000 mAh. La charge de la batterie est affich\u00e9 par un syst\u00e8me de points au niveau du bouton fire.<\/p>\n<p>PVC TTC (prix conseill\u00e9 par la marque) : 26.90\u20ac<\/p>\n<p><a href=\"https:\/\/dscvape.com\/wp-content\/uploads\/2019\/08\/Innokin-Jem-Pen-Kit.pdf\">Innokin Jem Pen Kit<\/a><\/p>\n","protected":false},"featured_media":76731,"comment_status":"closed","ping_status":"closed","template":"","meta":[],"marques":[7484],"bundle_layout":"","bundled_by":[],"bundled_items":[],"supplier_id":null,"supplier_sku":"","atum_controlled":true,"out_stock_date":null,"out_stock_threshold":null,"inheritable":false,"inbound_stock":null,"stock_on_hold":null,"sold_today":null,"sales_last_days":null,"reserved_stock":null,"customer_returns":null,"warehouse_damage":null,"lost_in_post":null,"other_logs":null,"out_stock_days":null,"lost_sales":null,"has_location":null,"update_date":null,"atum_locations":[],"atum_stock_status":"instock","low_stock":false,"mi_inventories":[],"multi_inventory":null,"inventory_sorting_mode":null,"inventory_iteration":null,"expirable_inventories":null,"price_per_inventory":null,"_links":{"self":[{"href":"https:\/\/lesaintlaurentvape.com\/en\/wp-json\/wp\/v2\/product\/102419\/"}],"collection":[{"href":"https:\/\/lesaintlaurentvape.com\/en\/wp-json\/wp\/v2\/product\/"}],"about":[{"href":"https:\/\/lesaintlaurentvape.com\/en\/wp-json\/wp\/v2\/types\/product\/"}],"replies":[{"embeddable":true,"href":"https:\/\/lesaintlaurentvape.com\/en\/wp-json\/wp\/v2\/comments\/?post=102419"}],"wp:featuredmedia":[{"embeddable":true,"href":"https:\/\/lesaintlaurentvape.com\/en\/wp-json\/wp\/v2\/media\/76731\/"}],"wp:attachment":[{"href":"https:\/\/lesaintlaurentvape.com\/en\/wp-json\/wp\/v2\/media\/?parent=102419"}],"wp:term":[{"taxonomy":"marques","embeddable":true,"href":"https:\/\/lesaintlaurentvape.com\/en\/wp-json\/wp\/v2\/marques\/?post=102419"}],"curies":[{"name":"wp","href":"https:\/\/api.w.org\/{rel}","templated":true}]}}