{"id":102407,"date":"2019-08-01T16:39:34","date_gmt":"2019-08-01T14:39:34","guid":{"rendered":"https:\/\/lesaintlaurentvape.com\/produit\/innokin-adept-zenith-d24-4ml-kit\/"},"modified":"2020-10-31T21:00:10","modified_gmt":"2020-10-31T20:00:10","slug":"innokin-adept-zenith-d24-4ml-kit","status":"publish","type":"product","link":"https:\/\/lesaintlaurentvape.com\/en\/produit\/innokin-adept-zenith-d24-4ml-kit\/","title":{"rendered":"Innokin Adept Zenith D24 4ml Kit"},"content":{"rendered":"<p><span style=\"color: #ffffff;\">12Innokin Adept Zenith D24 4ml Kit<\/span><\/p>\n<p style=\"text-align: center;\"><strong><span style=\"font-size: 18pt;\">Description d\u00e9taill\u00e9e:<\/span><\/strong><\/p>\n<p><a href=\"https:\/\/dscvape.fr\/wp-content\/uploads\/2019\/08\/dept-kit-desc.png\"><img loading=\"lazy\" class=\"aligncenter size-full wp-image-11787\" src=\"https:\/\/dscvape.fr\/wp-content\/uploads\/2019\/08\/dept-kit-desc.png\" alt=\"\" width=\"500\" height=\"500\" \/><\/a><\/p>\n<p style=\"text-align: center;\"><strong><u>Un remplissage intelligent<\/u><\/strong><\/p>\n<p style=\"text-align: center;\">Innokin pr\u00e9sente le clearomiseur Zenith, une innovation dans les produits MTL. En effet, ce clearomiseur est con\u00e7u en collaboration entre Phil Busardo, Dimitris Agrafiotis, et Innokin. Ce produit a \u00e9t\u00e9 con\u00e7u pour l\u2019int\u00e9r\u00eat des consommateurs de produits MTL. Tout d\u2019abord nous avons ce remplissage d\u2019une simplicit\u00e9. Il suffit de tourner le top cap dans le sens de l\u2019ouverture indiqu\u00e9 sur celui-ci pour voir appara\u00eetre le trou d\u00e9di\u00e9 au remplissage. Ce syst\u00e8me simple mais surtout tr\u00e8s pratique vous \u00e9vitera les ouvertures accidentelles dans le sac etc.<\/p>\n<p style=\"text-align: center;\"><img loading=\"lazy\" class=\"aligncenter size-full wp-image-3441\" src=\"https:\/\/dscvape.fr\/wp-content\/uploads\/2018\/11\/Remplissage-zenith-1.png\" alt=\"\" width=\"959\" height=\"1186\" \/><\/p>\n<p style=\"text-align: center;\"><strong><u>Des r\u00e9sistances Plexus Z<\/u><\/strong><\/p>\n<p style=\"text-align: center;\">Innokin introduit les r\u00e9sistances Plexus Z en 0,5 ohm avec ce kit. D\u00fb \u00e0 une structure interne diff\u00e9rente, cette r\u00e9sistance permettrait une absorption uniforme du e-liquide gr\u00e2ce \u00e0 une surface de contact plus large. Permet une chauffe uniforme gr\u00e2ce \u00e0 un mat\u00e9riel toujours plus fin. Le tout permet une utilisation optimale qui permet de faire durer un peu plus la dur\u00e9e de vie de la r\u00e9sistance.<br \/>\nL\u2019installation de ces r\u00e9sistances se fit de mani\u00e8re tr\u00e8s simple, il suffit de deviser la bague d\u2019airflow situ\u00e9e sur le bas du clearomiseur pour avoir acc\u00e8s \u00e0 la r\u00e9sistance. Retournez le clearomiseur la t\u00eate vers le bas, et retirez la r\u00e9sistance sans avoir \u00e0 vider le liquide. Cette r\u00e9sistance se clipse et est tr\u00e8s simple \u00e0 installer. Attention, peu importe l\u2019appareil, il est tr\u00e8s important de faire l\u2019amor\u00e7age de la r\u00e9sistance. Rappel : Etant donn\u00e9 qu\u2019une r\u00e9sistance est compos\u00e9e de coton, lors de la premi\u00e8re utilisation (ou lorsque vous changez de r\u00e9sistance) celle-ci est compl\u00e8tement sec. Il faut donc laisser baigner la r\u00e9sistance dans le liquide apr\u00e8s le remplissage plusieurs minutes (environ 10-15min) pour \u00e9viter que celle-ci ne br\u00fble pr\u00e9matur\u00e9ment n\u2019\u00e9tant pas imbib\u00e9e de liquide lors que l\u2019appareil la chauffe.<\/p>\n<p><img loading=\"lazy\" class=\"aligncenter wp-image-3442\" src=\"https:\/\/dscvape.fr\/wp-content\/uploads\/2018\/11\/R\u00e9sistance-1.png\" alt=\"\" width=\"454\" height=\"268\" \/><\/p>\n<h4 style=\"text-align: center;\"><span style=\"text-decoration: underline;\"><strong>Une Box simple et r\u00e9sistant<\/strong><\/span><\/h4>\n<p>L&#8217;adept est con\u00e7u pour \u00eatre r\u00e9sistant au choc, \u00e0 la poussi\u00e8re et \u00e0 l&#8217;eau, parfait pour une utilisation sur des chantiers par exemple. Avec une batterie de 3000 mAh plus de probl\u00e8me de batterie pour la journ\u00e9e. En plus d&#8217;\u00eatre r\u00e9sistant a pleins de chose la box est \u00e9galement simple d&#8217;utilisation, en effet en fonction de la r\u00e9sistance install\u00e9e elle vous propose 2 plage de puissance :<\/p>\n<ol>\n<li>R\u00e9sistance &gt; 1.0 ohm : 11, 12, 13, 14 W<\/li>\n<li>R\u00e9sistance &lt; 1.0 ohm : 14, 15 ,16,17 W<\/li>\n<\/ol>\n<p>Pour r\u00e9gler votre appareil rien de plus simple que d&#8217;appuyer sur le bouton de r\u00e9glage, vous y verrez sur votre \u00e9cran des barres blanche indiquant la puissant. La charge de votre batterie est afficher\u00a0 sur l&#8217;\u00e9cran en fonction de la couleur de la petite icone de batterie sur l&#8217;\u00e9cran.<\/p>\n<table style=\"height: 39px;\" width=\"550\">\n<tbody>\n<tr>\n<td style=\"width: 176px; text-align: center;\"><span style=\"color: #ff0000;\">Rouge<\/span><\/td>\n<td style=\"width: 176px; text-align: center;\"><span style=\"color: #ff9900;\">Orange<\/span><\/td>\n<td style=\"width: 176px; text-align: center;\"><span style=\"color: #99cc00;\">Vert<\/span><\/td>\n<\/tr>\n<tr>\n<td style=\"width: 176px; text-align: center;\">0-20%<\/td>\n<td style=\"width: 176px; text-align: center;\">20-40%<\/td>\n<td style=\"width: 176px; text-align: center;\">60-100%<\/td>\n<\/tr>\n<\/tbody>\n<\/table>\n<p>&nbsp;<\/p>\n<p class=\"p1\"><span class=\"s1\"><a href=\"https:\/\/dscvape.fr\/?product_cat=&amp;post_type=product&amp;s=INNOKIN\">Voir tous les produits INNOKIN sur le site\u00a0<\/a><\/span><\/p>\n<p class=\"p1\"><span class=\"s1\"><a href=\"http:\/\/www.innokin.fr\/\">Voir le site du fourisseur<\/a><\/span><\/p>\n<p><span style=\"color: #ffffff;\">Cependant, alors, bien que, mais, alors, cependant, Cependant, alors, bien que, mais, alors, cependant. Cependant, alors, bien que, mais, alors, cependant, Cependant, alors, bien que, mais, alors, cependant. Mais, Cependant, alors, bien que, mais, alors, cependant\u00a0<\/span><\/p>\n","protected":false},"excerpt":{"rendered":"<p>D\u00e9couvrez le Kit Adept Zenith, avec sa nouvelle BOX Adept coupl\u00e9 \u00e0 la fameuse Z\u00e9nith. Une box sp\u00e9cialement con\u00e7u pour les r\u00e9sistances Z\u00e9nith Plexus, un <strong>syst\u00e8me de reconnaissance<\/strong> des r\u00e9sistance pour vous proposer diff\u00e9rent r\u00e9glages en Watt pour une utilisation <strong>simple et efficace<\/strong>. L&#8217;Adept est \u00e9galement une box <strong>r\u00e9sistance au choc et \u00e0 la poussier et water proof IP67<\/strong>. Une batterie de 3000 mAh pour vapoter tout au long de la journ\u00e9e. Quant \u00e0 la Z\u00e9nith un classique dans le monde du MTL, un mode de remplissage simple en tournant le top Cap et une installation de la r\u00e9sistance tout aussi intuitif par le bas du clearomiseur.<\/p>\n<p>PVT TTC par la marque : 69.90\u20ac<\/p>\n<p><a href=\"https:\/\/dscvape.fr\/wp-content\/uploads\/2019\/08\/Aide-\u00e0-la-vente-INNOKIN-Adept.pdf\">T\u00e9l\u00e9chargez-moi pour une aide \u00e0 la vente INNOKIN Adept<\/a><\/p>\n","protected":false},"featured_media":76717,"comment_status":"closed","ping_status":"closed","template":"","meta":[],"marques":[7484],"bundle_layout":"","bundled_by":[],"bundled_items":[],"supplier_id":null,"supplier_sku":"","atum_controlled":true,"out_stock_date":null,"out_stock_threshold":null,"inheritable":false,"inbound_stock":null,"stock_on_hold":null,"sold_today":null,"sales_last_days":null,"reserved_stock":null,"customer_returns":null,"warehouse_damage":null,"lost_in_post":null,"other_logs":null,"out_stock_days":null,"lost_sales":null,"has_location":null,"update_date":null,"atum_locations":[],"atum_stock_status":"instock","low_stock":false,"mi_inventories":[],"multi_inventory":null,"inventory_sorting_mode":null,"inventory_iteration":null,"expirable_inventories":null,"price_per_inventory":null,"_links":{"self":[{"href":"https:\/\/lesaintlaurentvape.com\/en\/wp-json\/wp\/v2\/product\/102407\/"}],"collection":[{"href":"https:\/\/lesaintlaurentvape.com\/en\/wp-json\/wp\/v2\/product\/"}],"about":[{"href":"https:\/\/lesaintlaurentvape.com\/en\/wp-json\/wp\/v2\/types\/product\/"}],"replies":[{"embeddable":true,"href":"https:\/\/lesaintlaurentvape.com\/en\/wp-json\/wp\/v2\/comments\/?post=102407"}],"wp:featuredmedia":[{"embeddable":true,"href":"https:\/\/lesaintlaurentvape.com\/en\/wp-json\/wp\/v2\/media\/76717\/"}],"wp:attachment":[{"href":"https:\/\/lesaintlaurentvape.com\/en\/wp-json\/wp\/v2\/media\/?parent=102407"}],"wp:term":[{"taxonomy":"marques","embeddable":true,"href":"https:\/\/lesaintlaurentvape.com\/en\/wp-json\/wp\/v2\/marques\/?post=102407"}],"curies":[{"name":"wp","href":"https:\/\/api.w.org\/{rel}","templated":true}]}}