{"id":102402,"date":"2019-08-01T16:30:02","date_gmt":"2019-08-01T14:30:02","guid":{"rendered":"https:\/\/lesaintlaurentvape.com\/produit\/innokin-clearomiseur-zlide\/"},"modified":"2020-10-31T20:59:58","modified_gmt":"2020-10-31T19:59:58","slug":"innokin-clearomiseur-zlide","status":"publish","type":"product","link":"https:\/\/lesaintlaurentvape.com\/en\/produit\/innokin-clearomiseur-zlide\/","title":{"rendered":"Innokin Clearomiseur Zlide D22"},"content":{"rendered":"<p><span style=\"color: #ffffff;\">Innokin Clearomiseur Zlide<\/span><\/p>\n<p style=\"text-align: center;\"><span style=\"font-size: 18pt;\">Description D\u00e9taill\u00e9e:<\/span><\/p>\n<p><a href=\"https:\/\/dscvape.fr\/wp-content\/uploads\/2019\/08\/Zlide-desc.png\"><img loading=\"lazy\" class=\"aligncenter wp-image-11768 size-full\" src=\"https:\/\/dscvape.fr\/wp-content\/uploads\/2019\/08\/Zlide-desc.png\" alt=\"Innokin Clearomiseur Zlide\" width=\"800\" height=\"400\" \/><\/a><\/p>\n<p style=\"text-align: center;\"><strong><span style=\"text-decoration: underline;\">Un remplissage simple et s\u00e9curis\u00e9<\/span><\/strong><\/p>\n<p style=\"text-align: center;\">Innokin Change son syst\u00e8me de remplissage pour un syst\u00e8me toujours simple mais plus s\u00e9curis\u00e9 vis \u00e0 vis des enfants et ainsi \u00e9vit\u00e9 tous incident. Pour remplir votre clearomiseur ils vous suffit de :<\/p>\n<ol>\n<li>Retirer le drip tip<\/li>\n<li>Faire glisser en poussant dans la direction des fl\u00e8ches pr\u00e9sent sur la partie coulissante<\/li>\n<li>Remplir votre clearomiseur de liquide<\/li>\n<li>Refermer en poussant dans l&#8217;autre direction la partie coulissante<\/li>\n<li>Replacer votre drip tip pour ainsi bloquer la partie coulissante du syst\u00e8me<\/li>\n<\/ol>\n<p><img loading=\"lazy\" class=\"aligncenter size-full wp-image-26240\" src=\"https:\/\/dscvape.fr\/wp-content\/uploads\/2019\/08\/Kroma-R-Zlide-remplissage-2.png\" alt=\"\" width=\"453\" height=\"588\" \/><\/p>\n<p style=\"text-align: center;\"><strong><span style=\"text-decoration: underline;\">R\u00e9sistance<\/span><\/strong><\/p>\n<p>Pour la Zlide, Innokin utilise les r\u00e9sistances Plexus Z de la Z\u00e9nith que vous connaissez en plus de sa nouvel r\u00e9sistance z-PLEX3D pour pouvoir \u00eatre utiliser par tous type de consommateur. Le syst\u00e8me de changement de r\u00e9sistance est elle identique \u00e0 la Zenith :<\/p>\n<ol>\n<li>D\u00e9visser le bottom cap<\/li>\n<li>Retirer la r\u00e9sistance us\u00e9e a l&#8217;aide du pas de vis<\/li>\n<li>Ins\u00e9rer une nouvelle r\u00e9sistance de sorte a ce qu&#8217;elle soit parfaitement embo\u00eet\u00e9 au clearomiseur<\/li>\n<li>Visser le bottom cap du clearomiseur (N&#8217;oublier pas d&#8217;attendre 10 \u00e0 15 minutes)<\/li>\n<\/ol>\n<p>&nbsp;<\/p>\n<p class=\"p1\"><span class=\"s1\"><a href=\"https:\/\/dscvape.fr\/?product_cat=&amp;post_type=product&amp;s=INNOKIN\">Voir tous les produits INNOKIN sur le site\u00a0<\/a><\/span><\/p>\n<p class=\"p1\"><span class=\"s1\"><a href=\"http:\/\/www.innokin.fr\/\">Voir le site du fournisseur<\/a><\/span><\/p>\n<p><span style=\"color: #ffffff;\">Innokin Clearomiseur Zlide<\/span><\/p>\n","protected":false},"excerpt":{"rendered":"<p>Le Zlide Tank pr\u00e9sent\u00e9 par Innokin, un nouveau produit cr\u00e9e en collaboration avec Phil Busardo et Dimitris Agrafiotis. Un clearomiseur MTL, compatible avec les r\u00e9sistances de la Z\u00e9nith les Plexus Z pour retrouver tous le plaisir de la vape serr\u00e9. Mais pas que, en effet innokin sort sa nouvel r\u00e9sistance z-PLEX3D en 0.48 ohm pour satisfaire tous le monde en terme de fum\u00e9. Un nouveau syst\u00e8me de remplissage par rapport a la Z\u00e9nith se rajoute au Zlide, un syst\u00e8me coulissant avec une s\u00e9curit\u00e9 suppl\u00e9mentaire avec leur nouveaux Drip Tip sp\u00e9cialement con\u00e7u. Le pyrex est \u00e9galement rempla\u00e7able a l&#8217;instar de la Z\u00e9nith.<\/p>\n<p>Prix de vente minimum conseill\u00e9 en magasin physique: 24.90\u20acTTC (prix donn\u00e9 par le fabricant INNOKIN)<\/p>\n","protected":false},"featured_media":76707,"comment_status":"closed","ping_status":"closed","template":"","meta":[],"marques":[7484],"bundle_layout":"","bundled_by":[],"bundled_items":[],"supplier_id":null,"supplier_sku":"","atum_controlled":true,"out_stock_date":null,"out_stock_threshold":null,"inheritable":false,"inbound_stock":null,"stock_on_hold":null,"sold_today":null,"sales_last_days":null,"reserved_stock":null,"customer_returns":null,"warehouse_damage":null,"lost_in_post":null,"other_logs":null,"out_stock_days":null,"lost_sales":null,"has_location":null,"update_date":null,"atum_locations":[],"atum_stock_status":"instock","low_stock":false,"mi_inventories":[],"multi_inventory":null,"inventory_sorting_mode":null,"inventory_iteration":null,"expirable_inventories":null,"price_per_inventory":null,"_links":{"self":[{"href":"https:\/\/lesaintlaurentvape.com\/en\/wp-json\/wp\/v2\/product\/102402\/"}],"collection":[{"href":"https:\/\/lesaintlaurentvape.com\/en\/wp-json\/wp\/v2\/product\/"}],"about":[{"href":"https:\/\/lesaintlaurentvape.com\/en\/wp-json\/wp\/v2\/types\/product\/"}],"replies":[{"embeddable":true,"href":"https:\/\/lesaintlaurentvape.com\/en\/wp-json\/wp\/v2\/comments\/?post=102402"}],"wp:featuredmedia":[{"embeddable":true,"href":"https:\/\/lesaintlaurentvape.com\/en\/wp-json\/wp\/v2\/media\/76707\/"}],"wp:attachment":[{"href":"https:\/\/lesaintlaurentvape.com\/en\/wp-json\/wp\/v2\/media\/?parent=102402"}],"wp:term":[{"taxonomy":"marques","embeddable":true,"href":"https:\/\/lesaintlaurentvape.com\/en\/wp-json\/wp\/v2\/marques\/?post=102402"}],"curies":[{"name":"wp","href":"https:\/\/api.w.org\/{rel}","templated":true}]}}