{"id":102397,"date":"2019-08-01T16:05:26","date_gmt":"2019-08-01T14:05:26","guid":{"rendered":"https:\/\/lesaintlaurentvape.com\/produit\/innokin-zlide-drip-tip\/"},"modified":"2020-10-31T20:59:46","modified_gmt":"2020-10-31T19:59:46","slug":"innokin-zlide-drip-tip","status":"publish","type":"product","link":"https:\/\/lesaintlaurentvape.com\/en\/produit\/innokin-zlide-drip-tip\/","title":{"rendered":"Innokin Zlide Drip tip"},"content":{"rendered":"<p><span style=\"color: #ffffff;\">Innokin Zlide Drip tip<\/span><br \/>\nNouveau Drip Tip de la marque Innokin, con\u00e7u pour la Zlide et son nouveau syst\u00e8me de s\u00e9curit\u00e9.<\/p>\n<p class=\"p1\"><span class=\"s1\"><a href=\"https:\/\/dscvape.fr\/?product_cat=&amp;post_type=product&amp;s=INNOKIN\">Voir tous les produits INNOKIN sur le site\u00a0<\/a><\/span><\/p>\n<p class=\"p1\"><span class=\"s1\"><a href=\"http:\/\/www.innokin.fr\/\">Voir le site du fourisseur<\/a><\/span><\/p>\n","protected":false},"excerpt":{"rendered":"<p>Innokin Zlide Drip tip Nouveau Drip Tip de la marque Innokin, con\u00e7u pour la Zlide et son nouveau syst\u00e8me de s\u00e9curit\u00e9. Voir tous les produits INNOKIN sur le site\u00a0 Voir le site du fourisseur<\/p>\n","protected":false},"featured_media":76695,"comment_status":"closed","ping_status":"closed","template":"","meta":[],"marques":[],"bundle_layout":"","bundled_by":[],"bundled_items":[],"supplier_id":null,"supplier_sku":"","atum_controlled":true,"out_stock_date":null,"out_stock_threshold":null,"inheritable":false,"inbound_stock":null,"stock_on_hold":null,"sold_today":null,"sales_last_days":null,"reserved_stock":null,"customer_returns":null,"warehouse_damage":null,"lost_in_post":null,"other_logs":null,"out_stock_days":null,"lost_sales":null,"has_location":null,"update_date":null,"atum_locations":[],"atum_stock_status":"instock","low_stock":false,"mi_inventories":[],"multi_inventory":null,"inventory_sorting_mode":null,"inventory_iteration":null,"expirable_inventories":null,"price_per_inventory":null,"_links":{"self":[{"href":"https:\/\/lesaintlaurentvape.com\/en\/wp-json\/wp\/v2\/product\/102397\/"}],"collection":[{"href":"https:\/\/lesaintlaurentvape.com\/en\/wp-json\/wp\/v2\/product\/"}],"about":[{"href":"https:\/\/lesaintlaurentvape.com\/en\/wp-json\/wp\/v2\/types\/product\/"}],"replies":[{"embeddable":true,"href":"https:\/\/lesaintlaurentvape.com\/en\/wp-json\/wp\/v2\/comments\/?post=102397"}],"wp:featuredmedia":[{"embeddable":true,"href":"https:\/\/lesaintlaurentvape.com\/en\/wp-json\/wp\/v2\/media\/76695\/"}],"wp:attachment":[{"href":"https:\/\/lesaintlaurentvape.com\/en\/wp-json\/wp\/v2\/media\/?parent=102397"}],"wp:term":[{"taxonomy":"marques","embeddable":true,"href":"https:\/\/lesaintlaurentvape.com\/en\/wp-json\/wp\/v2\/marques\/?post=102397"}],"curies":[{"name":"wp","href":"https:\/\/api.w.org\/{rel}","templated":true}]}}