{"id":102396,"date":"2019-08-01T15:33:07","date_gmt":"2019-08-01T13:33:07","guid":{"rendered":"https:\/\/lesaintlaurentvape.com\/produit\/vaporesso-mod-target-mini-ii\/"},"modified":"2020-10-31T21:13:20","modified_gmt":"2020-10-31T20:13:20","slug":"vaporesso-mod-target-mini-ii","status":"publish","type":"product","link":"https:\/\/lesaintlaurentvape.com\/en\/produit\/vaporesso-mod-target-mini-ii\/","title":{"rendered":"Vaporesso Mod Target Mini II"},"content":{"rendered":"<p><span style=\"color: #ffffff;\">Vaporesso Mod Target Mini II<\/span><\/p>\n<p style=\"text-align: center;\"><span style=\"font-size: 18pt;\">Description d\u00e9taill\u00e9e :<\/span><\/p>\n<p><a href=\"https:\/\/dscvape.fr\/wp-content\/uploads\/2019\/08\/Target-mini-2-desc-v2-2.png\"><img loading=\"lazy\" class=\"aligncenter size-full wp-image-11836\" src=\"https:\/\/dscvape.fr\/wp-content\/uploads\/2019\/08\/Target-mini-2-desc-v2-2.png\" alt=\"\" width=\"700\" height=\"350\" \/><\/a><\/p>\n<p style=\"text-align: center;\"><strong><span style=\"text-decoration: underline;\">Une box petite mais puissante<\/span><\/strong><\/p>\n<p style=\"text-align: center;\">La box Target mini 2 poss\u00e8de une batterie de 2000 mAh, pour un usage durant toute la journ\u00e9e. R\u00e9glable jusqu&#8217;\u00e0 une puissance maximal de 50 W elle fera plaisir a tous le monde. Elle propose \u00e9galement plusieurs mode de r\u00e9glage le watt, le contr\u00f4le de temp\u00e9rature et le mode Bypass.<\/p>\n<p class=\"p1\"><span class=\"s1\"><a href=\"https:\/\/dscvape.fr\/product-brands\/vaporesso\/\">Voir tous les produits Vaporesso sur le site<\/a><\/span><\/p>\n<p class=\"p1\"><span class=\"s1\"><a href=\"https:\/\/www.vaporesso.com\/\">Voir le site du fournisseur<\/a><\/span><\/p>\n","protected":false},"excerpt":{"rendered":"<p>Petite mais puissante, la target mini 2 mod avec une puissance de 50 W elle est pr\u00eat \u00e0 \u00eatre utiliser avec une grande partie des clearomiseurs du march\u00e9. Elle poss\u00e8de une batterie de 2000 mAh, ce qui est une tr\u00e8s bonne capacit\u00e9 de batterie pour une box de cette taille. Avec ces diff\u00e9rents mode de r\u00e9glage elle saura plaire \u00e0 tous type de profil.<\/p>\n<p>Petite et l\u00e9g\u00e8re, elle se range facilement dans votre poche ou votre sac, parfait pour ceux qui ne veulent pas une box voyant et encombrant.<\/p>\n","protected":false},"featured_media":76685,"comment_status":"closed","ping_status":"closed","template":"","meta":[],"marques":[7545],"bundle_layout":"","bundled_by":[],"bundled_items":[],"supplier_id":null,"supplier_sku":"","atum_controlled":true,"out_stock_date":null,"out_stock_threshold":null,"inheritable":false,"inbound_stock":null,"stock_on_hold":null,"sold_today":null,"sales_last_days":null,"reserved_stock":null,"customer_returns":null,"warehouse_damage":null,"lost_in_post":null,"other_logs":null,"out_stock_days":null,"lost_sales":null,"has_location":null,"update_date":null,"atum_locations":[],"atum_stock_status":"instock","low_stock":false,"mi_inventories":[],"multi_inventory":null,"inventory_sorting_mode":null,"inventory_iteration":null,"expirable_inventories":null,"price_per_inventory":null,"_links":{"self":[{"href":"https:\/\/lesaintlaurentvape.com\/en\/wp-json\/wp\/v2\/product\/102396\/"}],"collection":[{"href":"https:\/\/lesaintlaurentvape.com\/en\/wp-json\/wp\/v2\/product\/"}],"about":[{"href":"https:\/\/lesaintlaurentvape.com\/en\/wp-json\/wp\/v2\/types\/product\/"}],"replies":[{"embeddable":true,"href":"https:\/\/lesaintlaurentvape.com\/en\/wp-json\/wp\/v2\/comments\/?post=102396"}],"wp:featuredmedia":[{"embeddable":true,"href":"https:\/\/lesaintlaurentvape.com\/en\/wp-json\/wp\/v2\/media\/76685\/"}],"wp:attachment":[{"href":"https:\/\/lesaintlaurentvape.com\/en\/wp-json\/wp\/v2\/media\/?parent=102396"}],"wp:term":[{"taxonomy":"marques","embeddable":true,"href":"https:\/\/lesaintlaurentvape.com\/en\/wp-json\/wp\/v2\/marques\/?post=102396"}],"curies":[{"name":"wp","href":"https:\/\/api.w.org\/{rel}","templated":true}]}}