{"id":102395,"date":"2019-08-01T15:14:16","date_gmt":"2019-08-01T13:14:16","guid":{"rendered":"https:\/\/lesaintlaurentvape.com\/produit\/vaporesso-kit-target-mini-ii\/"},"modified":"2020-10-31T21:08:24","modified_gmt":"2020-10-31T20:08:24","slug":"vaporesso-kit-target-mini-ii","status":"publish","type":"product","link":"https:\/\/lesaintlaurentvape.com\/en\/produit\/vaporesso-kit-target-mini-ii\/","title":{"rendered":"Vaporesso &#8211; Target Mini II Kit"},"content":{"rendered":"<p><span style=\"color: #ffffff;\">Vaporesso Kit Target Mini II<\/span><\/p>\n<h2 style=\"text-align: center;\"><b>DESCRIPTION D\u00c9TAILL\u00c9E:<\/b><\/h2>\n<p><a href=\"https:\/\/dscvape.fr\/wp-content\/uploads\/2019\/08\/Target-mini-2-desc-v2.png\"><img loading=\"lazy\" class=\"aligncenter size-full wp-image-11726\" src=\"https:\/\/dscvape.fr\/wp-content\/uploads\/2019\/08\/Target-mini-2-desc-v2.png\" alt=\"\" width=\"425\" height=\"474\" \/><\/a><\/p>\n<p style=\"text-align: center;\"><strong><span style=\"text-decoration: underline;\">Une box petite mais puissante<\/span><\/strong><\/p>\n<p style=\"text-align: center;\">La box Target mini 2 poss\u00e8de une batterie de 2000 mAh, pour un usage durant toute la journ\u00e9e. R\u00e9glable jusqu&#8217;\u00e0 une puissance maximal de 50 W elle fera plaisir a tous le monde. Elle propose \u00e9galement plusieurs mode de r\u00e9glage le watt, le contr\u00f4le de temp\u00e9rature et le mode Bypass.<\/p>\n<p style=\"text-align: center;\"><span style=\"text-decoration: underline; font-size: 12pt;\"><strong>Un clearomiseur pour tout le monde<\/strong><\/span><\/p>\n<p style=\"text-align: center;\">Un clearomiseur classique, retrouvez sur le VM 22 Tank un syst\u00e8me de remplissage par le haut en d\u00e9vissant le top cap et l&#8217;airflow au niveau du bottom cap. Avec ces r\u00e9sistances EUC Meshed et CCell alli\u00e9es \u00e0 sa box elle vous permettra tous types d&#8217;inhalation, c&#8217;est-\u00e0-dire directe et indirecte. Pour changer de r\u00e9sistance rien de plus simple, d\u00e9vissez le bottom cap, retirez la r\u00e9sistance us\u00e9e en tirant simplement dessus puis r\u00e9ins\u00e9rez une nouvelle \u00e0 la m\u00eame place.<\/p>\n<p class=\"p1\"><span class=\"s1\"><a href=\"https:\/\/dscvape.fr\/product-brands\/vaporesso\/\">Voir tous les produits Vaporesso sur le site<\/a><\/span><\/p>\n<p class=\"p1\"><span class=\"s1\"><a href=\"https:\/\/www.vaporesso.com\/\">Voir le site du fournisseur<\/a><\/span><\/p>\n<h2><span style=\"color: #ffffff;\">Vaporesso Kit Target Mini II<\/span><\/h2>\n","protected":false},"excerpt":{"rendered":"<p>D\u00e9couvrez le nouveau kit de la marque VAPORESSO, le kit Target Mini 2.<\/p>\n<p>Toujours sur le m\u00eame concept que la <strong><a href=\"https:\/\/dscvape.fr\/produit\/target-mini-starter-kit\/\"><span style=\"text-decoration: underline;\">Target<\/span><span style=\"text-decoration: underline;\"> mini<\/span><\/a>,<\/strong> on retrouve ici un appareil compacte et ergonomique. Le kit est compos\u00e9 de la VM tank 22 avec la box target mini 2 d&#8217;une puissance max de <strong>50 W<\/strong> et d&#8217;une batterie de <strong>2000 mAh<\/strong>. Pour satisfaire tous les types de vapes la box vous propose plusieurs mode de r\u00e9glages comme le <strong>watt<\/strong>, le <strong>contr\u00f4le de temp\u00e9rature<\/strong>, ainsi que le mode <strong>bypass<\/strong>. Le clearomiseur avec une contenance de <strong>2 mL<\/strong> s&#8217;utilise avec les r\u00e9sistances <strong>EUC meshed (0.6 ohm)<\/strong> et <strong>ccell (1.0 ohm)<\/strong> de vaporesso pour de l\u2019inhalation <strong>directe<\/strong> et <strong>indirecte.<\/strong><\/p>\n<p>Petit, l\u00e9ger et complet, le kit peux satisfaire les d\u00e9butants et les v\u00e9t\u00e9rans de la vape.<\/p>\n<p>PVC TTC : 62.90\u20ac<\/p>\n<p><a href=\"https:\/\/dscvape.fr\/wp-content\/uploads\/2019\/08\/Aide-\u00e0-la-vente-Vaporesso-Target-mini-2.pdf\">Aide \u00e0 la vente Vaporesso Target mini 2<\/a><\/p>\n","protected":false},"featured_media":76673,"comment_status":"closed","ping_status":"closed","template":"","meta":[],"marques":[7545],"bundle_layout":"","bundled_by":[],"bundled_items":[],"supplier_id":null,"supplier_sku":"","atum_controlled":true,"out_stock_date":null,"out_stock_threshold":null,"inheritable":false,"inbound_stock":null,"stock_on_hold":null,"sold_today":null,"sales_last_days":null,"reserved_stock":null,"customer_returns":null,"warehouse_damage":null,"lost_in_post":null,"other_logs":null,"out_stock_days":null,"lost_sales":null,"has_location":null,"update_date":null,"atum_locations":[],"atum_stock_status":"instock","low_stock":false,"mi_inventories":[],"multi_inventory":null,"inventory_sorting_mode":null,"inventory_iteration":null,"expirable_inventories":null,"price_per_inventory":null,"_links":{"self":[{"href":"https:\/\/lesaintlaurentvape.com\/en\/wp-json\/wp\/v2\/product\/102395\/"}],"collection":[{"href":"https:\/\/lesaintlaurentvape.com\/en\/wp-json\/wp\/v2\/product\/"}],"about":[{"href":"https:\/\/lesaintlaurentvape.com\/en\/wp-json\/wp\/v2\/types\/product\/"}],"replies":[{"embeddable":true,"href":"https:\/\/lesaintlaurentvape.com\/en\/wp-json\/wp\/v2\/comments\/?post=102395"}],"wp:featuredmedia":[{"embeddable":true,"href":"https:\/\/lesaintlaurentvape.com\/en\/wp-json\/wp\/v2\/media\/76673\/"}],"wp:attachment":[{"href":"https:\/\/lesaintlaurentvape.com\/en\/wp-json\/wp\/v2\/media\/?parent=102395"}],"wp:term":[{"taxonomy":"marques","embeddable":true,"href":"https:\/\/lesaintlaurentvape.com\/en\/wp-json\/wp\/v2\/marques\/?post=102395"}],"curies":[{"name":"wp","href":"https:\/\/api.w.org\/{rel}","templated":true}]}}