{"id":102394,"date":"2019-08-01T14:20:48","date_gmt":"2019-08-01T12:20:48","guid":{"rendered":"https:\/\/lesaintlaurentvape.com\/produit\/vaporesso-gen-mod\/"},"modified":"2020-10-31T21:18:07","modified_gmt":"2020-10-31T20:18:07","slug":"vaporesso-gen-mod","status":"publish","type":"product","link":"https:\/\/lesaintlaurentvape.com\/en\/produit\/vaporesso-gen-mod\/","title":{"rendered":"Vaporesso Gen mod"},"content":{"rendered":"<p><span style=\"color: #ffffff;\">Vaporesso Gen mod<\/span><\/p>\n<p style=\"text-align: center;\"><span style=\"font-size: 18pt;\">Description d\u00e9taill\u00e9e :<\/span><\/p>\n<p><a href=\"https:\/\/dscvape.fr\/wp-content\/uploads\/2019\/08\/Gen-box-desc-v2.png\"><img loading=\"lazy\" class=\"aligncenter size-full wp-image-11736\" src=\"https:\/\/dscvape.fr\/wp-content\/uploads\/2019\/08\/Gen-box-desc-v2.png\" alt=\"\" width=\"400\" height=\"300\" \/><\/a><\/p>\n<p style=\"text-align: center;\"><strong><span style=\"text-decoration: underline;\">Une Box plus simple<\/span><\/strong><\/p>\n<p style=\"text-align: center;\">La Gen Mod est peut \u00eatre plus simple d&#8217;utilisation mais Vaporesso vous propose tout de m\u00eame diff\u00e9rents modes de r\u00e9glages sur sa nouvelle box sur un affichage plus simple de compr\u00e9hension. Vous y retrouverez\u00a0 le mode Pulse ( Watt ), le contr\u00f4le de temp\u00e9rature simplifi\u00e9, le mode \u00e9co\u00a0 et le DIY mode ( watt, volt, bypass, superplayer &#8230;). Avec ces finitions arrondies, une bonne tenue en main est de mise. La Gen Mod fabriqu\u00e9e en plastique permet d&#8217;obtenir une box plus l\u00e9g\u00e8re tout en ayant une solidit\u00e9 remarquable. Capable de contenir deux accus 18650, elle vous permettra de vapoter tout au long de la journ\u00e9e.<\/p>\n<p class=\"p1\"><span class=\"s1\"><a href=\"https:\/\/dscvape.fr\/product-brands\/vaporesso\/\">Voir tous les produits Vaporesso sur le site<\/a><\/span><\/p>\n<p class=\"p1\"><span class=\"s1\"><a href=\"https:\/\/www.vaporesso.com\/\">Voir le site du fournisseur<\/a><\/span><\/p>\n","protected":false},"excerpt":{"rendered":"<p>La Gen Mod, une box Vaporesso \u00e0 double accus ergonomiques, plus simple d&#8217;utilisation, plus intuitive, plus l\u00e9g\u00e8re et tout aussi puissant avec ses 220 W de puissance maximale. Une interface plus simple avec tout de m\u00eame diff\u00e9rents modes tels que le r\u00e9glage de watt, le r\u00e9glage de temp\u00e9rature, un mode \u00e9conomique pour user moins de batterie et un mode DIY pour les v\u00e9t\u00e9rans de la vape.<\/p>\n","protected":false},"featured_media":76661,"comment_status":"closed","ping_status":"closed","template":"","meta":[],"marques":[7545],"bundle_layout":"","bundled_by":[],"bundled_items":[],"supplier_id":null,"supplier_sku":"","atum_controlled":true,"out_stock_date":null,"out_stock_threshold":null,"inheritable":false,"inbound_stock":null,"stock_on_hold":null,"sold_today":null,"sales_last_days":null,"reserved_stock":null,"customer_returns":null,"warehouse_damage":null,"lost_in_post":null,"other_logs":null,"out_stock_days":null,"lost_sales":null,"has_location":null,"update_date":null,"atum_locations":[],"atum_stock_status":"instock","low_stock":false,"mi_inventories":[],"multi_inventory":null,"inventory_sorting_mode":null,"inventory_iteration":null,"expirable_inventories":null,"price_per_inventory":null,"_links":{"self":[{"href":"https:\/\/lesaintlaurentvape.com\/en\/wp-json\/wp\/v2\/product\/102394\/"}],"collection":[{"href":"https:\/\/lesaintlaurentvape.com\/en\/wp-json\/wp\/v2\/product\/"}],"about":[{"href":"https:\/\/lesaintlaurentvape.com\/en\/wp-json\/wp\/v2\/types\/product\/"}],"replies":[{"embeddable":true,"href":"https:\/\/lesaintlaurentvape.com\/en\/wp-json\/wp\/v2\/comments\/?post=102394"}],"wp:featuredmedia":[{"embeddable":true,"href":"https:\/\/lesaintlaurentvape.com\/en\/wp-json\/wp\/v2\/media\/76661\/"}],"wp:attachment":[{"href":"https:\/\/lesaintlaurentvape.com\/en\/wp-json\/wp\/v2\/media\/?parent=102394"}],"wp:term":[{"taxonomy":"marques","embeddable":true,"href":"https:\/\/lesaintlaurentvape.com\/en\/wp-json\/wp\/v2\/marques\/?post=102394"}],"curies":[{"name":"wp","href":"https:\/\/api.w.org\/{rel}","templated":true}]}}