{"id":102393,"date":"2019-08-01T13:19:23","date_gmt":"2019-08-01T11:19:23","guid":{"rendered":"https:\/\/lesaintlaurentvape.com\/produit\/vaporesso-gen-kit\/"},"modified":"2020-10-31T21:13:15","modified_gmt":"2020-10-31T20:13:15","slug":"vaporesso-gen-kit","status":"publish","type":"product","link":"https:\/\/lesaintlaurentvape.com\/en\/produit\/vaporesso-gen-kit\/","title":{"rendered":"Vaporesso &#8211; GEN Kit"},"content":{"rendered":"<p><span style=\"color: #ffffff;\">Vaporesso GEN Kit<\/span><\/p>\n<p style=\"text-align: center;\"><span style=\"font-size: 18pt;\"><strong><span style=\"text-decoration: underline;\">Description d\u00e9taill\u00e9e:<\/span><\/strong><\/span><\/p>\n<p><a href=\"https:\/\/dscvape.fr\/wp-content\/uploads\/2019\/08\/Gen-Kit-Desc-v2.png\"><img loading=\"lazy\" class=\"aligncenter size-full wp-image-11730\" src=\"https:\/\/dscvape.fr\/wp-content\/uploads\/2019\/08\/Gen-Kit-Desc-v2.png\" alt=\"\" width=\"500\" height=\"500\" \/><\/a><\/p>\n<p style=\"text-align: center;\"><strong><span style=\"text-decoration: underline;\">Une Box plus simple<\/span><\/strong><\/p>\n<p style=\"text-align: center;\">La Gen Mod est peut \u00eatre plus simple d&#8217;utilisation mais Vaporesso vous propose tout de m\u00eame diff\u00e9rents modes de r\u00e9glages sur sa nouvelle box sur un affichage plus simple de compr\u00e9hension. Vous y retrouverez\u00a0 le mode Pulse ( Watt ), le contr\u00f4le de temp\u00e9rature simplifi\u00e9, le mode \u00e9co\u00a0 et le DIY mode ( Watt, Volt, Bypass, Superplayer &#8230;). Avec ces finitions arrondies, une bonne tenue en main est de mise. La Gen Mod fabriqu\u00e9e en un mat\u00e9riau d&#8217;une solidit\u00e9 remarquable est \u00e0 la fois l\u00e9g\u00e8re et anti-traces. Capable de contenir deux accus 18650, elle vous permettra de vapoter tout au long de la journ\u00e9e.<\/p>\n<p style=\"text-align: center;\"><strong><span style=\"text-decoration: underline;\">Skrr-s Tank<\/span><\/strong><\/p>\n<p style=\"text-align: center;\">La Skrr-S Tank fournit dans le kit a une contenance de 8 ml (pr\u00e9-install\u00e9) ou 5 ml en fonction du pyrex utilis\u00e9, tous deux fournis dans le kit. Utilis\u00e9 avec les QF Meshed 0.2 ohm (pr\u00e9-install\u00e9e) et QF Strip 0.15 ohm, il vous permettra de faire des nuages de fum\u00e9e \u00e0 la fois dense et cons\u00e9quente. Egalement compatible avec les r\u00e9sistances GT Core, GT CCell et GT Mesh.<\/p>\n<p style=\"text-align: center;\">Le remplissage se fait par le haut, il vous suffit de :<\/p>\n<ol>\n<li>Devissez le top cap<\/li>\n<li>Remplir votre clearomiseur de e-liquide<\/li>\n<li>Refermez votre clearomiseur en revissant le top cap<\/li>\n<\/ol>\n<p><a href=\"https:\/\/dscvape.fr\/wp-content\/uploads\/2019\/08\/Remplissage.png\"><img loading=\"lazy\" class=\"aligncenter size-full wp-image-11759\" src=\"https:\/\/dscvape.fr\/wp-content\/uploads\/2019\/08\/Remplissage.png\" alt=\"\" width=\"1240\" height=\"400\" \/><\/a><\/p>\n<p style=\"text-align: center;\">Le changement de r\u00e9sistance se fait quant \u00e0 lui par le bas du clearomiseur :<\/p>\n<ol>\n<li>D\u00e9vissez le bottom cap (<strong><span style=\"text-decoration: underline;\">Attention,<\/span>\u00a0<\/strong>s&#8217;il vous reste du liquide dans votre clearomiseur retourner votre clearomiseur avant d&#8217;effectuer la manipulation ou videz le n\u00e9cessaire s&#8217;il est trop plein)<\/li>\n<li>D\u00e9vissez la r\u00e9sistance us\u00e9e puis r\u00e9installez une nouvelle r\u00e9sistance<\/li>\n<li>Refermez votre clearomiseur (Ne pas oublier d&#8217;attendre 10 \u00e0 15 minutes avec du liquide pour l\u2019amor\u00e7age de la r\u00e9sistance)<\/li>\n<\/ol>\n<p>&nbsp;<\/p>\n<p class=\"p1\"><span class=\"s1\"><a href=\"https:\/\/dscvape.fr\/product-brands\/vaporesso\/\">Voir tous les produits Vaporesso sur le site<\/a><\/span><\/p>\n<p class=\"p1\"><span class=\"s1\"><a href=\"https:\/\/www.vaporesso.com\/\">Voir le site du fournisseur<\/a><\/span><\/p>\n","protected":false},"excerpt":{"rendered":"<p>D\u00e9couvrez le kit Gen, un <strong>kit DL<\/strong> de Vaporesso <strong>plus simple<\/strong> d&#8217;utilisation que ses pr\u00e9d\u00e9cesseurs de son type tels que la Revenger ou la Luxe. Vaporesso vous propose de d\u00e9couvrir sa nouvelle box \u00e0 <strong>double accus 18650<\/strong> (non fournis dans le kit) et son Chipset AXON avec ses diff\u00e9rents r\u00e9glages propos\u00e9s. Pouvant monter jusqu&#8217;\u00e0<strong> 220 W<\/strong> de puissance maximale, il vous promet des nuages de fum\u00e9es cons\u00e9quents. Comme avec la Luxe, le clearomiseur SKRR-S et ses 8 mL de contenance sont de partie. Avec les deux r\u00e9sistances fournies( <a href=\"https:\/\/dscvape.fr\/produit\/vaporesso-qf-coils\/\"><strong><span style=\"text-decoration: underline;\">QF Strip 0.15 ohm et QF Mesh 0.20 ohm<\/span><\/strong><\/a>) vous \u00eates pr\u00eat \u00e0 \u00e9pater votre entourage.<\/p>\n<p>Compatible avec les r\u00e9sistances<span style=\"text-decoration: underline;\"><strong> <a href=\"https:\/\/dscvape.fr\/produit\/gt-coils-for-cascade-tank\/\">GT Core, GT CCell et GT Mesh<\/a><\/strong><\/span>.<\/p>\n<p>PVC TTC : 76.90\u20ac<\/p>\n<p><a href=\"https:\/\/dscvape.fr\/wp-content\/uploads\/2019\/08\/Aide-\u00e0-la-vente-Vaporesso-GEN.pdf\">Aide \u00e0 la vente Vaporesso GEN<\/a><\/p>\n","protected":false},"featured_media":76645,"comment_status":"closed","ping_status":"closed","template":"","meta":[],"marques":[7545],"bundle_layout":"","bundled_by":[],"bundled_items":[],"supplier_id":null,"supplier_sku":"","atum_controlled":true,"out_stock_date":null,"out_stock_threshold":null,"inheritable":false,"inbound_stock":null,"stock_on_hold":null,"sold_today":null,"sales_last_days":null,"reserved_stock":null,"customer_returns":null,"warehouse_damage":null,"lost_in_post":null,"other_logs":null,"out_stock_days":null,"lost_sales":null,"has_location":null,"update_date":null,"atum_locations":[],"atum_stock_status":"instock","low_stock":false,"mi_inventories":[],"multi_inventory":null,"inventory_sorting_mode":null,"inventory_iteration":null,"expirable_inventories":null,"price_per_inventory":null,"_links":{"self":[{"href":"https:\/\/lesaintlaurentvape.com\/en\/wp-json\/wp\/v2\/product\/102393\/"}],"collection":[{"href":"https:\/\/lesaintlaurentvape.com\/en\/wp-json\/wp\/v2\/product\/"}],"about":[{"href":"https:\/\/lesaintlaurentvape.com\/en\/wp-json\/wp\/v2\/types\/product\/"}],"replies":[{"embeddable":true,"href":"https:\/\/lesaintlaurentvape.com\/en\/wp-json\/wp\/v2\/comments\/?post=102393"}],"wp:featuredmedia":[{"embeddable":true,"href":"https:\/\/lesaintlaurentvape.com\/en\/wp-json\/wp\/v2\/media\/76645\/"}],"wp:attachment":[{"href":"https:\/\/lesaintlaurentvape.com\/en\/wp-json\/wp\/v2\/media\/?parent=102393"}],"wp:term":[{"taxonomy":"marques","embeddable":true,"href":"https:\/\/lesaintlaurentvape.com\/en\/wp-json\/wp\/v2\/marques\/?post=102393"}],"curies":[{"name":"wp","href":"https:\/\/api.w.org\/{rel}","templated":true}]}}