{"id":102388,"date":"2019-07-31T10:04:05","date_gmt":"2019-07-31T08:04:05","guid":{"rendered":"https:\/\/lesaintlaurentvape.com\/produit\/innokin-box-kroma-a\/"},"modified":"2020-10-31T20:59:37","modified_gmt":"2020-10-31T19:59:37","slug":"innokin-box-kroma-a","status":"publish","type":"product","link":"https:\/\/lesaintlaurentvape.com\/en\/produit\/innokin-box-kroma-a\/","title":{"rendered":"Innokin &#8211; Box Kroma-A"},"content":{"rendered":"<p><span style=\"color: #ffffff;\">Innokin &#8211; Box Kroma-A<\/span><a href=\"https:\/\/dscvape.fr\/wp-content\/uploads\/2019\/07\/box-kroma-a-v2.png\"><img loading=\"lazy\" class=\"aligncenter size-full wp-image-11548\" src=\"https:\/\/dscvape.fr\/wp-content\/uploads\/2019\/07\/box-kroma-a-v2.png\" alt=\"\" width=\"1344\" height=\"809\" \/><\/a><\/p>\n<p style=\"text-align: center;\"><strong><u>Une batterie simple d\u2019utilisation<\/u><\/strong><\/p>\n<p style=\"text-align: center;\">Pour allumer l\u2019appareil, il vous suffira de faire 3 cliques rapides sur le bouton fire. Cette batterie poss\u00e8de une capacit\u00e9 de 2000 mAh. Ce qui vous garantie une autonomie qui vous tiendra la journ\u00e9e.La box permet le mode contr\u00f4le de temp\u00e9rature pour ceux qui cherchent une vape modulable.<br \/>\nAussi un indicateur lumineux est install\u00e9 autour du bouton fire.<\/p>\n<p class=\"p1\"><span class=\"s1\"><a href=\"https:\/\/dscvape.fr\/?product_cat=&amp;post_type=product&amp;s=INNOKIN\">Voir tous les produits INNOKIN sur le site\u00a0<\/a><\/span><\/p>\n<p class=\"p1\"><span class=\"s1\"><a href=\"http:\/\/www.innokin.fr\/\">Voir le site du fourisseur<\/a><\/span><\/p>\n<p><span style=\"color: #ffffff;\">Cependant, alors,\u00a0<\/span><\/p>\n","protected":false},"excerpt":{"rendered":"<p>Avec sa plage de puissance allant de 1 W \u00e0 75 W la box Kroma-A convient au amateur de vape MTL et DL. Le contr\u00f4le de temp\u00e9rature se rajoute au syst\u00e8me pour ainsi obtenir une box plus compl\u00e8te. Sa batterie de 2000 mAh vous garantie une autonomie suffisante pour la journ\u00e9e, notamment pour les vapoteurs MTL.<\/p>\n<p>PVC TTC (prix conseill\u00e9 par la marque) : 44.90\u20ac<\/p>\n<p>Egalement vendue en <a href=\"https:\/\/dscvape.fr\/produit\/innokin-kroma-a\/\"><span style=\"text-decoration: underline;\"><strong>kit<\/strong><\/span><\/a> avec la <span style=\"text-decoration: underline;\"><strong><a href=\"https:\/\/dscvape.fr\/produit\/innokin-clearomiseur-zenith\/\">Zenith<\/a>\u00a0<\/strong><\/span> et l&#8217;Isub B.<\/p>\n","protected":false},"featured_media":76633,"comment_status":"closed","ping_status":"closed","template":"","meta":[],"marques":[],"bundle_layout":"","bundled_by":[],"bundled_items":[],"supplier_id":null,"supplier_sku":"","atum_controlled":true,"out_stock_date":null,"out_stock_threshold":null,"inheritable":false,"inbound_stock":null,"stock_on_hold":null,"sold_today":null,"sales_last_days":null,"reserved_stock":null,"customer_returns":null,"warehouse_damage":null,"lost_in_post":null,"other_logs":null,"out_stock_days":null,"lost_sales":null,"has_location":null,"update_date":null,"atum_locations":[],"atum_stock_status":"instock","low_stock":false,"mi_inventories":[],"multi_inventory":null,"inventory_sorting_mode":null,"inventory_iteration":null,"expirable_inventories":null,"price_per_inventory":null,"_links":{"self":[{"href":"https:\/\/lesaintlaurentvape.com\/en\/wp-json\/wp\/v2\/product\/102388\/"}],"collection":[{"href":"https:\/\/lesaintlaurentvape.com\/en\/wp-json\/wp\/v2\/product\/"}],"about":[{"href":"https:\/\/lesaintlaurentvape.com\/en\/wp-json\/wp\/v2\/types\/product\/"}],"replies":[{"embeddable":true,"href":"https:\/\/lesaintlaurentvape.com\/en\/wp-json\/wp\/v2\/comments\/?post=102388"}],"wp:featuredmedia":[{"embeddable":true,"href":"https:\/\/lesaintlaurentvape.com\/en\/wp-json\/wp\/v2\/media\/76633\/"}],"wp:attachment":[{"href":"https:\/\/lesaintlaurentvape.com\/en\/wp-json\/wp\/v2\/media\/?parent=102388"}],"wp:term":[{"taxonomy":"marques","embeddable":true,"href":"https:\/\/lesaintlaurentvape.com\/en\/wp-json\/wp\/v2\/marques\/?post=102388"}],"curies":[{"name":"wp","href":"https:\/\/api.w.org\/{rel}","templated":true}]}}