{"id":102369,"date":"2019-07-13T12:28:46","date_gmt":"2019-07-13T10:28:46","guid":{"rendered":"https:\/\/lesaintlaurentvape.com\/produit\/justfog-clearomiseur-q16-pro\/"},"modified":"2020-10-31T21:18:51","modified_gmt":"2020-10-31T20:18:51","slug":"justfog-clearomiseur-q16-pro","status":"publish","type":"product","link":"https:\/\/lesaintlaurentvape.com\/en\/produit\/justfog-clearomiseur-q16-pro\/","title":{"rendered":"Justfog Clearomiseur Q16 pro"},"content":{"rendered":"<p>Le clearomiseur Q16 pro est pr\u00e9sent\u00e9 par la marque Justfog.\u00a0 Contrairement au clearomiseur de la Q16 celui du Q16 pro se remplit par le haut, rendant le remplissage plus simple. En effet le tirage serr\u00e9 et le hit sont pr\u00e9sents et petit bonus, l\u2019airflow est modulable. Avec une r\u00e9sistance en 1,6 ohm pr\u00e9-install\u00e9e, vous allez pouvoir utiliser des e-liquides fortement concentr\u00e9es en nicotine. Id\u00e9ale pour ceux qui cherchent \u00e0 se sevrer de la nicotine. \u00c0 tester aussi avec les sels de nicotine.<\/p>\n<p class=\"p1\"><span class=\"s1\"><a href=\"https:\/\/dscvape.fr\/product-brands\/justfog\/\">D&#8217;autres articles sur notre site<\/a><\/span><\/p>\n<p><a href=\"http:\/\/www.justfog.com\/\">Le site du fournisseur<\/a><\/p>\n","protected":false},"excerpt":{"rendered":"<p>Le clearomiseur Q16 pro est pr\u00e9sent\u00e9 par la marque Justfog.<\/p>\n<p>Un clearomiseur anti-fuite pour vous garantir une vape dans le confort.<\/p>\n<p>Existe en noir, silver, bleu et rose<\/p>\n<p>&nbsp;<\/p>\n","protected":false},"featured_media":76593,"comment_status":"closed","ping_status":"closed","template":"","meta":[],"marques":[7568],"bundle_layout":"","bundled_by":["103022","103021"],"bundled_items":[],"supplier_id":null,"supplier_sku":"","atum_controlled":true,"out_stock_date":"2020-10-31T18:59:11","out_stock_threshold":null,"inheritable":false,"inbound_stock":null,"stock_on_hold":0,"sold_today":0,"sales_last_days":0,"reserved_stock":null,"customer_returns":null,"warehouse_damage":null,"lost_in_post":null,"other_logs":null,"out_stock_days":1983,"lost_sales":0,"has_location":null,"update_date":"2026-04-06T22:36:48","atum_locations":[],"atum_stock_status":"outofstock","low_stock":false,"mi_inventories":[],"multi_inventory":null,"inventory_sorting_mode":null,"inventory_iteration":null,"expirable_inventories":null,"price_per_inventory":null,"_links":{"self":[{"href":"https:\/\/lesaintlaurentvape.com\/en\/wp-json\/wp\/v2\/product\/102369\/"}],"collection":[{"href":"https:\/\/lesaintlaurentvape.com\/en\/wp-json\/wp\/v2\/product\/"}],"about":[{"href":"https:\/\/lesaintlaurentvape.com\/en\/wp-json\/wp\/v2\/types\/product\/"}],"replies":[{"embeddable":true,"href":"https:\/\/lesaintlaurentvape.com\/en\/wp-json\/wp\/v2\/comments\/?post=102369"}],"wp:featuredmedia":[{"embeddable":true,"href":"https:\/\/lesaintlaurentvape.com\/en\/wp-json\/wp\/v2\/media\/76593\/"}],"wp:attachment":[{"href":"https:\/\/lesaintlaurentvape.com\/en\/wp-json\/wp\/v2\/media\/?parent=102369"}],"wp:term":[{"taxonomy":"marques","embeddable":true,"href":"https:\/\/lesaintlaurentvape.com\/en\/wp-json\/wp\/v2\/marques\/?post=102369"}],"curies":[{"name":"wp","href":"https:\/\/api.w.org\/{rel}","templated":true}]}}